{"id":691325,"date":"2025-08-27T13:57:56","date_gmt":"2025-08-27T10:57:56","guid":{"rendered":"https:\/\/roveyayinevi.com.tr\/index.php\/urun\/matematik-ve-korku\/"},"modified":"2026-04-16T02:00:49","modified_gmt":"2026-04-15T23:00:49","slug":"matematik-ve-korku","status":"publish","type":"product","link":"https:\/\/roveyayinevi.com.tr\/index.php\/urun\/matematik-ve-korku\/","title":{"rendered":"Matematik ve Korku"},"content":{"rendered":"<p>Bu kitab\u0131n matematik korkusunu yenece\u011fi inanc\u0131 (ne yaz\u0131k ki) do\u011fru de\u011fil. Matematikten korkmamak i\u00e7in \u00f6b\u00fcr kitaplar\u0131m\u0131 da okumal\u0131s\u0131n\u0131z. Anlamad\u0131\u011f\u0131n\u0131z yaz\u0131lar\u0131 atlayarak&#8230; Bir ya da iki yaz\u0131y\u0131 anlamaman\u0131z hi\u00e7 \u00f6nemli de\u011fil&#8230; D\u00fcnyan\u0131n sonu de\u011fil ya! Ben de her matematik yaz\u0131s\u0131n\u0131 (hatta \u00e7o\u011funu) anlayamam. Ama ilginizi \u00e7eken yaz\u0131lar\u0131 anlamaya \u00e7al\u0131\u015f\u0131n, hatta yaz\u0131n\u0131n tamam\u0131n\u0131 okumadan, kendi kendinize anlamaya \u00e7al\u0131\u015f\u0131n. Yaz\u0131da sorulan soruyu illa \u00e7\u00f6zebilmek gerekmez. Ama\u00e7, d\u00fc\u015f\u00fcnerek, \u00e7al\u0131\u015farak, dirsek \u00e7\u00fcr\u00fcterek mutlu olunabilece\u011fini, e\u011flenilebilece\u011fini g\u00f6stermek. E\u011flenmek i\u00e7in illa kahkaha ya da g\u00f6bek atmak gerekmez! Kimileyin ciddi bir i\u015f yaparak da e\u011flenilebilir. Matematik, her\u015fey gibi, ancak emek verildik\u00e7e sevilir. \u00d6nemli olan \u00e7al\u0131\u015fmak, emek vermek. Gerisi kendili\u011finden gelir. \ufffcTan\u0131t\u0131m Metni<\/p>\n","protected":false},"excerpt":{"rendered":"<p>Bu kitab\u0131n matematik korkusunu yenece\u011fi inanc\u0131 (ne yaz\u0131k ki) do\u011fru de\u011fil. Matematikten korkmamak i\u00e7in \u00f6b\u00fcr kitaplar\u0131m\u0131 da okumal\u0131s\u0131n\u0131z. Anlamad\u0131\u011f\u0131n\u0131z yaz\u0131lar\u0131 atlayarak&#8230; Bir ya da iki yaz\u0131y\u0131<span class=\"excerpt-hellip\"> [\u2026]<\/span><\/p>\n","protected":false},"featured_media":0,"template":"","meta":{"_monsterinsights_skip_tracking":false,"_monsterinsights_sitenote_active":false,"_monsterinsights_sitenote_note":"","_monsterinsights_sitenote_category":0},"product_brand":[],"product_cat":[13005,13006],"product_tag":[],"class_list":{"0":"post-691325","1":"product","2":"type-product","3":"status-publish","5":"product_cat-bilim-muhendislik","6":"product_cat-populer-bilim","7":"pa_cilt-ciltsiz","8":"pa_tur-kitap","9":"pa_yayinevi-nesin-yayinlari","10":"pa_yazar-ali-nesin","12":"first","13":"instock","14":"sale","15":"shipping-taxable","16":"purchasable","17":"product-type-simple"},"_links":{"self":[{"href":"https:\/\/roveyayinevi.com.tr\/index.php\/wp-json\/wp\/v2\/product\/691325","targetHints":{"allow":["GET"]}}],"collection":[{"href":"https:\/\/roveyayinevi.com.tr\/index.php\/wp-json\/wp\/v2\/product"}],"about":[{"href":"https:\/\/roveyayinevi.com.tr\/index.php\/wp-json\/wp\/v2\/types\/product"}],"wp:attachment":[{"href":"https:\/\/roveyayinevi.com.tr\/index.php\/wp-json\/wp\/v2\/media?parent=691325"}],"wp:term":[{"taxonomy":"product_brand","embeddable":true,"href":"https:\/\/roveyayinevi.com.tr\/index.php\/wp-json\/wp\/v2\/product_brand?post=691325"},{"taxonomy":"product_cat","embeddable":true,"href":"https:\/\/roveyayinevi.com.tr\/index.php\/wp-json\/wp\/v2\/product_cat?post=691325"},{"taxonomy":"product_tag","embeddable":true,"href":"https:\/\/roveyayinevi.com.tr\/index.php\/wp-json\/wp\/v2\/product_tag?post=691325"}],"curies":[{"name":"wp","href":"https:\/\/api.w.org\/{rel}","templated":true}]}}