{"id":691320,"date":"2025-08-27T13:57:55","date_gmt":"2025-08-27T10:57:55","guid":{"rendered":"https:\/\/roveyayinevi.com.tr\/index.php\/urun\/kiymetini-bil-herseyin\/"},"modified":"2026-04-16T02:00:49","modified_gmt":"2026-04-15T23:00:49","slug":"kiymetini-bil-herseyin","status":"publish","type":"product","link":"https:\/\/roveyayinevi.com.tr\/index.php\/urun\/kiymetini-bil-herseyin\/","title":{"rendered":"K\u0131ymetini Bil Her\u015feyin"},"content":{"rendered":"<p>John Berger\u2019\u0131n 11 Eyl\u00fcl\u2019den Irak Sava\u015f\u0131\u2019na, Filistin\u2019den Katrina felaketine, N\u00e2z\u0131m Hikmet\u2019ten Pasolini\u2019ye bir\u00e7ok siyasal soruna ve sanat\u00e7\u0131ya ili\u015fkin duygu ve d\u00fc\u015f\u00fcncelerini dile getirdi\u011fi yaz\u0131lar\u0131ndan olu\u015fan bir kitap K\u0131ymetini Bil Her\u015feyin. \u0130\u00e7tenli\u011fini yans\u0131tan zarif bir sadelikle kaleme ald\u0131\u011f\u0131 bu yaz\u0131larla John Berger bizi d\u00fcnyaya adil, m\u00fc\u015ffik, ama en \u00f6nemlisi g\u00f6ren g\u00f6zlerle bakmaya davet ediyor. \ufffc<\/p>\n","protected":false},"excerpt":{"rendered":"<p>John Berger\u2019\u0131n 11 Eyl\u00fcl\u2019den Irak Sava\u015f\u0131\u2019na, Filistin\u2019den Katrina felaketine, N\u00e2z\u0131m Hikmet\u2019ten Pasolini\u2019ye bir\u00e7ok siyasal soruna ve sanat\u00e7\u0131ya ili\u015fkin duygu ve d\u00fc\u015f\u00fcncelerini dile getirdi\u011fi yaz\u0131lar\u0131ndan olu\u015fan bir<span class=\"excerpt-hellip\"> [\u2026]<\/span><\/p>\n","protected":false},"featured_media":0,"template":"","meta":{"_monsterinsights_skip_tracking":false,"_monsterinsights_sitenote_active":false,"_monsterinsights_sitenote_note":"","_monsterinsights_sitenote_category":0},"product_brand":[],"product_cat":[12291,12866],"product_tag":[],"class_list":{"0":"post-691320","1":"product","2":"type-product","3":"status-publish","5":"product_cat-edebiyat","6":"product_cat-ingiliz-edebiyati","7":"pa_cilt-ciltsiz","8":"pa_tur-kitap","9":"pa_yayinevi-metis-yayinlari","10":"pa_yazar-john-berger","12":"first","13":"instock","14":"sale","15":"shipping-taxable","16":"purchasable","17":"product-type-simple"},"_links":{"self":[{"href":"https:\/\/roveyayinevi.com.tr\/index.php\/wp-json\/wp\/v2\/product\/691320","targetHints":{"allow":["GET"]}}],"collection":[{"href":"https:\/\/roveyayinevi.com.tr\/index.php\/wp-json\/wp\/v2\/product"}],"about":[{"href":"https:\/\/roveyayinevi.com.tr\/index.php\/wp-json\/wp\/v2\/types\/product"}],"wp:attachment":[{"href":"https:\/\/roveyayinevi.com.tr\/index.php\/wp-json\/wp\/v2\/media?parent=691320"}],"wp:term":[{"taxonomy":"product_brand","embeddable":true,"href":"https:\/\/roveyayinevi.com.tr\/index.php\/wp-json\/wp\/v2\/product_brand?post=691320"},{"taxonomy":"product_cat","embeddable":true,"href":"https:\/\/roveyayinevi.com.tr\/index.php\/wp-json\/wp\/v2\/product_cat?post=691320"},{"taxonomy":"product_tag","embeddable":true,"href":"https:\/\/roveyayinevi.com.tr\/index.php\/wp-json\/wp\/v2\/product_tag?post=691320"}],"curies":[{"name":"wp","href":"https:\/\/api.w.org\/{rel}","templated":true}]}}