{"id":691318,"date":"2025-08-27T13:57:54","date_gmt":"2025-08-27T10:57:54","guid":{"rendered":"https:\/\/roveyayinevi.com.tr\/index.php\/urun\/ezanla-dirilis\/"},"modified":"2026-04-16T02:00:49","modified_gmt":"2026-04-15T23:00:49","slug":"ezanla-dirilis","status":"publish","type":"product","link":"https:\/\/roveyayinevi.com.tr\/index.php\/urun\/ezanla-dirilis\/","title":{"rendered":"Ezanla Dirili\u015f"},"content":{"rendered":"<p>Bu kitapta, insan\u0131 hayrete d\u00fc\u015f\u00fcren, ibret dolu, ya\u015fanm\u0131\u015f bir namaz ser\u00fcveni anlat\u0131lmaktad\u0131r. Ezanla Dirili\u015f , mafya liderlerini ele verdi\u011fi i\u00e7in \u00fclkesinden ka\u00e7arak T\u00fcrkiye\u2019de bir otele s\u0131\u011f\u0131nan bir Alman kad\u0131n\u0131n ger\u00e7ek \u00f6yk\u00fcs\u00fcd\u00fcr. \u00d6ld\u00fcr\u00fclme korkusuyla bunal\u0131ma girdi\u011fi bir anda, ezan\u0131n gizemli b\u00fcy\u00fcs\u00fc ne kap\u0131larak hayat\u0131n\u0131n nas\u0131l de\u011fi\u015fti\u011fini anlatmaktad\u0131r. Korkunun, deh\u015fetin ve \u00fcmidin kol kola nefesleri kesti\u011fi bu kitapta, ezanla dirili\u015f e, namazla \u015fahlan\u0131\u015f a \u015fahit olacaks\u0131n\u0131z. Kitap bitti\u011finde \u00e7ok \u015feylerin de\u011fi\u015fti\u011fini g\u00f6receksiniz. Dayanabilen y\u00fcreklere&#8230; \ufffcTan\u0131t\u0131m Metni<\/p>\n","protected":false},"excerpt":{"rendered":"<p>Bu kitapta, insan\u0131 hayrete d\u00fc\u015f\u00fcren, ibret dolu, ya\u015fanm\u0131\u015f bir namaz ser\u00fcveni anlat\u0131lmaktad\u0131r. Ezanla Dirili\u015f , mafya liderlerini ele verdi\u011fi i\u00e7in \u00fclkesinden ka\u00e7arak T\u00fcrkiye\u2019de bir otele s\u0131\u011f\u0131nan<span class=\"excerpt-hellip\"> [\u2026]<\/span><\/p>\n","protected":false},"featured_media":0,"template":"","meta":{"_monsterinsights_skip_tracking":false,"_monsterinsights_sitenote_active":false,"_monsterinsights_sitenote_note":"","_monsterinsights_sitenote_category":0},"product_brand":[],"product_cat":[16789,12718,12719],"product_tag":[],"class_list":{"0":"post-691318","1":"product","2":"type-product","3":"status-publish","5":"product_cat-diger-islam","6":"product_cat-din","7":"product_cat-islam","8":"pa_cilt-ciltsiz","9":"pa_tur-kitap","10":"pa_yayinevi-nesil-yayinlari","11":"pa_yazar-halit-ertugrul","13":"first","14":"instock","15":"sale","16":"shipping-taxable","17":"purchasable","18":"product-type-simple"},"_links":{"self":[{"href":"https:\/\/roveyayinevi.com.tr\/index.php\/wp-json\/wp\/v2\/product\/691318","targetHints":{"allow":["GET"]}}],"collection":[{"href":"https:\/\/roveyayinevi.com.tr\/index.php\/wp-json\/wp\/v2\/product"}],"about":[{"href":"https:\/\/roveyayinevi.com.tr\/index.php\/wp-json\/wp\/v2\/types\/product"}],"wp:attachment":[{"href":"https:\/\/roveyayinevi.com.tr\/index.php\/wp-json\/wp\/v2\/media?parent=691318"}],"wp:term":[{"taxonomy":"product_brand","embeddable":true,"href":"https:\/\/roveyayinevi.com.tr\/index.php\/wp-json\/wp\/v2\/product_brand?post=691318"},{"taxonomy":"product_cat","embeddable":true,"href":"https:\/\/roveyayinevi.com.tr\/index.php\/wp-json\/wp\/v2\/product_cat?post=691318"},{"taxonomy":"product_tag","embeddable":true,"href":"https:\/\/roveyayinevi.com.tr\/index.php\/wp-json\/wp\/v2\/product_tag?post=691318"}],"curies":[{"name":"wp","href":"https:\/\/api.w.org\/{rel}","templated":true}]}}