{"id":691317,"date":"2025-08-27T13:57:54","date_gmt":"2025-08-27T10:57:54","guid":{"rendered":"https:\/\/roveyayinevi.com.tr\/index.php\/urun\/esma-ile-yakaris\/"},"modified":"2026-04-16T02:00:49","modified_gmt":"2026-04-15T23:00:49","slug":"esma-ile-yakaris","status":"publish","type":"product","link":"https:\/\/roveyayinevi.com.tr\/index.php\/urun\/esma-ile-yakaris\/","title":{"rendered":"Esma ile Yakar\u0131\u015f"},"content":{"rendered":"<p>\u00c2lemde Hakk\u0131 bilmenin bir d\u00fczeyi olan esma talimi, Kur\u2019\u00e2n\u2019da, \u00c2dem\u2019e (aleyhisselam) \u00f6\u011fretildi\u011fi beyan buyurulan il\u00e2h\u00ee bir eylemdir. Hak, bu \u00e2lemde, s\u0131fatlar\u0131yla, isimleriyle ve fiilleriyle tecelli eder. Fiilleriyle tecellisi, olup biten her\u015feyi Haktan bilmeyi sonu\u00e7 verir. <\/p>\n","protected":false},"excerpt":{"rendered":"<p>\u00c2lemde Hakk\u0131 bilmenin bir d\u00fczeyi olan esma talimi, Kur\u2019\u00e2n\u2019da, \u00c2dem\u2019e (aleyhisselam) \u00f6\u011fretildi\u011fi beyan buyurulan il\u00e2h\u00ee bir eylemdir. Hak, bu \u00e2lemde, s\u0131fatlar\u0131yla, isimleriyle ve fiilleriyle tecelli eder.<span class=\"excerpt-hellip\"> [\u2026]<\/span><\/p>\n","protected":false},"featured_media":0,"template":"","meta":{"_monsterinsights_skip_tracking":false,"_monsterinsights_sitenote_active":false,"_monsterinsights_sitenote_note":"","_monsterinsights_sitenote_category":0},"product_brand":[],"product_cat":[16789,12718,12719],"product_tag":[],"class_list":{"0":"post-691317","1":"product","2":"type-product","3":"status-publish","5":"product_cat-diger-islam","6":"product_cat-din","7":"product_cat-islam","8":"pa_tur-kitap","9":"pa_yayinevi-nesil-yayinlari","10":"pa_yazar-meryem-aybike-sinan","12":"first","13":"instock","14":"sale","15":"shipping-taxable","16":"purchasable","17":"product-type-simple"},"_links":{"self":[{"href":"https:\/\/roveyayinevi.com.tr\/index.php\/wp-json\/wp\/v2\/product\/691317","targetHints":{"allow":["GET"]}}],"collection":[{"href":"https:\/\/roveyayinevi.com.tr\/index.php\/wp-json\/wp\/v2\/product"}],"about":[{"href":"https:\/\/roveyayinevi.com.tr\/index.php\/wp-json\/wp\/v2\/types\/product"}],"wp:attachment":[{"href":"https:\/\/roveyayinevi.com.tr\/index.php\/wp-json\/wp\/v2\/media?parent=691317"}],"wp:term":[{"taxonomy":"product_brand","embeddable":true,"href":"https:\/\/roveyayinevi.com.tr\/index.php\/wp-json\/wp\/v2\/product_brand?post=691317"},{"taxonomy":"product_cat","embeddable":true,"href":"https:\/\/roveyayinevi.com.tr\/index.php\/wp-json\/wp\/v2\/product_cat?post=691317"},{"taxonomy":"product_tag","embeddable":true,"href":"https:\/\/roveyayinevi.com.tr\/index.php\/wp-json\/wp\/v2\/product_tag?post=691317"}],"curies":[{"name":"wp","href":"https:\/\/api.w.org\/{rel}","templated":true}]}}