{"id":691313,"date":"2025-08-27T13:57:54","date_gmt":"2025-08-27T10:57:54","guid":{"rendered":"https:\/\/roveyayinevi.com.tr\/index.php\/urun\/bazi-yazlar-uzaktan-gecer\/"},"modified":"2026-04-11T13:19:55","modified_gmt":"2026-04-11T10:19:55","slug":"bazi-yazlar-uzaktan-gecer","status":"publish","type":"product","link":"https:\/\/roveyayinevi.com.tr\/index.php\/urun\/bazi-yazlar-uzaktan-gecer\/","title":{"rendered":"Baz\u0131 Yazlar Uzaktan Ge\u00e7er"},"content":{"rendered":"<p>Murathan Mungan son olarak Aral\u0131k 2008&#8217;de yay\u0131mlanan Da\u011f kitab\u0131yla okurlar\u0131 ile bulu\u015fmu\u015ftu. Baz\u0131 Yazlar Uzaktan Ge\u00e7er Mungan&#8217;\u0131n yeni \u015fiir kitab\u0131. \ufffcTan\u0131t\u0131m Metni<\/p>\n","protected":false},"excerpt":{"rendered":"<p>Murathan Mungan son olarak Aral\u0131k 2008&#8217;de yay\u0131mlanan Da\u011f kitab\u0131yla okurlar\u0131 ile bulu\u015fmu\u015ftu. Baz\u0131 Yazlar Uzaktan Ge\u00e7er Mungan&#8217;\u0131n yeni \u015fiir kitab\u0131. \ufffcTan\u0131t\u0131m Metni<\/p>\n","protected":false},"featured_media":0,"template":"","meta":{"_monsterinsights_skip_tracking":false,"_monsterinsights_sitenote_active":false,"_monsterinsights_sitenote_note":"","_monsterinsights_sitenote_category":0},"product_brand":[],"product_cat":[12291,12509],"product_tag":[],"class_list":{"0":"post-691313","1":"product","2":"type-product","3":"status-publish","5":"product_cat-edebiyat","6":"product_cat-siir","7":"pa_cilt-ciltsiz","8":"pa_tur-kitap","9":"pa_yayinevi-metis-yayinlari","10":"pa_yazar-murathan-mungan","12":"first","13":"instock","14":"sale","15":"shipping-taxable","16":"purchasable","17":"product-type-simple"},"_links":{"self":[{"href":"https:\/\/roveyayinevi.com.tr\/index.php\/wp-json\/wp\/v2\/product\/691313","targetHints":{"allow":["GET"]}}],"collection":[{"href":"https:\/\/roveyayinevi.com.tr\/index.php\/wp-json\/wp\/v2\/product"}],"about":[{"href":"https:\/\/roveyayinevi.com.tr\/index.php\/wp-json\/wp\/v2\/types\/product"}],"wp:attachment":[{"href":"https:\/\/roveyayinevi.com.tr\/index.php\/wp-json\/wp\/v2\/media?parent=691313"}],"wp:term":[{"taxonomy":"product_brand","embeddable":true,"href":"https:\/\/roveyayinevi.com.tr\/index.php\/wp-json\/wp\/v2\/product_brand?post=691313"},{"taxonomy":"product_cat","embeddable":true,"href":"https:\/\/roveyayinevi.com.tr\/index.php\/wp-json\/wp\/v2\/product_cat?post=691313"},{"taxonomy":"product_tag","embeddable":true,"href":"https:\/\/roveyayinevi.com.tr\/index.php\/wp-json\/wp\/v2\/product_tag?post=691313"}],"curies":[{"name":"wp","href":"https:\/\/api.w.org\/{rel}","templated":true}]}}