{"id":691311,"date":"2025-08-27T13:57:53","date_gmt":"2025-08-27T10:57:53","guid":{"rendered":"https:\/\/roveyayinevi.com.tr\/index.php\/urun\/optimal-dusunce\/"},"modified":"2026-04-16T02:00:48","modified_gmt":"2026-04-15T23:00:48","slug":"optimal-dusunce","status":"publish","type":"product","link":"https:\/\/roveyayinevi.com.tr\/index.php\/urun\/optimal-dusunce\/","title":{"rendered":"Optimal D\u00fc\u015f\u00fcnce"},"content":{"rendered":"<p>Ki\u015fisel ve mesleki hedeflerinizi tan\u0131mlayabildiniz mi? <\/p>\n","protected":false},"excerpt":{"rendered":"<p>Ki\u015fisel ve mesleki hedeflerinizi tan\u0131mlayabildiniz mi?<\/p>\n","protected":false},"featured_media":0,"template":"","meta":{"_monsterinsights_skip_tracking":false,"_monsterinsights_sitenote_active":false,"_monsterinsights_sitenote_note":"","_monsterinsights_sitenote_category":0},"product_brand":[],"product_cat":[12364,12376],"product_tag":[],"class_list":{"0":"post-691311","1":"product","2":"type-product","3":"status-publish","5":"product_cat-genel-konular","6":"product_cat-kisisel-gelisim","7":"pa_tur-kitap","8":"pa_yayinevi-kuraldisi-yayinevi","9":"pa_yazar-rosalene-glickman","11":"first","12":"instock","13":"sale","14":"shipping-taxable","15":"purchasable","16":"product-type-simple"},"_links":{"self":[{"href":"https:\/\/roveyayinevi.com.tr\/index.php\/wp-json\/wp\/v2\/product\/691311","targetHints":{"allow":["GET"]}}],"collection":[{"href":"https:\/\/roveyayinevi.com.tr\/index.php\/wp-json\/wp\/v2\/product"}],"about":[{"href":"https:\/\/roveyayinevi.com.tr\/index.php\/wp-json\/wp\/v2\/types\/product"}],"wp:attachment":[{"href":"https:\/\/roveyayinevi.com.tr\/index.php\/wp-json\/wp\/v2\/media?parent=691311"}],"wp:term":[{"taxonomy":"product_brand","embeddable":true,"href":"https:\/\/roveyayinevi.com.tr\/index.php\/wp-json\/wp\/v2\/product_brand?post=691311"},{"taxonomy":"product_cat","embeddable":true,"href":"https:\/\/roveyayinevi.com.tr\/index.php\/wp-json\/wp\/v2\/product_cat?post=691311"},{"taxonomy":"product_tag","embeddable":true,"href":"https:\/\/roveyayinevi.com.tr\/index.php\/wp-json\/wp\/v2\/product_tag?post=691311"}],"curies":[{"name":"wp","href":"https:\/\/api.w.org\/{rel}","templated":true}]}}