{"id":691309,"date":"2025-08-27T13:57:53","date_gmt":"2025-08-27T10:57:53","guid":{"rendered":"https:\/\/roveyayinevi.com.tr\/index.php\/urun\/benlik\/"},"modified":"2026-04-16T02:00:48","modified_gmt":"2026-04-15T23:00:48","slug":"benlik","status":"publish","type":"product","link":"https:\/\/roveyayinevi.com.tr\/index.php\/urun\/benlik\/","title":{"rendered":"Benlik"},"content":{"rendered":"<p>&#8221; Ki\u015finin belirli bir anda ya\u015fad\u0131\u011f\u0131 hep hayalleridir &#8211; ya da, aldanmalar\u0131 ; ger\u00e7eklerini ise hep sonradan, \u00e7ok sonradan, ge\u00e7mi\u015fi olarak ya\u015far -yani : kendisini belirliyen, hep ger\u00e7ekler oldu\u011fu halde, ya\u015fad\u0131\u011f\u0131 hep hayallerdir.&#8221;<\/p>\n","protected":false},"excerpt":{"rendered":"<p>&#8221; Ki\u015finin belirli bir anda ya\u015fad\u0131\u011f\u0131 hep hayalleridir &#8211; ya da, aldanmalar\u0131 ; ger\u00e7eklerini ise hep sonradan, \u00e7ok sonradan, ge\u00e7mi\u015fi olarak ya\u015far -yani : kendisini belirliyen,<span class=\"excerpt-hellip\"> [\u2026]<\/span><\/p>\n","protected":false},"featured_media":0,"template":"","meta":{"_monsterinsights_skip_tracking":false,"_monsterinsights_sitenote_active":false,"_monsterinsights_sitenote_note":"","_monsterinsights_sitenote_category":0},"product_brand":[],"product_cat":[27157,12291],"product_tag":[],"class_list":{"0":"post-691309","1":"product","2":"type-product","3":"status-publish","5":"product_cat-derleme","6":"product_cat-edebiyat","7":"pa_cilt-ciltsiz","8":"pa_tur-kitap","9":"pa_yayinevi-metis-yayinlari","10":"pa_yazar-oruc-aruoba","12":"first","13":"instock","14":"sale","15":"shipping-taxable","16":"purchasable","17":"product-type-simple"},"_links":{"self":[{"href":"https:\/\/roveyayinevi.com.tr\/index.php\/wp-json\/wp\/v2\/product\/691309","targetHints":{"allow":["GET"]}}],"collection":[{"href":"https:\/\/roveyayinevi.com.tr\/index.php\/wp-json\/wp\/v2\/product"}],"about":[{"href":"https:\/\/roveyayinevi.com.tr\/index.php\/wp-json\/wp\/v2\/types\/product"}],"wp:attachment":[{"href":"https:\/\/roveyayinevi.com.tr\/index.php\/wp-json\/wp\/v2\/media?parent=691309"}],"wp:term":[{"taxonomy":"product_brand","embeddable":true,"href":"https:\/\/roveyayinevi.com.tr\/index.php\/wp-json\/wp\/v2\/product_brand?post=691309"},{"taxonomy":"product_cat","embeddable":true,"href":"https:\/\/roveyayinevi.com.tr\/index.php\/wp-json\/wp\/v2\/product_cat?post=691309"},{"taxonomy":"product_tag","embeddable":true,"href":"https:\/\/roveyayinevi.com.tr\/index.php\/wp-json\/wp\/v2\/product_tag?post=691309"}],"curies":[{"name":"wp","href":"https:\/\/api.w.org\/{rel}","templated":true}]}}