{"id":691308,"date":"2025-08-27T13:57:53","date_gmt":"2025-08-27T10:57:53","guid":{"rendered":"https:\/\/roveyayinevi.com.tr\/index.php\/urun\/metis-otekini-dinlemek-dizisi-19-ben-ve-savunma-mekanizmalari\/"},"modified":"2026-03-25T19:33:39","modified_gmt":"2026-03-25T16:33:39","slug":"metis-otekini-dinlemek-dizisi-19-ben-ve-savunma-mekanizmalari","status":"publish","type":"product","link":"https:\/\/roveyayinevi.com.tr\/index.php\/urun\/metis-otekini-dinlemek-dizisi-19-ben-ve-savunma-mekanizmalari\/","title":{"rendered":"Metis \u00d6tekini Dinlemek Dizisi 19 &#8211; Ben ve Savunma Mekanizmalar\u0131"},"content":{"rendered":"<p>Ben ve Savunma Mekanizmalar\u0131&#8217;n\u0131 Anna Freud 1936 y\u0131l\u0131nda babas\u0131n\u0131n 80&#8217;inci do\u011fum g\u00fcn\u00fcne arma\u011fan olarak yay\u0131mlad\u0131. Yaz\u0131ld\u0131\u011f\u0131 y\u0131ldan beri g\u00fcncelli\u011fini yitirmeyen kitap, bug\u00fcn hala gerek \u00e7ocuk gerekse eri\u015fkin psikanalizini \u00f6\u011frenenler i\u00e7in en etkileyici ve yararl\u0131 eserlerden biri olma \u00f6zelli\u011fini koruyor. Psikanalizin d\u00f6rt okulu -d\u00fcrt\u00fc kuram\u0131, ben psikolojisi, nesne ili\u015fkileri kuram\u0131 ve kendilik psikolojisi- i\u00e7inde Anna Freud&#8217;un kitab\u0131 ben psikolojisi okulunun kurucu metinlerinden biri olarak kabul edilir. \u00c7ocuk analizinin kurucusu say\u0131lan Anna Freud temel e\u011fitiminin \u00f6\u011fretmenlik olmas\u0131 nedeniyle ruhsal yap\u0131n\u0131n sa\u011fl\u0131kl\u0131\u011fa nas\u0131l ula\u015ft\u0131\u011f\u0131yla yak\u0131ndan ilgilenmi\u015f, bu eserinde de ruhsal sorunlara nas\u0131l yard\u0131mc\u0131 olunaca\u011f\u0131yla birlikte sa\u011fl\u0131kl\u0131 ruh geli\u015fimi i\u00e7in sosyal boyutta hangi \u00f6nko\u015fullar\u0131n gerekli oldu\u011funu tart\u0131\u015fm\u0131\u015ft\u0131r. \ufffcTan\u0131t\u0131m Metni<\/p>\n","protected":false},"excerpt":{"rendered":"<p>Ben ve Savunma Mekanizmalar\u0131&#8217;n\u0131 Anna Freud 1936 y\u0131l\u0131nda babas\u0131n\u0131n 80&#8217;inci do\u011fum g\u00fcn\u00fcne arma\u011fan olarak yay\u0131mlad\u0131. Yaz\u0131ld\u0131\u011f\u0131 y\u0131ldan beri g\u00fcncelli\u011fini yitirmeyen kitap, bug\u00fcn hala gerek \u00e7ocuk gerekse<span class=\"excerpt-hellip\"> [\u2026]<\/span><\/p>\n","protected":false},"featured_media":0,"template":"","meta":{"_monsterinsights_skip_tracking":false,"_monsterinsights_sitenote_active":false,"_monsterinsights_sitenote_note":"","_monsterinsights_sitenote_category":0},"product_brand":[],"product_cat":[12364,12376],"product_tag":[],"class_list":{"0":"post-691308","1":"product","2":"type-product","3":"status-publish","5":"product_cat-genel-konular","6":"product_cat-kisisel-gelisim","7":"pa_cilt-ciltsiz","8":"pa_tur-kitap","9":"pa_yayinevi-metis-yayinlari","10":"pa_yazar-anna-freud","12":"first","13":"instock","14":"sale","15":"shipping-taxable","16":"purchasable","17":"product-type-simple"},"_links":{"self":[{"href":"https:\/\/roveyayinevi.com.tr\/index.php\/wp-json\/wp\/v2\/product\/691308","targetHints":{"allow":["GET"]}}],"collection":[{"href":"https:\/\/roveyayinevi.com.tr\/index.php\/wp-json\/wp\/v2\/product"}],"about":[{"href":"https:\/\/roveyayinevi.com.tr\/index.php\/wp-json\/wp\/v2\/types\/product"}],"wp:attachment":[{"href":"https:\/\/roveyayinevi.com.tr\/index.php\/wp-json\/wp\/v2\/media?parent=691308"}],"wp:term":[{"taxonomy":"product_brand","embeddable":true,"href":"https:\/\/roveyayinevi.com.tr\/index.php\/wp-json\/wp\/v2\/product_brand?post=691308"},{"taxonomy":"product_cat","embeddable":true,"href":"https:\/\/roveyayinevi.com.tr\/index.php\/wp-json\/wp\/v2\/product_cat?post=691308"},{"taxonomy":"product_tag","embeddable":true,"href":"https:\/\/roveyayinevi.com.tr\/index.php\/wp-json\/wp\/v2\/product_tag?post=691308"}],"curies":[{"name":"wp","href":"https:\/\/api.w.org\/{rel}","templated":true}]}}