{"id":691307,"date":"2025-08-27T13:57:52","date_gmt":"2025-08-27T10:57:52","guid":{"rendered":"https:\/\/roveyayinevi.com.tr\/index.php\/urun\/mutluluk-kitabi\/"},"modified":"2026-04-13T02:01:37","modified_gmt":"2026-04-12T23:01:37","slug":"mutluluk-kitabi","status":"publish","type":"product","link":"https:\/\/roveyayinevi.com.tr\/index.php\/urun\/mutluluk-kitabi\/","title":{"rendered":"Mutluluk Kitab\u0131"},"content":{"rendered":"<p>Bir ba\u015fkas\u0131 olsayd\u0131n kendinle i\u015f ortakl\u0131\u011f\u0131na girer miydin? Kendini arkada\u015f olarak, g\u00fcvenilir bir dost olarak se\u00e7er miydin? Kar\u015f\u0131 cinsten biri olsayd\u0131n, \u015fimdiki kendini e\u015f olarak se\u00e7er miydin?D\u00fcr\u00fcst\u00e7e verdi\u011fin yan\u0131tlar\u0131 be\u011fenmiyorsan, bu yan\u0131tlar\u0131n hepsini &#8220;evet&#8221;e \u00e7evirmek senin elinde. Sen bu g\u00fcce ve yetene\u011fe sahipsin. Yeter ki &#8220;evet&#8221;lerin bedeli olan eme\u011fin, sevginin ve zaman\u0131n yat\u0131r\u0131m\u0131n\u0131 yapmay\u0131 g\u00f6ze al.Biliyorum, biliyorum, herkes sana \u00f6\u011f\u00fct veriyor. Ve kendi bireyselli\u011fini kan\u0131tlamak u\u011fruna \u00e7o\u011funa kulak asm\u0131yorsun. Bu kitapta s\u00f6ylediklerim de belki sende b\u00f6yle etki yapacak ve bu sat\u0131rlar\u0131 okuduktan sonra kitab\u0131 yerine b\u0131racaks\u0131n.<\/p>\n","protected":false},"excerpt":{"rendered":"<p>Bir ba\u015fkas\u0131 olsayd\u0131n kendinle i\u015f ortakl\u0131\u011f\u0131na girer miydin? Kendini arkada\u015f olarak, g\u00fcvenilir bir dost olarak se\u00e7er miydin? Kar\u015f\u0131 cinsten biri olsayd\u0131n, \u015fimdiki kendini e\u015f olarak se\u00e7er<span class=\"excerpt-hellip\"> [\u2026]<\/span><\/p>\n","protected":false},"featured_media":0,"template":"","meta":{"_monsterinsights_skip_tracking":false,"_monsterinsights_sitenote_active":false,"_monsterinsights_sitenote_note":"","_monsterinsights_sitenote_category":0},"product_brand":[],"product_cat":[12364,12376],"product_tag":[],"class_list":{"0":"post-691307","1":"product","2":"type-product","3":"status-publish","5":"product_cat-genel-konular","6":"product_cat-kisisel-gelisim","7":"pa_cilt-ciltsiz","8":"pa_tur-kitap","9":"pa_yayinevi-kuraldisi-yayinevi","10":"pa_yazar-nil-gun","12":"first","13":"instock","14":"sale","15":"shipping-taxable","16":"purchasable","17":"product-type-simple"},"_links":{"self":[{"href":"https:\/\/roveyayinevi.com.tr\/index.php\/wp-json\/wp\/v2\/product\/691307","targetHints":{"allow":["GET"]}}],"collection":[{"href":"https:\/\/roveyayinevi.com.tr\/index.php\/wp-json\/wp\/v2\/product"}],"about":[{"href":"https:\/\/roveyayinevi.com.tr\/index.php\/wp-json\/wp\/v2\/types\/product"}],"wp:attachment":[{"href":"https:\/\/roveyayinevi.com.tr\/index.php\/wp-json\/wp\/v2\/media?parent=691307"}],"wp:term":[{"taxonomy":"product_brand","embeddable":true,"href":"https:\/\/roveyayinevi.com.tr\/index.php\/wp-json\/wp\/v2\/product_brand?post=691307"},{"taxonomy":"product_cat","embeddable":true,"href":"https:\/\/roveyayinevi.com.tr\/index.php\/wp-json\/wp\/v2\/product_cat?post=691307"},{"taxonomy":"product_tag","embeddable":true,"href":"https:\/\/roveyayinevi.com.tr\/index.php\/wp-json\/wp\/v2\/product_tag?post=691307"}],"curies":[{"name":"wp","href":"https:\/\/api.w.org\/{rel}","templated":true}]}}