{"id":691304,"date":"2025-08-27T13:57:52","date_gmt":"2025-08-27T10:57:52","guid":{"rendered":"https:\/\/roveyayinevi.com.tr\/index.php\/urun\/onursal-doktor-olamamanin-buyuk-onuru\/"},"modified":"2026-04-16T02:00:48","modified_gmt":"2026-04-15T23:00:48","slug":"onursal-doktor-olamamanin-buyuk-onuru","status":"publish","type":"product","link":"https:\/\/roveyayinevi.com.tr\/index.php\/urun\/onursal-doktor-olamamanin-buyuk-onuru\/","title":{"rendered":"Onursal Doktor Olamaman\u0131n B\u00fcy\u00fck Onuru"},"content":{"rendered":"<p>\u00c7ok basite indirgersek bu kitapta, Dramstadt Teknik Y\u00fcksek Okulunca 1990 y\u0131l\u0131nda bana verilmek istenen onursal doktorluk payesinin 1992 y\u0131l\u0131nda uyduruk bir bahaneyle nas\u0131l verilmedi\u011fi ve bu verilmeyi\u015fte 12 Eyl\u00fcl\u2019\u00fcn T\u00fcrkiye\u2019ye arma\u011fan\u0131 olan Y\u00d6K gerici e\u011fitim dizgesinin b\u00fcy\u00fck \u00e7abas\u0131 anlat\u0131lmaktad\u0131r. B\u00fct\u00fcn bunlar, bireysel bir sorun gibi g\u00f6r\u00fcnen onursal doktorlu\u011fun verilmeyi\u015finin d\u0131\u015f nedenleridir. \u00d6zdeki nedenlerse, T\u00fcrkiye ve Almanya\u2019n\u0131n toplumsal yap\u0131lar\u0131ndaki birbirinden \u00e7ok ayr\u0131ml\u0131 bozukluklard\u0131r. Toplumsal yap\u0131 bozuklu\u011fu bug\u00fcn Almanya\u2019da hortlayan yeni Nazizim\u2019le T\u00fcrkiye\u2019deyse k\u00f6k\u00fc hi\u00e7bir zaman kaz\u0131nmad\u0131\u011f\u0131 i\u00e7in gittik\u00e7e geli\u015fen ve art\u0131k gelenekselle\u015fmi\u015f k\u00fclt\u00fcrel ba\u011fnazl\u0131k ve yozlukla a\u00e7\u0131klanabilir. \ufffcTan\u0131t\u0131m Metni<\/p>\n","protected":false},"excerpt":{"rendered":"<p>\u00c7ok basite indirgersek bu kitapta, Dramstadt Teknik Y\u00fcksek Okulunca 1990 y\u0131l\u0131nda bana verilmek istenen onursal doktorluk payesinin 1992 y\u0131l\u0131nda uyduruk bir bahaneyle nas\u0131l verilmedi\u011fi ve bu<span class=\"excerpt-hellip\"> [\u2026]<\/span><\/p>\n","protected":false},"featured_media":0,"template":"","meta":{"_monsterinsights_skip_tracking":false,"_monsterinsights_sitenote_active":false,"_monsterinsights_sitenote_note":"","_monsterinsights_sitenote_category":0},"product_brand":[],"product_cat":[12782,12291],"product_tag":[],"class_list":{"0":"post-691304","1":"product","2":"type-product","3":"status-publish","5":"product_cat-alman-edebiyati","6":"product_cat-edebiyat","7":"pa_tur-kitap","8":"pa_yayinevi-nesin-yayinlari","9":"pa_yazar-aziz-nesin","11":"first","12":"instock","13":"sale","14":"shipping-taxable","15":"purchasable","16":"product-type-simple"},"_links":{"self":[{"href":"https:\/\/roveyayinevi.com.tr\/index.php\/wp-json\/wp\/v2\/product\/691304","targetHints":{"allow":["GET"]}}],"collection":[{"href":"https:\/\/roveyayinevi.com.tr\/index.php\/wp-json\/wp\/v2\/product"}],"about":[{"href":"https:\/\/roveyayinevi.com.tr\/index.php\/wp-json\/wp\/v2\/types\/product"}],"wp:attachment":[{"href":"https:\/\/roveyayinevi.com.tr\/index.php\/wp-json\/wp\/v2\/media?parent=691304"}],"wp:term":[{"taxonomy":"product_brand","embeddable":true,"href":"https:\/\/roveyayinevi.com.tr\/index.php\/wp-json\/wp\/v2\/product_brand?post=691304"},{"taxonomy":"product_cat","embeddable":true,"href":"https:\/\/roveyayinevi.com.tr\/index.php\/wp-json\/wp\/v2\/product_cat?post=691304"},{"taxonomy":"product_tag","embeddable":true,"href":"https:\/\/roveyayinevi.com.tr\/index.php\/wp-json\/wp\/v2\/product_tag?post=691304"}],"curies":[{"name":"wp","href":"https:\/\/api.w.org\/{rel}","templated":true}]}}