{"id":691303,"date":"2025-08-27T13:57:52","date_gmt":"2025-08-27T10:57:52","guid":{"rendered":"https:\/\/roveyayinevi.com.tr\/index.php\/urun\/kordogusu\/"},"modified":"2026-04-16T02:00:48","modified_gmt":"2026-04-15T23:00:48","slug":"kordogusu","status":"publish","type":"product","link":"https:\/\/roveyayinevi.com.tr\/index.php\/urun\/kordogusu\/","title":{"rendered":"K\u00f6rd\u00f6\u011f\u00fc\u015f\u00fc"},"content":{"rendered":"<p>&#8230; Kafama bir sopa indi ki, \u015fiddetinden \u00f6l\u00fcyorum san\u0131p kelime-i \u015fahadet getirdim. Velakin, bu arada fil sinirini de muhtar\u0131n beynine indirdim. Namussuz muhtar, g\u00f6z\u00fcn procektor muydu a herif, o karanl\u0131kta beni se\u00e7ip de, Bildim, sen Korucu \u00d6mer\u2019sin! demez mi? Muhtar\u0131n beni g\u00f6recek hali yok, koca topuzu kald\u0131rd\u0131, Yar\u0131ca R\u0131za\u2019n\u0131n kafas\u0131 budur diye indirdi. Bu nas\u0131l \u015fey? Yar\u0131c\u0131 R\u0131za bizim parti de\u011fil mi? Ben muhtar\u0131 b\u0131rak\u0131p ya Allah diye Kel Nuri\u2019ye giri\u015ftim&#8230; \ufffcTan\u0131t\u0131m Metni<\/p>\n","protected":false},"excerpt":{"rendered":"<p>&#8230; Kafama bir sopa indi ki, \u015fiddetinden \u00f6l\u00fcyorum san\u0131p kelime-i \u015fahadet getirdim. Velakin, bu arada fil sinirini de muhtar\u0131n beynine indirdim. Namussuz muhtar, g\u00f6z\u00fcn procektor muydu<span class=\"excerpt-hellip\"> [\u2026]<\/span><\/p>\n","protected":false},"featured_media":0,"template":"","meta":{"_monsterinsights_skip_tracking":false,"_monsterinsights_sitenote_active":false,"_monsterinsights_sitenote_note":"","_monsterinsights_sitenote_category":0},"product_brand":[],"product_cat":[12477,12364],"product_tag":[],"class_list":{"0":"post-691303","1":"product","2":"type-product","3":"status-publish","5":"product_cat-eglence-mizah","6":"product_cat-genel-konular","7":"pa_tur-kitap","8":"pa_yayinevi-nesin-yayinlari","9":"pa_yazar-aziz-nesin","11":"first","12":"instock","13":"sale","14":"shipping-taxable","15":"purchasable","16":"product-type-simple"},"_links":{"self":[{"href":"https:\/\/roveyayinevi.com.tr\/index.php\/wp-json\/wp\/v2\/product\/691303","targetHints":{"allow":["GET"]}}],"collection":[{"href":"https:\/\/roveyayinevi.com.tr\/index.php\/wp-json\/wp\/v2\/product"}],"about":[{"href":"https:\/\/roveyayinevi.com.tr\/index.php\/wp-json\/wp\/v2\/types\/product"}],"wp:attachment":[{"href":"https:\/\/roveyayinevi.com.tr\/index.php\/wp-json\/wp\/v2\/media?parent=691303"}],"wp:term":[{"taxonomy":"product_brand","embeddable":true,"href":"https:\/\/roveyayinevi.com.tr\/index.php\/wp-json\/wp\/v2\/product_brand?post=691303"},{"taxonomy":"product_cat","embeddable":true,"href":"https:\/\/roveyayinevi.com.tr\/index.php\/wp-json\/wp\/v2\/product_cat?post=691303"},{"taxonomy":"product_tag","embeddable":true,"href":"https:\/\/roveyayinevi.com.tr\/index.php\/wp-json\/wp\/v2\/product_tag?post=691303"}],"curies":[{"name":"wp","href":"https:\/\/api.w.org\/{rel}","templated":true}]}}