{"id":691297,"date":"2025-08-27T13:57:51","date_gmt":"2025-08-27T10:57:51","guid":{"rendered":"https:\/\/roveyayinevi.com.tr\/index.php\/urun\/kucuk-yesil-affedis-kitabi\/"},"modified":"2026-04-12T02:01:10","modified_gmt":"2026-04-11T23:01:10","slug":"kucuk-yesil-affedis-kitabi","status":"publish","type":"product","link":"https:\/\/roveyayinevi.com.tr\/index.php\/urun\/kucuk-yesil-affedis-kitabi\/","title":{"rendered":"K\u00fc\u00e7\u00fck Ye\u015fil Affedi\u015f Kitab\u0131"},"content":{"rendered":"<p>Affetmek, affetti\u011fimiz ki\u015finin davran\u0131\u015flar\u0131n\u0131 onaylamak de\u011fildir. Bu, onlar\u0131n bir zamanlar yapt\u0131\u011f\u0131 \u015feyin do\u011fru, hakl\u0131 ve onaylanabilir oldu\u011fu, yap\u0131lanlar\u0131n kabul edilebilir, \u00f6nemsiz, \u00e7ok da k\u00f6t\u00fc olmad\u0131\u011f\u0131 anlam\u0131na da gelmez. \ufffcTan\u0131t\u0131m Metni<\/p>\n","protected":false},"excerpt":{"rendered":"<p>Affetmek, affetti\u011fimiz ki\u015finin davran\u0131\u015flar\u0131n\u0131 onaylamak de\u011fildir. Bu, onlar\u0131n bir zamanlar yapt\u0131\u011f\u0131 \u015feyin do\u011fru, hakl\u0131 ve onaylanabilir oldu\u011fu, yap\u0131lanlar\u0131n kabul edilebilir, \u00f6nemsiz, \u00e7ok da k\u00f6t\u00fc olmad\u0131\u011f\u0131 anlam\u0131na<span class=\"excerpt-hellip\"> [\u2026]<\/span><\/p>\n","protected":false},"featured_media":0,"template":"","meta":{"_monsterinsights_skip_tracking":false,"_monsterinsights_sitenote_active":false,"_monsterinsights_sitenote_note":"","_monsterinsights_sitenote_category":0},"product_brand":[],"product_cat":[12364,12376],"product_tag":[],"class_list":{"0":"post-691297","1":"product","2":"type-product","3":"status-publish","5":"product_cat-genel-konular","6":"product_cat-kisisel-gelisim","7":"pa_tur-kitap","8":"pa_yayinevi-kuraldisi-yayinevi","9":"pa_yazar-nil-gun","11":"first","12":"instock","13":"sale","14":"shipping-taxable","15":"purchasable","16":"product-type-simple"},"_links":{"self":[{"href":"https:\/\/roveyayinevi.com.tr\/index.php\/wp-json\/wp\/v2\/product\/691297","targetHints":{"allow":["GET"]}}],"collection":[{"href":"https:\/\/roveyayinevi.com.tr\/index.php\/wp-json\/wp\/v2\/product"}],"about":[{"href":"https:\/\/roveyayinevi.com.tr\/index.php\/wp-json\/wp\/v2\/types\/product"}],"wp:attachment":[{"href":"https:\/\/roveyayinevi.com.tr\/index.php\/wp-json\/wp\/v2\/media?parent=691297"}],"wp:term":[{"taxonomy":"product_brand","embeddable":true,"href":"https:\/\/roveyayinevi.com.tr\/index.php\/wp-json\/wp\/v2\/product_brand?post=691297"},{"taxonomy":"product_cat","embeddable":true,"href":"https:\/\/roveyayinevi.com.tr\/index.php\/wp-json\/wp\/v2\/product_cat?post=691297"},{"taxonomy":"product_tag","embeddable":true,"href":"https:\/\/roveyayinevi.com.tr\/index.php\/wp-json\/wp\/v2\/product_tag?post=691297"}],"curies":[{"name":"wp","href":"https:\/\/api.w.org\/{rel}","templated":true}]}}