{"id":691296,"date":"2025-08-27T13:57:50","date_gmt":"2025-08-27T10:57:50","guid":{"rendered":"https:\/\/roveyayinevi.com.tr\/index.php\/urun\/kucuk-pembe-mutluluk-kitabi\/"},"modified":"2026-04-12T02:01:10","modified_gmt":"2026-04-11T23:01:10","slug":"kucuk-pembe-mutluluk-kitabi","status":"publish","type":"product","link":"https:\/\/roveyayinevi.com.tr\/index.php\/urun\/kucuk-pembe-mutluluk-kitabi\/","title":{"rendered":"K\u00fc\u00e7\u00fck Pembe Mutluluk Kitab\u0131"},"content":{"rendered":"<p>Bir ba\u015fkas\u0131 olsayd\u0131n kendinle i\u015f ortakl\u0131\u011f\u0131na girer miydin? Kendini arkada\u015f olarak, g\u00fcvenilir bir dost olarak se\u00e7er miydin? Kar\u015f\u0131 cinsten biri olsayd\u0131n, \u015fimdiki kendini e\u015f olarak se\u00e7er miydin? \ufffcTan\u0131t\u0131m Metni<\/p>\n","protected":false},"excerpt":{"rendered":"<p>Bir ba\u015fkas\u0131 olsayd\u0131n kendinle i\u015f ortakl\u0131\u011f\u0131na girer miydin? Kendini arkada\u015f olarak, g\u00fcvenilir bir dost olarak se\u00e7er miydin? Kar\u015f\u0131 cinsten biri olsayd\u0131n, \u015fimdiki kendini e\u015f olarak se\u00e7er<span class=\"excerpt-hellip\"> [\u2026]<\/span><\/p>\n","protected":false},"featured_media":0,"template":"","meta":{"_monsterinsights_skip_tracking":false,"_monsterinsights_sitenote_active":false,"_monsterinsights_sitenote_note":"","_monsterinsights_sitenote_category":0},"product_brand":[],"product_cat":[12364,12376],"product_tag":[],"class_list":{"0":"post-691296","1":"product","2":"type-product","3":"status-publish","5":"product_cat-genel-konular","6":"product_cat-kisisel-gelisim","7":"pa_tur-kitap","8":"pa_yayinevi-kuraldisi-yayinevi","9":"pa_yazar-nil-gun","11":"first","12":"instock","13":"sale","14":"shipping-taxable","15":"purchasable","16":"product-type-simple"},"_links":{"self":[{"href":"https:\/\/roveyayinevi.com.tr\/index.php\/wp-json\/wp\/v2\/product\/691296","targetHints":{"allow":["GET"]}}],"collection":[{"href":"https:\/\/roveyayinevi.com.tr\/index.php\/wp-json\/wp\/v2\/product"}],"about":[{"href":"https:\/\/roveyayinevi.com.tr\/index.php\/wp-json\/wp\/v2\/types\/product"}],"wp:attachment":[{"href":"https:\/\/roveyayinevi.com.tr\/index.php\/wp-json\/wp\/v2\/media?parent=691296"}],"wp:term":[{"taxonomy":"product_brand","embeddable":true,"href":"https:\/\/roveyayinevi.com.tr\/index.php\/wp-json\/wp\/v2\/product_brand?post=691296"},{"taxonomy":"product_cat","embeddable":true,"href":"https:\/\/roveyayinevi.com.tr\/index.php\/wp-json\/wp\/v2\/product_cat?post=691296"},{"taxonomy":"product_tag","embeddable":true,"href":"https:\/\/roveyayinevi.com.tr\/index.php\/wp-json\/wp\/v2\/product_tag?post=691296"}],"curies":[{"name":"wp","href":"https:\/\/api.w.org\/{rel}","templated":true}]}}