{"id":691292,"date":"2025-08-27T13:57:50","date_gmt":"2025-08-27T10:57:50","guid":{"rendered":"https:\/\/roveyayinevi.com.tr\/index.php\/urun\/metis-bilim-dizisi-20-bilim-dort-bin-yillik-bir-tarih\/"},"modified":"2026-04-16T02:00:48","modified_gmt":"2026-04-15T23:00:48","slug":"metis-bilim-dizisi-20-bilim-dort-bin-yillik-bir-tarih","status":"publish","type":"product","link":"https:\/\/roveyayinevi.com.tr\/index.php\/urun\/metis-bilim-dizisi-20-bilim-dort-bin-yillik-bir-tarih\/","title":{"rendered":"Metis Bilim Dizisi 20 &#8211; Bilim: D\u00f6rt Bin Y\u0131ll\u0131k Bir Tarih"},"content":{"rendered":"<p>Bilim: D\u00f6rt Bin Y\u0131ll\u0131k Bir Tarih, ad\u0131ndan da anla\u015f\u0131laca\u011f\u0131 gibi bir bilim tarihi kitab\u0131. Ama onu ana ak\u0131m bilim tarihi anlat\u0131lar\u0131ndan farkl\u0131 k\u0131lan bir\u00e7ok \u00f6zelli\u011fi var. Patricia Fara kitab\u0131n giri\u015finde \u015f\u00f6yle diyor: &#8220;Tarih yazmak, olgular\u0131 d\u00fczenli bir \u015fekilde bir araya getirmek ve olaylar\u0131 do\u011fru bir \u015fekilde s\u0131ralamaktan ibaret de\u011fildir; neyi dahil edece\u011finiz ve kimi hari\u00e7 tutaca\u011f\u0131n\u0131z gibi konularda se\u00e7imler yaparak ge\u00e7mi\u015fi yeniden yorumlamay\u0131, d\u00fcnyay\u0131 yeniden \u00e7izmeyi de i\u00e7erir.&#8221; Bilim tarihine y\u00f6nelik Avrupamerkezci yakla\u015f\u0131m\u0131n nesnellikten uzak oldu\u011funa dikkat \u00e7eken Fara, &#8220;d\u00e2hi biliminsan\u0131&#8221; mitini sarsmay\u0131 da ihmal etmiyor. Fara&#8217;ya g\u00f6re bilim tarihi ideal kahramanlarca in\u015fa edilmi\u015f d\u00fcz ve p\u00fcr\u00fczs\u00fcz bir yol de\u011fil; hatalar yapan, rekabet eden, hatta kimi zaman ellerindeki bulgular\u0131 \u00e7arp\u0131tan etten kemikten insanlar\u0131n a\u00e7t\u0131\u011f\u0131 dolamba\u00e7l\u0131 bir patika. Bu patikada kimin \u00f6ne ge\u00e7ece\u011fi ise iktidar kavram\u0131yla yak\u0131ndan ba\u011flant\u0131l\u0131. &#8220;Ge\u00e7mi\u015fe yepyeni bir a\u00e7\u0131dan bakt\u0131\u011f\u0131m\u0131zda, hangi sorular\u0131n sorulmas\u0131 gerekti\u011fini bilmek, yeni bilgiler ortaya \u00e7\u0131karmak kadar \u00f6nemlidir,&#8221; diyen Fara, dinin bilim \u00fczerindeki etkisinden simya ve b\u00fcy\u00fcn\u00fcn bilimle ili\u015fkisine, kad\u0131nlar\u0131n bilim tarihindeki rol\u00fcnden farkl\u0131 bilim t\u00fcrlerine kadar bir\u00e7ok konuda kritik sorular soruyor. \ufffcTan\u0131t\u0131m Metni<\/p>\n","protected":false},"excerpt":{"rendered":"<p>Bilim: D\u00f6rt Bin Y\u0131ll\u0131k Bir Tarih, ad\u0131ndan da anla\u015f\u0131laca\u011f\u0131 gibi bir bilim tarihi kitab\u0131. Ama onu ana ak\u0131m bilim tarihi anlat\u0131lar\u0131ndan farkl\u0131 k\u0131lan bir\u00e7ok \u00f6zelli\u011fi var.<span class=\"excerpt-hellip\"> [\u2026]<\/span><\/p>\n","protected":false},"featured_media":0,"template":"","meta":{"_monsterinsights_skip_tracking":false,"_monsterinsights_sitenote_active":false,"_monsterinsights_sitenote_note":"","_monsterinsights_sitenote_category":0},"product_brand":[],"product_cat":[13005,15998],"product_tag":[],"class_list":{"0":"post-691292","1":"product","2":"type-product","3":"status-publish","5":"product_cat-bilim-muhendislik","6":"product_cat-bilim-tarihi","7":"pa_cilt-ciltsiz","8":"pa_tur-kitap","9":"pa_yayinevi-metis-yayinlari","10":"pa_yazar-patricia-fara","12":"first","13":"instock","14":"sale","15":"shipping-taxable","16":"purchasable","17":"product-type-simple"},"_links":{"self":[{"href":"https:\/\/roveyayinevi.com.tr\/index.php\/wp-json\/wp\/v2\/product\/691292","targetHints":{"allow":["GET"]}}],"collection":[{"href":"https:\/\/roveyayinevi.com.tr\/index.php\/wp-json\/wp\/v2\/product"}],"about":[{"href":"https:\/\/roveyayinevi.com.tr\/index.php\/wp-json\/wp\/v2\/types\/product"}],"wp:attachment":[{"href":"https:\/\/roveyayinevi.com.tr\/index.php\/wp-json\/wp\/v2\/media?parent=691292"}],"wp:term":[{"taxonomy":"product_brand","embeddable":true,"href":"https:\/\/roveyayinevi.com.tr\/index.php\/wp-json\/wp\/v2\/product_brand?post=691292"},{"taxonomy":"product_cat","embeddable":true,"href":"https:\/\/roveyayinevi.com.tr\/index.php\/wp-json\/wp\/v2\/product_cat?post=691292"},{"taxonomy":"product_tag","embeddable":true,"href":"https:\/\/roveyayinevi.com.tr\/index.php\/wp-json\/wp\/v2\/product_tag?post=691292"}],"curies":[{"name":"wp","href":"https:\/\/api.w.org\/{rel}","templated":true}]}}