{"id":691291,"date":"2025-08-27T13:57:49","date_gmt":"2025-08-27T10:57:49","guid":{"rendered":"https:\/\/roveyayinevi.com.tr\/index.php\/urun\/bildigimiz-dunyanin-sonu\/"},"modified":"2026-04-16T02:00:48","modified_gmt":"2026-04-15T23:00:48","slug":"bildigimiz-dunyanin-sonu","status":"publish","type":"product","link":"https:\/\/roveyayinevi.com.tr\/index.php\/urun\/bildigimiz-dunyanin-sonu\/","title":{"rendered":"Bildi\u011fimiz D\u00fcnyan\u0131n Sonu"},"content":{"rendered":"<p>Marx&#8217;\u0131n ve Engels&#8217;in Manifesto&#8217;yu yazmalar\u0131ndan bu yana ge\u00e7en y\u00fcz elliyi a\u015fk\u0131n y\u0131lda, Marksistlerin &#8220;kapitalizm krizi&#8221; ile ili\u015fkileri, &#8220;Kurt var!&#8221; diye ba\u011f\u0131ran \u00e7oban\u0131n hikayesine benzedi. O dev, sars\u0131c\u0131 ve yokedici kriz bir t\u00fcrl\u00fc gelmek bilmiyor. Marksistler de her ge\u00e7ici, k\u0131smi krizi beklenen nihai kriz sanmaktan vazge\u00e7miyorlar. Wallerstein&#8217;in &#8220;Bildi\u011fimiz D\u00fcnyan\u0131n Sonu&#8221; saptamas\u0131, hayata belirlenmi\u015f bir senaryo olarak bakmad\u0131\u011f\u0131 i\u00e7in bu t\u00fcr bir &#8220;Kurt var!&#8221; hayk\u0131r\u0131\u015f\u0131 de\u011fil: Yirminci y\u00fczy\u0131l sonlar\u0131na kadar ancak kavramsal d\u00fczeyde varolan &#8220;D\u00fcnya Kapitalizmi&#8221;nin, iki kutuplu d\u00fcnyan\u0131n sona ermesiyle birlikte pratik bir olguya d\u00f6n\u00fc\u015ft\u00fc\u011f\u00fcn\u00fc \u00f6ne s\u00fcren Wallerstein, bu d\u00f6n\u00fc\u015f\u00fcm\u00fcn bildi\u011fimiz, tan\u0131d\u0131\u011f\u0131m\u0131z Kapitalizm D\u00fcnyas\u0131&#8217;n\u0131n sonu oldu\u011funu s\u00f6yl\u00fcyor. Bu ayn\u0131 zamanda, bug\u00fcne kadar varolan d\u00fcnyay\u0131 alg\u0131lama ve kavrama bi\u00e7imlerimizin, kapitalizmin y\u00fckseli\u015fiyle birlikte ilahiyat\u00e7\u0131 kavray\u0131\u015flar\u0131n \u00fczerinde egemenlik kuran Bilgi D\u00fcnyas\u0131&#8217;n\u0131n, yani Newtoncu fizi\u011fe temellenmi\u015f bilimsellik anlay\u0131\u015f\u0131n\u0131n sonu. 21. y\u00fczy\u0131l\u0131n ilk on y\u0131llar\u0131n\u0131n bu iki anlamda da bir alt\u00fcst olu\u015fa sahne olaca\u011f\u0131n\u0131 s\u00f6yleyen Wallerstein, bu alt\u00fcst olu\u015fun bir belirsizlik olarak \u00f6n\u00fcm\u00fczde durdu\u011funa dikkat \u00e7ekiyor: Tehlikeleri ve imkanlar\u0131yla bir belirsizlik&#8230; Bir yandan bu belirsizlik d\u00f6neminin ko\u015fullar\u0131na, ama bir yandan da bizim ger\u00e7ekten ne istedi\u011fimize, tercihlerimizi ne y\u00f6nde yapt\u0131\u011f\u0131m\u0131za, yarat\u0131c\u0131l\u0131\u011f\u0131m\u0131za ba\u011fl\u0131 olarak \u015fekillenecek bir gelecek bu&#8230; Daha do\u011frusu ne olabilece\u011fi ve bizim ger\u00e7ekten ne istedi\u011fimiz konular\u0131nda hepimizi sistemli ve a\u00e7\u0131k bir bi\u00e7imde d\u00fc\u015f\u00fcnmeye \u00e7a\u011f\u0131r\u0131yor. \ufffcTan\u0131t\u0131m Metni<\/p>\n","protected":false},"excerpt":{"rendered":"<p>Marx&#8217;\u0131n ve Engels&#8217;in Manifesto&#8217;yu yazmalar\u0131ndan bu yana ge\u00e7en y\u00fcz elliyi a\u015fk\u0131n y\u0131lda, Marksistlerin &#8220;kapitalizm krizi&#8221; ile ili\u015fkileri, &#8220;Kurt var!&#8221; diye ba\u011f\u0131ran \u00e7oban\u0131n hikayesine benzedi. O dev,<span class=\"excerpt-hellip\"> [\u2026]<\/span><\/p>\n","protected":false},"featured_media":0,"template":"","meta":{"_monsterinsights_skip_tracking":false,"_monsterinsights_sitenote_active":false,"_monsterinsights_sitenote_note":"","_monsterinsights_sitenote_category":0},"product_brand":[],"product_cat":[12835,12324],"product_tag":[],"class_list":{"0":"post-691291","1":"product","2":"type-product","3":"status-publish","5":"product_cat-genel-sosyoloji","6":"product_cat-sosyoloji","7":"pa_cilt-ciltsiz","8":"pa_tur-kitap","9":"pa_yayinevi-metis-yayinlari","10":"pa_yazar-immanuel-wallerstein","12":"first","13":"instock","14":"sale","15":"shipping-taxable","16":"purchasable","17":"product-type-simple"},"_links":{"self":[{"href":"https:\/\/roveyayinevi.com.tr\/index.php\/wp-json\/wp\/v2\/product\/691291","targetHints":{"allow":["GET"]}}],"collection":[{"href":"https:\/\/roveyayinevi.com.tr\/index.php\/wp-json\/wp\/v2\/product"}],"about":[{"href":"https:\/\/roveyayinevi.com.tr\/index.php\/wp-json\/wp\/v2\/types\/product"}],"wp:attachment":[{"href":"https:\/\/roveyayinevi.com.tr\/index.php\/wp-json\/wp\/v2\/media?parent=691291"}],"wp:term":[{"taxonomy":"product_brand","embeddable":true,"href":"https:\/\/roveyayinevi.com.tr\/index.php\/wp-json\/wp\/v2\/product_brand?post=691291"},{"taxonomy":"product_cat","embeddable":true,"href":"https:\/\/roveyayinevi.com.tr\/index.php\/wp-json\/wp\/v2\/product_cat?post=691291"},{"taxonomy":"product_tag","embeddable":true,"href":"https:\/\/roveyayinevi.com.tr\/index.php\/wp-json\/wp\/v2\/product_tag?post=691291"}],"curies":[{"name":"wp","href":"https:\/\/api.w.org\/{rel}","templated":true}]}}