{"id":691290,"date":"2025-08-27T13:57:49","date_gmt":"2025-08-27T10:57:49","guid":{"rendered":"https:\/\/roveyayinevi.com.tr\/index.php\/urun\/bentonun-eskiz-defteri\/"},"modified":"2026-04-16T02:00:48","modified_gmt":"2026-04-15T23:00:48","slug":"bentonun-eskiz-defteri","status":"publish","type":"product","link":"https:\/\/roveyayinevi.com.tr\/index.php\/urun\/bentonun-eskiz-defteri\/","title":{"rendered":"Bento&#8217;nun Eskiz Defteri"},"content":{"rendered":"<p>Hollandal\u0131 filozof Baruch (Bento) Spinoza, k\u0131sa \u00f6mr\u00fcn\u00fcn en yo\u011fun y\u0131llar\u0131n\u0131 yazarak ge\u00e7irmi\u015f. Resim yapmaktan zevk al\u0131r, yan\u0131nda hep bir eskiz defteri ta\u015f\u0131rm\u0131\u015f. Ani \u00f6l\u00fcm\u00fcn\u00fcn ard\u0131ndan dostlar\u0131 mektuplar\u0131n\u0131, elyazmalar\u0131n\u0131, notlar\u0131n\u0131 kurtarmay\u0131 ba\u015farm\u0131\u015f ama eskiz defteri bulunamam\u0131\u015f. \ufffcTan\u0131t\u0131m Metni<\/p>\n","protected":false},"excerpt":{"rendered":"<p>Hollandal\u0131 filozof Baruch (Bento) Spinoza, k\u0131sa \u00f6mr\u00fcn\u00fcn en yo\u011fun y\u0131llar\u0131n\u0131 yazarak ge\u00e7irmi\u015f. Resim yapmaktan zevk al\u0131r, yan\u0131nda hep bir eskiz defteri ta\u015f\u0131rm\u0131\u015f. Ani \u00f6l\u00fcm\u00fcn\u00fcn ard\u0131ndan dostlar\u0131<span class=\"excerpt-hellip\"> [\u2026]<\/span><\/p>\n","protected":false},"featured_media":0,"template":"","meta":{"_monsterinsights_skip_tracking":false,"_monsterinsights_sitenote_active":false,"_monsterinsights_sitenote_note":"","_monsterinsights_sitenote_category":0},"product_brand":[],"product_cat":[12291,12866],"product_tag":[],"class_list":{"0":"post-691290","1":"product","2":"type-product","3":"status-publish","5":"product_cat-edebiyat","6":"product_cat-ingiliz-edebiyati","7":"pa_cilt-ciltsiz","8":"pa_tur-kitap","9":"pa_yayinevi-metis-yayinlari","10":"pa_yazar-john-berger","12":"first","13":"instock","14":"sale","15":"shipping-taxable","16":"purchasable","17":"product-type-simple"},"_links":{"self":[{"href":"https:\/\/roveyayinevi.com.tr\/index.php\/wp-json\/wp\/v2\/product\/691290","targetHints":{"allow":["GET"]}}],"collection":[{"href":"https:\/\/roveyayinevi.com.tr\/index.php\/wp-json\/wp\/v2\/product"}],"about":[{"href":"https:\/\/roveyayinevi.com.tr\/index.php\/wp-json\/wp\/v2\/types\/product"}],"wp:attachment":[{"href":"https:\/\/roveyayinevi.com.tr\/index.php\/wp-json\/wp\/v2\/media?parent=691290"}],"wp:term":[{"taxonomy":"product_brand","embeddable":true,"href":"https:\/\/roveyayinevi.com.tr\/index.php\/wp-json\/wp\/v2\/product_brand?post=691290"},{"taxonomy":"product_cat","embeddable":true,"href":"https:\/\/roveyayinevi.com.tr\/index.php\/wp-json\/wp\/v2\/product_cat?post=691290"},{"taxonomy":"product_tag","embeddable":true,"href":"https:\/\/roveyayinevi.com.tr\/index.php\/wp-json\/wp\/v2\/product_tag?post=691290"}],"curies":[{"name":"wp","href":"https:\/\/api.w.org\/{rel}","templated":true}]}}