{"id":691286,"date":"2025-08-27T13:57:48","date_gmt":"2025-08-27T10:57:48","guid":{"rendered":"https:\/\/roveyayinevi.com.tr\/index.php\/urun\/nutuk-makinesi\/"},"modified":"2026-04-16T02:00:48","modified_gmt":"2026-04-15T23:00:48","slug":"nutuk-makinesi","status":"publish","type":"product","link":"https:\/\/roveyayinevi.com.tr\/index.php\/urun\/nutuk-makinesi\/","title":{"rendered":"Nutuk Makinesi"},"content":{"rendered":"<p>Memleketimizin en \u00e7ok gereksindi\u011fi makine, bence ne trakt\u00f6r, ne buzdolab\u0131, ne otomobil, ne de \u00e7ama\u015f\u0131r makinesi&#8230; Bize as\u0131l gerekli olan i\u015fte b\u00f6yle bir makine- adam. Yaln\u0131z \u015fark\u0131 s\u00f6ylemeyecek de, \u015fark\u0131 yerine nutuk s\u00f6yleyecek. Ama yaln\u0131z iktidara de\u011fil, her partiye b\u00f6yle bir nutuk makinesi gerekli. \u00c7\u00fcnk\u00fc partilerimizin nutuklar\u0131 eskidi, dinleye dinleye hepsinden b\u0131kt\u0131k. On y\u0131ldan beri hep o plaklar&#8230; \ufffcTan\u0131t\u0131m Metni<\/p>\n","protected":false},"excerpt":{"rendered":"<p>Memleketimizin en \u00e7ok gereksindi\u011fi makine, bence ne trakt\u00f6r, ne buzdolab\u0131, ne otomobil, ne de \u00e7ama\u015f\u0131r makinesi&#8230; Bize as\u0131l gerekli olan i\u015fte b\u00f6yle bir makine- adam. Yaln\u0131z<span class=\"excerpt-hellip\"> [\u2026]<\/span><\/p>\n","protected":false},"featured_media":0,"template":"","meta":{"_monsterinsights_skip_tracking":false,"_monsterinsights_sitenote_active":false,"_monsterinsights_sitenote_note":"","_monsterinsights_sitenote_category":0},"product_brand":[],"product_cat":[13059,12337],"product_tag":[],"class_list":{"0":"post-691286","1":"product","2":"type-product","3":"status-publish","5":"product_cat-diger-politika-siyaset","6":"product_cat-politika-siyaset","7":"pa_tur-kitap","8":"pa_yayinevi-nesin-yayinlari","9":"pa_yazar-aziz-nesin","11":"first","12":"instock","13":"sale","14":"shipping-taxable","15":"purchasable","16":"product-type-simple"},"_links":{"self":[{"href":"https:\/\/roveyayinevi.com.tr\/index.php\/wp-json\/wp\/v2\/product\/691286","targetHints":{"allow":["GET"]}}],"collection":[{"href":"https:\/\/roveyayinevi.com.tr\/index.php\/wp-json\/wp\/v2\/product"}],"about":[{"href":"https:\/\/roveyayinevi.com.tr\/index.php\/wp-json\/wp\/v2\/types\/product"}],"wp:attachment":[{"href":"https:\/\/roveyayinevi.com.tr\/index.php\/wp-json\/wp\/v2\/media?parent=691286"}],"wp:term":[{"taxonomy":"product_brand","embeddable":true,"href":"https:\/\/roveyayinevi.com.tr\/index.php\/wp-json\/wp\/v2\/product_brand?post=691286"},{"taxonomy":"product_cat","embeddable":true,"href":"https:\/\/roveyayinevi.com.tr\/index.php\/wp-json\/wp\/v2\/product_cat?post=691286"},{"taxonomy":"product_tag","embeddable":true,"href":"https:\/\/roveyayinevi.com.tr\/index.php\/wp-json\/wp\/v2\/product_tag?post=691286"}],"curies":[{"name":"wp","href":"https:\/\/api.w.org\/{rel}","templated":true}]}}