{"id":691284,"date":"2025-08-27T13:57:48","date_gmt":"2025-08-27T10:57:48","guid":{"rendered":"https:\/\/roveyayinevi.com.tr\/index.php\/urun\/japonyadan-oykuler\/"},"modified":"2026-04-16T02:00:48","modified_gmt":"2026-04-15T23:00:48","slug":"japonyadan-oykuler","status":"publish","type":"product","link":"https:\/\/roveyayinevi.com.tr\/index.php\/urun\/japonyadan-oykuler\/","title":{"rendered":"Japonya\u2019dan \u00d6yk\u00fcler"},"content":{"rendered":"<p>Japonya\u2019n\u0131n \u00f6nde gelen \u00e7ocuk edebiyat\u0131 yazarlar\u0131ndan biri olan Kenci Miyazava (1896 &#8211; 1933), yazarl\u0131\u011f\u0131n\u0131n, \u00f6\u011fretmenli\u011finin ve yerbilimcili\u011finin yan\u0131 s\u0131ra toplumsal eylemlerdeki rolleriyle de tan\u0131nd\u0131. \ufffcTan\u0131t\u0131m Metni<\/p>\n","protected":false},"excerpt":{"rendered":"<p>Japonya\u2019n\u0131n \u00f6nde gelen \u00e7ocuk edebiyat\u0131 yazarlar\u0131ndan biri olan Kenci Miyazava (1896 &#8211; 1933), yazarl\u0131\u011f\u0131n\u0131n, \u00f6\u011fretmenli\u011finin ve yerbilimcili\u011finin yan\u0131 s\u0131ra toplumsal eylemlerdeki rolleriyle de tan\u0131nd\u0131. \ufffcTan\u0131t\u0131m Metni<\/p>\n","protected":false},"featured_media":0,"template":"","meta":{"_monsterinsights_skip_tracking":false,"_monsterinsights_sitenote_active":false,"_monsterinsights_sitenote_note":"","_monsterinsights_sitenote_category":0},"product_brand":[],"product_cat":[12291,12711],"product_tag":[],"class_list":{"0":"post-691284","1":"product","2":"type-product","3":"status-publish","5":"product_cat-edebiyat","6":"product_cat-roman-oyku","7":"pa_tur-kitap","8":"pa_yayinevi-nesin-yayinlari","9":"pa_yazar-kenci-miyazava","11":"first","12":"instock","13":"sale","14":"shipping-taxable","15":"purchasable","16":"product-type-simple"},"_links":{"self":[{"href":"https:\/\/roveyayinevi.com.tr\/index.php\/wp-json\/wp\/v2\/product\/691284","targetHints":{"allow":["GET"]}}],"collection":[{"href":"https:\/\/roveyayinevi.com.tr\/index.php\/wp-json\/wp\/v2\/product"}],"about":[{"href":"https:\/\/roveyayinevi.com.tr\/index.php\/wp-json\/wp\/v2\/types\/product"}],"wp:attachment":[{"href":"https:\/\/roveyayinevi.com.tr\/index.php\/wp-json\/wp\/v2\/media?parent=691284"}],"wp:term":[{"taxonomy":"product_brand","embeddable":true,"href":"https:\/\/roveyayinevi.com.tr\/index.php\/wp-json\/wp\/v2\/product_brand?post=691284"},{"taxonomy":"product_cat","embeddable":true,"href":"https:\/\/roveyayinevi.com.tr\/index.php\/wp-json\/wp\/v2\/product_cat?post=691284"},{"taxonomy":"product_tag","embeddable":true,"href":"https:\/\/roveyayinevi.com.tr\/index.php\/wp-json\/wp\/v2\/product_tag?post=691284"}],"curies":[{"name":"wp","href":"https:\/\/api.w.org\/{rel}","templated":true}]}}