{"id":691282,"date":"2025-08-27T13:57:48","date_gmt":"2025-08-27T10:57:48","guid":{"rendered":"https:\/\/roveyayinevi.com.tr\/index.php\/urun\/yuzumuzdeki-gizli-kodlar\/"},"modified":"2026-04-16T02:00:48","modified_gmt":"2026-04-15T23:00:48","slug":"yuzumuzdeki-gizli-kodlar","status":"publish","type":"product","link":"https:\/\/roveyayinevi.com.tr\/index.php\/urun\/yuzumuzdeki-gizli-kodlar\/","title":{"rendered":"Y\u00fcz\u00fcm\u00fczdeki Gizli Kodlar"},"content":{"rendered":"<p>Fark\u0131nda olal\u0131m ya da olmayal\u0131m, birine bakt\u0131\u011f\u0131m\u0131zda y\u00fcz ifadelerini okuruz ve o ki\u015fi hakk\u0131nda bir yarg\u0131da bulunuruz. Hatta k\u00fc\u00e7\u00fck bebekler bile, anne ve babalar\u0131n\u0131n y\u00fcz ifadelerini yorumlamay\u0131 \u00e7ok \u00e7abuk \u00f6\u011frenirler. \ufffcTan\u0131t\u0131m Metni<\/p>\n","protected":false},"excerpt":{"rendered":"<p>Fark\u0131nda olal\u0131m ya da olmayal\u0131m, birine bakt\u0131\u011f\u0131m\u0131zda y\u00fcz ifadelerini okuruz ve o ki\u015fi hakk\u0131nda bir yarg\u0131da bulunuruz. Hatta k\u00fc\u00e7\u00fck bebekler bile, anne ve babalar\u0131n\u0131n y\u00fcz ifadelerini<span class=\"excerpt-hellip\"> [\u2026]<\/span><\/p>\n","protected":false},"featured_media":0,"template":"","meta":{"_monsterinsights_skip_tracking":false,"_monsterinsights_sitenote_active":false,"_monsterinsights_sitenote_note":"","_monsterinsights_sitenote_category":0},"product_brand":[],"product_cat":[12364,12376],"product_tag":[],"class_list":{"0":"post-691282","1":"product","2":"type-product","3":"status-publish","5":"product_cat-genel-konular","6":"product_cat-kisisel-gelisim","7":"pa_cilt-ciltsiz","8":"pa_tur-kitap","9":"pa_yayinevi-new-age-yayinlari","10":"pa_yazar-nuran-uckun-sarikaya","12":"first","13":"instock","14":"sale","15":"shipping-taxable","16":"purchasable","17":"product-type-simple"},"_links":{"self":[{"href":"https:\/\/roveyayinevi.com.tr\/index.php\/wp-json\/wp\/v2\/product\/691282","targetHints":{"allow":["GET"]}}],"collection":[{"href":"https:\/\/roveyayinevi.com.tr\/index.php\/wp-json\/wp\/v2\/product"}],"about":[{"href":"https:\/\/roveyayinevi.com.tr\/index.php\/wp-json\/wp\/v2\/types\/product"}],"wp:attachment":[{"href":"https:\/\/roveyayinevi.com.tr\/index.php\/wp-json\/wp\/v2\/media?parent=691282"}],"wp:term":[{"taxonomy":"product_brand","embeddable":true,"href":"https:\/\/roveyayinevi.com.tr\/index.php\/wp-json\/wp\/v2\/product_brand?post=691282"},{"taxonomy":"product_cat","embeddable":true,"href":"https:\/\/roveyayinevi.com.tr\/index.php\/wp-json\/wp\/v2\/product_cat?post=691282"},{"taxonomy":"product_tag","embeddable":true,"href":"https:\/\/roveyayinevi.com.tr\/index.php\/wp-json\/wp\/v2\/product_tag?post=691282"}],"curies":[{"name":"wp","href":"https:\/\/api.w.org\/{rel}","templated":true}]}}