{"id":691281,"date":"2025-08-27T13:57:48","date_gmt":"2025-08-27T10:57:48","guid":{"rendered":"https:\/\/roveyayinevi.com.tr\/index.php\/urun\/insanlar-konusa-konusa\/"},"modified":"2026-04-16T02:00:48","modified_gmt":"2026-04-15T23:00:48","slug":"insanlar-konusa-konusa","status":"publish","type":"product","link":"https:\/\/roveyayinevi.com.tr\/index.php\/urun\/insanlar-konusa-konusa\/","title":{"rendered":"\u0130nsanlar Konu\u015fa Konu\u015fa"},"content":{"rendered":"<p>Siz ya da ba\u015fkalar\u0131 bana ya da ba\u015fka yazarlara her ne sorarsan\u0131z sorun, sorunuz politik ve alaca\u011f\u0131n\u0131z yan\u0131t da politik olacakt\u0131r. \u00c7\u00fcnk\u00fc Roma yanarken keyifle arp \u00e7alabilmek i\u00e7in Neron kertesinde k\u0131y\u0131c\u0131 ve sap\u0131k olmak gerekir. \ufffcTan\u0131t\u0131m Metni<\/p>\n","protected":false},"excerpt":{"rendered":"<p>Siz ya da ba\u015fkalar\u0131 bana ya da ba\u015fka yazarlara her ne sorarsan\u0131z sorun, sorunuz politik ve alaca\u011f\u0131n\u0131z yan\u0131t da politik olacakt\u0131r. \u00c7\u00fcnk\u00fc Roma yanarken keyifle arp<span class=\"excerpt-hellip\"> [\u2026]<\/span><\/p>\n","protected":false},"featured_media":0,"template":"","meta":{"_monsterinsights_skip_tracking":false,"_monsterinsights_sitenote_active":false,"_monsterinsights_sitenote_note":"","_monsterinsights_sitenote_category":0},"product_brand":[],"product_cat":[12782,12291],"product_tag":[],"class_list":{"0":"post-691281","1":"product","2":"type-product","3":"status-publish","5":"product_cat-alman-edebiyati","6":"product_cat-edebiyat","7":"pa_tur-kitap","8":"pa_yayinevi-nesin-yayinlari","9":"pa_yazar-aziz-nesin","11":"first","12":"instock","13":"sale","14":"shipping-taxable","15":"purchasable","16":"product-type-simple"},"_links":{"self":[{"href":"https:\/\/roveyayinevi.com.tr\/index.php\/wp-json\/wp\/v2\/product\/691281","targetHints":{"allow":["GET"]}}],"collection":[{"href":"https:\/\/roveyayinevi.com.tr\/index.php\/wp-json\/wp\/v2\/product"}],"about":[{"href":"https:\/\/roveyayinevi.com.tr\/index.php\/wp-json\/wp\/v2\/types\/product"}],"wp:attachment":[{"href":"https:\/\/roveyayinevi.com.tr\/index.php\/wp-json\/wp\/v2\/media?parent=691281"}],"wp:term":[{"taxonomy":"product_brand","embeddable":true,"href":"https:\/\/roveyayinevi.com.tr\/index.php\/wp-json\/wp\/v2\/product_brand?post=691281"},{"taxonomy":"product_cat","embeddable":true,"href":"https:\/\/roveyayinevi.com.tr\/index.php\/wp-json\/wp\/v2\/product_cat?post=691281"},{"taxonomy":"product_tag","embeddable":true,"href":"https:\/\/roveyayinevi.com.tr\/index.php\/wp-json\/wp\/v2\/product_tag?post=691281"}],"curies":[{"name":"wp","href":"https:\/\/api.w.org\/{rel}","templated":true}]}}