{"id":691277,"date":"2025-08-27T13:57:47","date_gmt":"2025-08-27T10:57:47","guid":{"rendered":"https:\/\/roveyayinevi.com.tr\/index.php\/urun\/metis-seckiler-14-baska-yer-donna-harawayden-secme-yazilar\/"},"modified":"2026-04-16T02:00:48","modified_gmt":"2026-04-15T23:00:48","slug":"metis-seckiler-14-baska-yer-donna-harawayden-secme-yazilar","status":"publish","type":"product","link":"https:\/\/roveyayinevi.com.tr\/index.php\/urun\/metis-seckiler-14-baska-yer-donna-harawayden-secme-yazilar\/","title":{"rendered":"Metis Se\u00e7kiler 14 &#8211; Ba\u015fka Yer: Donna Haraway&#8217;den Se\u00e7me Yaz\u0131lar"},"content":{"rendered":"<p>\u0130nsani olan ile insani olmayan\u0131, organik olan ile teknolojik olan\u0131, tarih ile miti, do\u011fa ile k\u00fclt\u00fcr\u00fc beklenmedik \u015fekillerde bir araya getiren, b\u00f6ylece t\u00fcrler aras\u0131ndaki s\u0131n\u0131rlar\u0131 ve hijyenik mesafeleri sorunsalla\u015ft\u0131ran fig\u00fcrlerle kar\u015f\u0131la\u015facaks\u0131n\u0131z bu kitapta: Siborglar, primatlar, yolda\u015f t\u00fcrler, m\u00fctevaz\u0131 tan\u0131k, OnkoFare\u2122, Di\u015fiAdam\u00a9&#8230; Bir yandan kimliklerin k\u0131smili\u011fini, tarihin olumsall\u0131\u011f\u0131n\u0131, anlat\u0131lar\u0131n par\u00e7al\u0131l\u0131\u011f\u0131n\u0131 vurgulayan, di\u011fer yandan s\u00fcrekli nesnelli\u011fin imk\u00e2nlar\u0131n\u0131 ara\u015ft\u0131ran Haraway, her bilginin &#8220;konumlu bilgi&#8221; oldu\u011funu hat\u0131rlat\u0131yor. &#8220;Adalet olmadan do\u011fa da olmaz&#8221; diyen yazar, d\u00fcnya \u00fczerinde insan ya\u015fam\u0131n\u0131n s\u00fcrebilmesinin ko\u015fullar\u0131n\u0131 sorguluyor, yeni bir deneysel ya\u015fam bi\u00e7imine ihtiyac\u0131m\u0131z oldu\u011fu uyar\u0131s\u0131n\u0131 yap\u0131yor. <\/p>\n","protected":false},"excerpt":{"rendered":"<p>\u0130nsani olan ile insani olmayan\u0131, organik olan ile teknolojik olan\u0131, tarih ile miti, do\u011fa ile k\u00fclt\u00fcr\u00fc beklenmedik \u015fekillerde bir araya getiren, b\u00f6ylece t\u00fcrler aras\u0131ndaki s\u0131n\u0131rlar\u0131 ve<span class=\"excerpt-hellip\"> [\u2026]<\/span><\/p>\n","protected":false},"featured_media":0,"template":"","meta":{"_monsterinsights_skip_tracking":false,"_monsterinsights_sitenote_active":false,"_monsterinsights_sitenote_note":"","_monsterinsights_sitenote_category":0},"product_brand":[],"product_cat":[12312,12304],"product_tag":[],"class_list":{"0":"post-691277","1":"product","2":"type-product","3":"status-publish","5":"product_cat-diger","6":"product_cat-tarih","7":"pa_cilt-ciltsiz","8":"pa_tur-kitap","9":"pa_yayinevi-metis-yayinlari","10":"pa_yazar-donna-haraway","12":"first","13":"instock","14":"sale","15":"shipping-taxable","16":"purchasable","17":"product-type-simple"},"_links":{"self":[{"href":"https:\/\/roveyayinevi.com.tr\/index.php\/wp-json\/wp\/v2\/product\/691277","targetHints":{"allow":["GET"]}}],"collection":[{"href":"https:\/\/roveyayinevi.com.tr\/index.php\/wp-json\/wp\/v2\/product"}],"about":[{"href":"https:\/\/roveyayinevi.com.tr\/index.php\/wp-json\/wp\/v2\/types\/product"}],"wp:attachment":[{"href":"https:\/\/roveyayinevi.com.tr\/index.php\/wp-json\/wp\/v2\/media?parent=691277"}],"wp:term":[{"taxonomy":"product_brand","embeddable":true,"href":"https:\/\/roveyayinevi.com.tr\/index.php\/wp-json\/wp\/v2\/product_brand?post=691277"},{"taxonomy":"product_cat","embeddable":true,"href":"https:\/\/roveyayinevi.com.tr\/index.php\/wp-json\/wp\/v2\/product_cat?post=691277"},{"taxonomy":"product_tag","embeddable":true,"href":"https:\/\/roveyayinevi.com.tr\/index.php\/wp-json\/wp\/v2\/product_tag?post=691277"}],"curies":[{"name":"wp","href":"https:\/\/api.w.org\/{rel}","templated":true}]}}