{"id":691276,"date":"2025-08-27T13:57:47","date_gmt":"2025-08-27T10:57:47","guid":{"rendered":"https:\/\/roveyayinevi.com.tr\/index.php\/urun\/bagislanmanin-dort-yolu\/"},"modified":"2026-04-13T02:01:36","modified_gmt":"2026-04-12T23:01:36","slug":"bagislanmanin-dort-yolu","status":"publish","type":"product","link":"https:\/\/roveyayinevi.com.tr\/index.php\/urun\/bagislanmanin-dort-yolu\/","title":{"rendered":"Ba\u011f\u0131\u015flanman\u0131n D\u00f6rt Yolu"},"content":{"rendered":"<p>Zaferle sonu\u00e7lanan her \u00f6zg\u00fcrl\u00fck sava\u015f\u0131, yeni bir \u00f6zg\u00fcrl\u00fck sava\u015f\u0131n\u0131n ba\u015flang\u0131c\u0131 demektir. Werel ve Yeowe&#8217;de s\u0131ra kad\u0131nlarda&#8230; \u015eimdi tiksinerek, hikayemi sadece bu t\u00fcr \u015feylerin olu\u015fturdu\u011funu ama asl\u0131nda bir ya\u015famda, hatta bir k\u00f6lenin ya\u015fam\u0131nda bile cinsellikten \u00e7ok daha fazla \u015feyler oldu\u011funu s\u00f6yleyeceksiniz. Bu do\u011fru. Benim b\u00fct\u00fcn s\u00f6yleyebilece\u011fim hem kad\u0131n, hem erkek olarak en kolay cinselli\u011fimiz konusunda k\u00f6le ediliyor olabildi\u011fimizdir. Hatta h\u00fcr erkekler ve kad\u0131nlar olarak h\u00fcrriyetimizi en zor muhafaza edebildi\u011fimiz yer de oras\u0131 diyebiliriz. Tenin siyasi d\u00fczenleri iktidar\u0131n k\u00f6k\u00fcd\u00fcr. \ufffcTan\u0131t\u0131m Metni<\/p>\n","protected":false},"excerpt":{"rendered":"<p>Zaferle sonu\u00e7lanan her \u00f6zg\u00fcrl\u00fck sava\u015f\u0131, yeni bir \u00f6zg\u00fcrl\u00fck sava\u015f\u0131n\u0131n ba\u015flang\u0131c\u0131 demektir. Werel ve Yeowe&#8217;de s\u0131ra kad\u0131nlarda&#8230; \u015eimdi tiksinerek, hikayemi sadece bu t\u00fcr \u015feylerin olu\u015fturdu\u011funu ama asl\u0131nda<span class=\"excerpt-hellip\"> [\u2026]<\/span><\/p>\n","protected":false},"featured_media":0,"template":"","meta":{"_monsterinsights_skip_tracking":false,"_monsterinsights_sitenote_active":false,"_monsterinsights_sitenote_note":"","_monsterinsights_sitenote_category":0},"product_brand":[],"product_cat":[12891,12291],"product_tag":[],"class_list":{"0":"post-691276","1":"product","2":"type-product","3":"status-publish","5":"product_cat-amerikan-edebiyati","6":"product_cat-edebiyat","7":"pa_cilt-ciltsiz","8":"pa_tur-kitap","9":"pa_yayinevi-metis-yayinlari","10":"pa_yazar-ursula-k-le-guin","12":"first","13":"instock","14":"sale","15":"shipping-taxable","16":"purchasable","17":"product-type-simple"},"_links":{"self":[{"href":"https:\/\/roveyayinevi.com.tr\/index.php\/wp-json\/wp\/v2\/product\/691276","targetHints":{"allow":["GET"]}}],"collection":[{"href":"https:\/\/roveyayinevi.com.tr\/index.php\/wp-json\/wp\/v2\/product"}],"about":[{"href":"https:\/\/roveyayinevi.com.tr\/index.php\/wp-json\/wp\/v2\/types\/product"}],"wp:attachment":[{"href":"https:\/\/roveyayinevi.com.tr\/index.php\/wp-json\/wp\/v2\/media?parent=691276"}],"wp:term":[{"taxonomy":"product_brand","embeddable":true,"href":"https:\/\/roveyayinevi.com.tr\/index.php\/wp-json\/wp\/v2\/product_brand?post=691276"},{"taxonomy":"product_cat","embeddable":true,"href":"https:\/\/roveyayinevi.com.tr\/index.php\/wp-json\/wp\/v2\/product_cat?post=691276"},{"taxonomy":"product_tag","embeddable":true,"href":"https:\/\/roveyayinevi.com.tr\/index.php\/wp-json\/wp\/v2\/product_tag?post=691276"}],"curies":[{"name":"wp","href":"https:\/\/api.w.org\/{rel}","templated":true}]}}