{"id":691275,"date":"2025-08-27T13:57:46","date_gmt":"2025-08-27T10:57:46","guid":{"rendered":"https:\/\/roveyayinevi.com.tr\/index.php\/urun\/esrarli-gece\/"},"modified":"2026-04-16T02:00:48","modified_gmt":"2026-04-15T23:00:48","slug":"esrarli-gece","status":"publish","type":"product","link":"https:\/\/roveyayinevi.com.tr\/index.php\/urun\/esrarli-gece\/","title":{"rendered":"Esrarl\u0131 Gece"},"content":{"rendered":"<p>G\u0130ZEML\u0130 DAVET adl\u0131 bu eser; ya\u015fanm\u0131\u015f ve ismine yak\u0131\u015f\u0131r \u00e7arp\u0131c\u0131 olaylar\u0131n ele al\u0131nd\u0131\u011f\u0131 bir ibret belgesidir ve gizemli <\/p>\n","protected":false},"excerpt":{"rendered":"<p>G\u0130ZEML\u0130 DAVET adl\u0131 bu eser; ya\u015fanm\u0131\u015f ve ismine yak\u0131\u015f\u0131r \u00e7arp\u0131c\u0131 olaylar\u0131n ele al\u0131nd\u0131\u011f\u0131 bir ibret belgesidir ve gizemli<\/p>\n","protected":false},"featured_media":0,"template":"","meta":{"_monsterinsights_skip_tracking":false,"_monsterinsights_sitenote_active":false,"_monsterinsights_sitenote_note":"","_monsterinsights_sitenote_category":0},"product_brand":[],"product_cat":[12718,18102,12719],"product_tag":[],"class_list":{"0":"post-691275","1":"product","2":"type-product","3":"status-publish","5":"product_cat-din","6":"product_cat-edebiyat-roman","7":"product_cat-islam","8":"pa_cilt-ciltsiz","9":"pa_tur-kitap","10":"pa_yayinevi-nesil-yayinlari","11":"pa_yazar-halit-ertugrul","13":"first","14":"instock","15":"sale","16":"shipping-taxable","17":"purchasable","18":"product-type-simple"},"_links":{"self":[{"href":"https:\/\/roveyayinevi.com.tr\/index.php\/wp-json\/wp\/v2\/product\/691275","targetHints":{"allow":["GET"]}}],"collection":[{"href":"https:\/\/roveyayinevi.com.tr\/index.php\/wp-json\/wp\/v2\/product"}],"about":[{"href":"https:\/\/roveyayinevi.com.tr\/index.php\/wp-json\/wp\/v2\/types\/product"}],"wp:attachment":[{"href":"https:\/\/roveyayinevi.com.tr\/index.php\/wp-json\/wp\/v2\/media?parent=691275"}],"wp:term":[{"taxonomy":"product_brand","embeddable":true,"href":"https:\/\/roveyayinevi.com.tr\/index.php\/wp-json\/wp\/v2\/product_brand?post=691275"},{"taxonomy":"product_cat","embeddable":true,"href":"https:\/\/roveyayinevi.com.tr\/index.php\/wp-json\/wp\/v2\/product_cat?post=691275"},{"taxonomy":"product_tag","embeddable":true,"href":"https:\/\/roveyayinevi.com.tr\/index.php\/wp-json\/wp\/v2\/product_tag?post=691275"}],"curies":[{"name":"wp","href":"https:\/\/api.w.org\/{rel}","templated":true}]}}