{"id":691274,"date":"2025-08-27T13:57:46","date_gmt":"2025-08-27T10:57:46","guid":{"rendered":"https:\/\/roveyayinevi.com.tr\/index.php\/urun\/kucuk-mor-yuzlesme-kitabi\/"},"modified":"2026-04-12T02:01:10","modified_gmt":"2026-04-11T23:01:10","slug":"kucuk-mor-yuzlesme-kitabi","status":"publish","type":"product","link":"https:\/\/roveyayinevi.com.tr\/index.php\/urun\/kucuk-mor-yuzlesme-kitabi\/","title":{"rendered":"K\u00fc\u00e7\u00fck Mor Y\u00fczle\u015fme Kitab\u0131"},"content":{"rendered":"<p>Kendin olabilme ihtiyac\u0131, insan\u0131n en k\u00f6kl\u00fc psikolojik ihtiya\u00e7lar\u0131ndan biridir. Buna ra\u011fmen, sonunda paha bi\u00e7ilmez bir \u00f6d\u00fcle ula\u015facak olsak da, ruhun aynas\u0131nda kendine bakmak; kendinle y\u00fczle\u015fmek cesaret ister. Ebeveynlerimizin &#8220;tutsaklar\u0131&#8221; olarak ba\u015flad\u0131\u011f\u0131m\u0131z hayat yolculu\u011fumuz boyunca ili\u015fkide oldu\u011fumuz herkes ve her \u015fey bize, kim olmam\u0131z gerekti\u011fini \u00f6\u011fretir. Her biri kendi i\u00e7inde kendi travmas\u0131n\u0131 bar\u0131nd\u0131ran toplumsal unsurlarla hemhal olduk\u00e7a daha az biz, daha \u00e7ok ba\u015fkalar\u0131 olmay\u0131 \u00f6\u011freniriz. Bir \u00f6m\u00fcr s\u00fcrebilecek bu toplumsal k\u00f6lelik halinden kurtulmak, \u00f6zg\u00fcrl\u00fc\u011fe kavu\u015fmak ancak kendimiz olmay\u0131 ba\u015farmakla m\u00fcmk\u00fcnd\u00fcr. Bu \u00f6zg\u00fcrl\u00fck yolunun en \u00f6nemli d\u00f6nemeci kendinle y\u00fczle\u015fmektir. \ufffcTan\u0131t\u0131m Metni<\/p>\n","protected":false},"excerpt":{"rendered":"<p>Kendin olabilme ihtiyac\u0131, insan\u0131n en k\u00f6kl\u00fc psikolojik ihtiya\u00e7lar\u0131ndan biridir. Buna ra\u011fmen, sonunda paha bi\u00e7ilmez bir \u00f6d\u00fcle ula\u015facak olsak da, ruhun aynas\u0131nda kendine bakmak; kendinle y\u00fczle\u015fmek cesaret<span class=\"excerpt-hellip\"> [\u2026]<\/span><\/p>\n","protected":false},"featured_media":0,"template":"","meta":{"_monsterinsights_skip_tracking":false,"_monsterinsights_sitenote_active":false,"_monsterinsights_sitenote_note":"","_monsterinsights_sitenote_category":0},"product_brand":[],"product_cat":[12364,12376],"product_tag":[],"class_list":{"0":"post-691274","1":"product","2":"type-product","3":"status-publish","5":"product_cat-genel-konular","6":"product_cat-kisisel-gelisim","7":"pa_cilt-ciltli","8":"pa_tur-kitap","9":"pa_yayinevi-kuraldisi-yayinevi","10":"pa_yazar-nil-gun","12":"first","13":"instock","14":"sale","15":"shipping-taxable","16":"purchasable","17":"product-type-simple"},"_links":{"self":[{"href":"https:\/\/roveyayinevi.com.tr\/index.php\/wp-json\/wp\/v2\/product\/691274","targetHints":{"allow":["GET"]}}],"collection":[{"href":"https:\/\/roveyayinevi.com.tr\/index.php\/wp-json\/wp\/v2\/product"}],"about":[{"href":"https:\/\/roveyayinevi.com.tr\/index.php\/wp-json\/wp\/v2\/types\/product"}],"wp:attachment":[{"href":"https:\/\/roveyayinevi.com.tr\/index.php\/wp-json\/wp\/v2\/media?parent=691274"}],"wp:term":[{"taxonomy":"product_brand","embeddable":true,"href":"https:\/\/roveyayinevi.com.tr\/index.php\/wp-json\/wp\/v2\/product_brand?post=691274"},{"taxonomy":"product_cat","embeddable":true,"href":"https:\/\/roveyayinevi.com.tr\/index.php\/wp-json\/wp\/v2\/product_cat?post=691274"},{"taxonomy":"product_tag","embeddable":true,"href":"https:\/\/roveyayinevi.com.tr\/index.php\/wp-json\/wp\/v2\/product_tag?post=691274"}],"curies":[{"name":"wp","href":"https:\/\/api.w.org\/{rel}","templated":true}]}}