{"id":691265,"date":"2025-08-27T13:57:45","date_gmt":"2025-08-27T10:57:45","guid":{"rendered":"https:\/\/roveyayinevi.com.tr\/index.php\/urun\/kedilere-dair\/"},"modified":"2026-04-16T02:00:47","modified_gmt":"2026-04-15T23:00:47","slug":"kedilere-dair","status":"publish","type":"product","link":"https:\/\/roveyayinevi.com.tr\/index.php\/urun\/kedilere-dair\/","title":{"rendered":"Kedilere Dair"},"content":{"rendered":"<p>Ah kedi; derdim, daha do\u011frusu tap\u0131n\u0131rd\u0131m: G\u00fczeeeel kedi! Nefis kedi! Zarif kedi! \u0130pek kedi! T\u00fcyl\u00fc bayku\u015f gibi yumu\u015fac\u0131k kedi, kelebek patili kedi, s\u00fcsl\u00fc kedi, inan\u0131lmaz kedi! Kedi, kedi, kedi, kedi.&#8221; \ufffcTan\u0131t\u0131m Metni<\/p>\n","protected":false},"excerpt":{"rendered":"<p>Ah kedi; derdim, daha do\u011frusu tap\u0131n\u0131rd\u0131m: G\u00fczeeeel kedi! Nefis kedi! Zarif kedi! \u0130pek kedi! T\u00fcyl\u00fc bayku\u015f gibi yumu\u015fac\u0131k kedi, kelebek patili kedi, s\u00fcsl\u00fc kedi, inan\u0131lmaz kedi!<span class=\"excerpt-hellip\"> [\u2026]<\/span><\/p>\n","protected":false},"featured_media":0,"template":"","meta":{"_monsterinsights_skip_tracking":false,"_monsterinsights_sitenote_active":false,"_monsterinsights_sitenote_note":"","_monsterinsights_sitenote_category":0},"product_brand":[],"product_cat":[18545,12291],"product_tag":[],"class_list":{"0":"post-691265","1":"product","2":"type-product","3":"status-publish","5":"product_cat-anlati","6":"product_cat-edebiyat","7":"pa_cilt-ciltsiz","8":"pa_tur-kitap","9":"pa_yayinevi-metis-yayinlari","10":"pa_yazar-doris-lessing","12":"first","13":"instock","14":"sale","15":"shipping-taxable","16":"purchasable","17":"product-type-simple"},"_links":{"self":[{"href":"https:\/\/roveyayinevi.com.tr\/index.php\/wp-json\/wp\/v2\/product\/691265","targetHints":{"allow":["GET"]}}],"collection":[{"href":"https:\/\/roveyayinevi.com.tr\/index.php\/wp-json\/wp\/v2\/product"}],"about":[{"href":"https:\/\/roveyayinevi.com.tr\/index.php\/wp-json\/wp\/v2\/types\/product"}],"wp:attachment":[{"href":"https:\/\/roveyayinevi.com.tr\/index.php\/wp-json\/wp\/v2\/media?parent=691265"}],"wp:term":[{"taxonomy":"product_brand","embeddable":true,"href":"https:\/\/roveyayinevi.com.tr\/index.php\/wp-json\/wp\/v2\/product_brand?post=691265"},{"taxonomy":"product_cat","embeddable":true,"href":"https:\/\/roveyayinevi.com.tr\/index.php\/wp-json\/wp\/v2\/product_cat?post=691265"},{"taxonomy":"product_tag","embeddable":true,"href":"https:\/\/roveyayinevi.com.tr\/index.php\/wp-json\/wp\/v2\/product_tag?post=691265"}],"curies":[{"name":"wp","href":"https:\/\/api.w.org\/{rel}","templated":true}]}}