{"id":691264,"date":"2025-08-27T13:57:44","date_gmt":"2025-08-27T10:57:44","guid":{"rendered":"https:\/\/roveyayinevi.com.tr\/index.php\/urun\/farkiniz-islam-olsun\/"},"modified":"2026-04-16T02:00:47","modified_gmt":"2026-04-15T23:00:47","slug":"farkiniz-islam-olsun","status":"publish","type":"product","link":"https:\/\/roveyayinevi.com.tr\/index.php\/urun\/farkiniz-islam-olsun\/","title":{"rendered":"Fark\u0131n\u0131z \u0130slam Olsun"},"content":{"rendered":"<p>K\u00fclt\u00fcrs\u00fcz Amerikan k\u00fclt\u00fcr\u00fc, g\u00fcn\u00fcm\u00fcz insan\u0131n\u0131 farks\u0131zla\u015ft\u0131r\u0131yor. Ayn\u0131 \u015feyleri giyen, ayn\u0131 g\u0131dalar\u0131 yiyen, ayn\u0131 \u015feyleri d\u00fc\u015f\u00fcnen, tek d\u00fcze ve yal\u0131nkat ya\u015fayan, derinliksiz, farks\u0131z insanlar \u00fcretiyor. Oysa ki, her insan ayr\u0131 bir d\u00fcnyad\u0131r. Maddi yap\u0131s\u0131nda onu di\u011ferlerinden ay\u0131ran \u00e7ok \u00f6nemli farkl\u0131l\u0131klar bulundu\u011fu gibi, manevi d\u00fcnyas\u0131nda da bamba\u015fka \u00f6zellikleri ta\u015f\u0131r. Ancak bu ayr\u0131l\u0131klarda bir gayr\u0131l\u0131k, yabanilik ve birbirine kar\u015f\u0131 yabanc\u0131la\u015fma meydana gelmemesi i\u00e7in tevhid inanc\u0131 etraf\u0131nda birlik sa\u011flanm\u0131\u015f; insanlar, ayn\u0131 Allah\u2019\u0131n kulu olarak birbirine e\u015fitlenmi\u015ftir. B\u00fct\u00fcn etnik k\u00f6kenleri, ayr\u0131 renkleri, dilleri birle\u015ftiren, karde\u015fle\u015ftiren, tek olan Allah\u2019a kullukta bulu\u015fmaktad\u0131r. Bu kullu\u011fu emsalsiz bir g\u00fczellikte temsil eden, hayata ge\u00e7iren Resullah (s.a.v) ve s\u00fcnnetine sadakatla; ay\u0131ran, ba\u015fkala\u015ft\u0131ran, d\u00fc\u015fmanla\u015ft\u0131ran farklar ortadan kalk\u0131yor; hakiki bir dostluk, sevgi, sayg\u0131 ve bar\u0131\u015f ortam\u0131 olu\u015fuyor. <\/p>\n","protected":false},"excerpt":{"rendered":"<p>K\u00fclt\u00fcrs\u00fcz Amerikan k\u00fclt\u00fcr\u00fc, g\u00fcn\u00fcm\u00fcz insan\u0131n\u0131 farks\u0131zla\u015ft\u0131r\u0131yor. Ayn\u0131 \u015feyleri giyen, ayn\u0131 g\u0131dalar\u0131 yiyen, ayn\u0131 \u015feyleri d\u00fc\u015f\u00fcnen, tek d\u00fcze ve yal\u0131nkat ya\u015fayan, derinliksiz, farks\u0131z insanlar \u00fcretiyor. Oysa ki,<span class=\"excerpt-hellip\"> [\u2026]<\/span><\/p>\n","protected":false},"featured_media":0,"template":"","meta":{"_monsterinsights_skip_tracking":false,"_monsterinsights_sitenote_active":false,"_monsterinsights_sitenote_note":"","_monsterinsights_sitenote_category":0},"product_brand":[],"product_cat":[13036,12718,12719],"product_tag":[],"class_list":{"0":"post-691264","1":"product","2":"type-product","3":"status-publish","5":"product_cat-arastirma-inceleme-islam","6":"product_cat-din","7":"product_cat-islam","8":"pa_tur-kitap","9":"pa_yayinevi-nesil-yayinlari","10":"pa_yazar-vehbi-vakkasoglu","12":"first","13":"instock","14":"sale","15":"shipping-taxable","16":"purchasable","17":"product-type-simple"},"_links":{"self":[{"href":"https:\/\/roveyayinevi.com.tr\/index.php\/wp-json\/wp\/v2\/product\/691264","targetHints":{"allow":["GET"]}}],"collection":[{"href":"https:\/\/roveyayinevi.com.tr\/index.php\/wp-json\/wp\/v2\/product"}],"about":[{"href":"https:\/\/roveyayinevi.com.tr\/index.php\/wp-json\/wp\/v2\/types\/product"}],"wp:attachment":[{"href":"https:\/\/roveyayinevi.com.tr\/index.php\/wp-json\/wp\/v2\/media?parent=691264"}],"wp:term":[{"taxonomy":"product_brand","embeddable":true,"href":"https:\/\/roveyayinevi.com.tr\/index.php\/wp-json\/wp\/v2\/product_brand?post=691264"},{"taxonomy":"product_cat","embeddable":true,"href":"https:\/\/roveyayinevi.com.tr\/index.php\/wp-json\/wp\/v2\/product_cat?post=691264"},{"taxonomy":"product_tag","embeddable":true,"href":"https:\/\/roveyayinevi.com.tr\/index.php\/wp-json\/wp\/v2\/product_tag?post=691264"}],"curies":[{"name":"wp","href":"https:\/\/api.w.org\/{rel}","templated":true}]}}