{"id":691259,"date":"2025-08-27T13:57:43","date_gmt":"2025-08-27T10:57:43","guid":{"rendered":"https:\/\/roveyayinevi.com.tr\/index.php\/urun\/at-calmaya-gidiyoruz\/"},"modified":"2026-04-16T02:00:47","modified_gmt":"2026-04-15T23:00:47","slug":"at-calmaya-gidiyoruz","status":"publish","type":"product","link":"https:\/\/roveyayinevi.com.tr\/index.php\/urun\/at-calmaya-gidiyoruz\/","title":{"rendered":"At \u00c7almaya Gidiyoruz"},"content":{"rendered":"<p>\u0130nsanlar onlara bir \u015feyler anlatman\u0131zdan ho\u015flan\u0131yorlar, m\u00fctevaz\u0131 ve g\u00fcven veren bir ses tonuyla yeterince \u015fey anlat\u0131rsan\u0131z sizi tan\u0131d\u0131klar\u0131n\u0131 san\u0131yorlar, ama asl\u0131nda tan\u0131m\u0131yorlar, sizin hakk\u0131n\u0131zda bir \u015feyler \u00f6\u011freniyorlar sadece, \u00e7\u00fcnk\u00fc \u00f6\u011frendikleri \u015feyler olgular, -duygular de\u011fil; herhangi bir \u015fey hakk\u0131nda ne d\u00fc\u015f\u00fcnd\u00fc\u011f\u00fcn\u00fcz\u00fc, ba\u015f\u0131n\u0131za gelenlerin ve verdi\u011finiz kararlar\u0131n sizi nas\u0131l siz yapt\u0131\u011f\u0131n\u0131 bilmiyorlar. Onlar\u0131n yapt\u0131klar\u0131 \u015fey kendi duygular\u0131, d\u00fc\u015f\u00fcnceleri ve tahminleriyle bo\u015fluklar\u0131 doldurmak, sizinle \u00e7ok az ilgisi olan yepyeni bir ya\u015fam yaratmak, b\u00f6ylece art\u0131k g\u00fcvendesiniz. Trond 67 ya\u015f\u0131nda kenti arkas\u0131nda b\u0131rak\u0131p Norve\u00e7 ormanlar\u0131nda inzivaya \u00e7ekilir. Ta\u015fra hayat\u0131 g\u00fczeldir ama daha on be\u015f ya\u015f\u0131ndayken hayat\u0131n\u0131 alt \u00fcst eden olaylar tesad\u00fcf eseri yeniden zihnine h\u00fccum eder. Art\u0131k sand\u0131ktaki s\u0131rlar\u0131n bir bir ortaya d\u00f6k\u00fclme vakti gelmi\u015ftir. At \u00c7almaya Gidiyoruz, \u00e7ok g\u00fczel ve etkileyici bir roman. \u00c7evrildi\u011fi b\u00fct\u00fcn dillerde de \u00e7ok be\u011fenildi ve iyi ele\u015ftiriler ald\u0131. 2007\u2019de New York Times gazetesinin yay\u0131mlad\u0131\u011f\u0131 y\u0131l\u0131n en iyi be\u015f edebiyat yap\u0131t\u0131 listesindeydi. \ufffcTan\u0131t\u0131m Metni<\/p>\n","protected":false},"excerpt":{"rendered":"<p>\u0130nsanlar onlara bir \u015feyler anlatman\u0131zdan ho\u015flan\u0131yorlar, m\u00fctevaz\u0131 ve g\u00fcven veren bir ses tonuyla yeterince \u015fey anlat\u0131rsan\u0131z sizi tan\u0131d\u0131klar\u0131n\u0131 san\u0131yorlar, ama asl\u0131nda tan\u0131m\u0131yorlar, sizin hakk\u0131n\u0131zda bir \u015feyler<span class=\"excerpt-hellip\"> [\u2026]<\/span><\/p>\n","protected":false},"featured_media":0,"template":"","meta":{"_monsterinsights_skip_tracking":false,"_monsterinsights_sitenote_active":false,"_monsterinsights_sitenote_note":"","_monsterinsights_sitenote_category":0},"product_brand":[],"product_cat":[13661,12291],"product_tag":[],"class_list":{"0":"post-691259","1":"product","2":"type-product","3":"status-publish","5":"product_cat-diger-ulke-edebiyatlari","6":"product_cat-edebiyat","7":"pa_cilt-ciltsiz","8":"pa_tur-kitap","9":"pa_yayinevi-metis-yayinlari","10":"pa_yazar-per-petterson","12":"first","13":"instock","14":"sale","15":"shipping-taxable","16":"purchasable","17":"product-type-simple"},"_links":{"self":[{"href":"https:\/\/roveyayinevi.com.tr\/index.php\/wp-json\/wp\/v2\/product\/691259","targetHints":{"allow":["GET"]}}],"collection":[{"href":"https:\/\/roveyayinevi.com.tr\/index.php\/wp-json\/wp\/v2\/product"}],"about":[{"href":"https:\/\/roveyayinevi.com.tr\/index.php\/wp-json\/wp\/v2\/types\/product"}],"wp:attachment":[{"href":"https:\/\/roveyayinevi.com.tr\/index.php\/wp-json\/wp\/v2\/media?parent=691259"}],"wp:term":[{"taxonomy":"product_brand","embeddable":true,"href":"https:\/\/roveyayinevi.com.tr\/index.php\/wp-json\/wp\/v2\/product_brand?post=691259"},{"taxonomy":"product_cat","embeddable":true,"href":"https:\/\/roveyayinevi.com.tr\/index.php\/wp-json\/wp\/v2\/product_cat?post=691259"},{"taxonomy":"product_tag","embeddable":true,"href":"https:\/\/roveyayinevi.com.tr\/index.php\/wp-json\/wp\/v2\/product_tag?post=691259"}],"curies":[{"name":"wp","href":"https:\/\/api.w.org\/{rel}","templated":true}]}}