{"id":691257,"date":"2025-08-27T13:57:43","date_gmt":"2025-08-27T10:57:43","guid":{"rendered":"https:\/\/roveyayinevi.com.tr\/index.php\/urun\/asker-kacagi\/"},"modified":"2026-02-03T02:02:28","modified_gmt":"2026-02-02T23:02:28","slug":"asker-kacagi","status":"publish","type":"product","link":"https:\/\/roveyayinevi.com.tr\/index.php\/urun\/asker-kacagi\/","title":{"rendered":"Asker Ka\u00e7a\u011f\u0131"},"content":{"rendered":"<p>Philip K. Dick, Alfred Bester, William Tenn, Katherine MacLean, Stanislaw Lem, Eric Frank Russell ve M\u00fcfit \u00d6zde\u015f\u2019in \u00f6yk\u00fclerinin yer ald\u0131\u011f\u0131 Asker Ka\u00e7a\u011f\u0131  yenili\u011fini hi\u00e7 kaybetmeyen  klasik bir bilimkurgu se\u00e7kisi. \u0130lk yay\u0131m tarihinden 20 y\u0131l sonra yeniden merakl\u0131lar\u0131n\u0131n kar\u015f\u0131s\u0131nda.  Sava\u015fa ve militarizme kar\u015f\u0131 bir \u00f6yk\u00fcler derlemesinin bilimkurgu alan\u0131ndan se\u00e7ilmesinin anlam\u0131 nedir? Edebiyatta bilimkurgu d\u0131\u015f\u0131nda da antimilitarist olunabilir ku\u015fkusuz. Ancak bilimkurgunun b\u00fcy\u00fck bir avantaj\u0131 var: G\u00fcndelik ya\u015fam\u0131m\u0131za sorgulanmaz bir bi\u00e7imde yerle\u015fmi\u015f olan sava\u015fperverli\u011fi, militarizmi, \u00fcniforma, emir-kumanda ve dayak bi\u00e7iminde bir par\u00e7am\u0131z olan askerli\u011fi do\u011fas\u0131 gere\u011fi, \u00e7ok daha rahat bir bi\u00e7imde yad\u0131rgatabilir bilimkurgu. Bunu bir robot-masal\u0131 bi\u00e7iminde yapabilir, asker kafas\u0131yla a\u00e7\u0131k a\u00e7\u0131k dalga ge\u00e7ebilir, ya da beraberce kendi gezegenlerine ihanet ederek \u00f6l\u00fcm\u00fc se\u00e7en bir Arzl\u0131 ile, tonlarca a\u011f\u0131rl\u0131\u011f\u0131yla bize \u015fekilsiz g\u00f6r\u00fcnen bir J\u00fcpiterli\u2019nin ac\u0131kl\u0131 \u00f6yk\u00fcs\u00fcn\u00fc anlatabilir. Militarizmin insani de\u011ferlere yapt\u0131\u011f\u0131 tahribat\u0131 b\u00fct\u00fcn \u015fairlerin yok oldu\u011fu bir d\u00fcnyadan daha iyi ne anlatabilir? Bug\u00fcn fark\u0131na bile varmadan kabullendi\u011fimiz bir\u00e7ok ufak-tefek politik karar\u0131n yar\u0131n yol a\u00e7aca\u011f\u0131 sonu\u00e7lar\u0131, gelece\u011fe gidip \u2018yerinde ve zaman\u0131nda\u2019 g\u00f6rmekten daha iyi ne sokabilir kafam\u0131za?  -B\u00fclent Somay- <\/p>\n","protected":false},"excerpt":{"rendered":"<p>Philip K. Dick, Alfred Bester, William Tenn, Katherine MacLean, Stanislaw Lem, Eric Frank Russell ve M\u00fcfit \u00d6zde\u015f\u2019in \u00f6yk\u00fclerinin yer ald\u0131\u011f\u0131 Asker Ka\u00e7a\u011f\u0131 yenili\u011fini hi\u00e7 kaybetmeyen klasik<span class=\"excerpt-hellip\"> [\u2026]<\/span><\/p>\n","protected":false},"featured_media":0,"template":"","meta":{"_monsterinsights_skip_tracking":false,"_monsterinsights_sitenote_active":false,"_monsterinsights_sitenote_note":"","_monsterinsights_sitenote_category":0},"product_brand":[],"product_cat":[12540,12291],"product_tag":[],"class_list":{"0":"post-691257","1":"product","2":"type-product","3":"status-publish","5":"product_cat-bilim-kurgu","6":"product_cat-edebiyat","7":"pa_cilt-ciltsiz","8":"pa_tur-kitap","9":"pa_yayinevi-metis-yayinlari","10":"pa_yazar-bulent-somay-der","12":"first","13":"instock","14":"sale","15":"shipping-taxable","16":"purchasable","17":"product-type-simple"},"_links":{"self":[{"href":"https:\/\/roveyayinevi.com.tr\/index.php\/wp-json\/wp\/v2\/product\/691257","targetHints":{"allow":["GET"]}}],"collection":[{"href":"https:\/\/roveyayinevi.com.tr\/index.php\/wp-json\/wp\/v2\/product"}],"about":[{"href":"https:\/\/roveyayinevi.com.tr\/index.php\/wp-json\/wp\/v2\/types\/product"}],"wp:attachment":[{"href":"https:\/\/roveyayinevi.com.tr\/index.php\/wp-json\/wp\/v2\/media?parent=691257"}],"wp:term":[{"taxonomy":"product_brand","embeddable":true,"href":"https:\/\/roveyayinevi.com.tr\/index.php\/wp-json\/wp\/v2\/product_brand?post=691257"},{"taxonomy":"product_cat","embeddable":true,"href":"https:\/\/roveyayinevi.com.tr\/index.php\/wp-json\/wp\/v2\/product_cat?post=691257"},{"taxonomy":"product_tag","embeddable":true,"href":"https:\/\/roveyayinevi.com.tr\/index.php\/wp-json\/wp\/v2\/product_tag?post=691257"}],"curies":[{"name":"wp","href":"https:\/\/api.w.org\/{rel}","templated":true}]}}