{"id":691254,"date":"2025-08-27T13:57:43","date_gmt":"2025-08-27T10:57:43","guid":{"rendered":"https:\/\/roveyayinevi.com.tr\/index.php\/urun\/akdeniz-mekan-tarih-insanlar-ve-miras\/"},"modified":"2026-04-16T02:00:47","modified_gmt":"2026-04-15T23:00:47","slug":"akdeniz-mekan-tarih-insanlar-ve-miras","status":"publish","type":"product","link":"https:\/\/roveyayinevi.com.tr\/index.php\/urun\/akdeniz-mekan-tarih-insanlar-ve-miras\/","title":{"rendered":"Akdeniz: Mekan, Tarih, \u0130nsanlar ve Miras"},"content":{"rendered":"<p>Bir Metis klasi\u011fi olan Akdeniz, Fernand Braudel&#8217;in y\u00f6netiminde, okura Akdeniz tarih ve co\u011frafyas\u0131n\u0131 okuman\u0131n zevkini tatt\u0131rmak i\u00e7in haz\u0131rlanm\u0131\u015f \u00f6zel bir edisyondur. Braudel&#8217;in makaleleri d\u0131\u015f\u0131nda uzman tarih\u00e7iler Roger Arnaldez, Maurice Aymard, Jean Gaudemet, Piergiorgio Solinas ve Georges Duby&#8217;nin katk\u0131lar\u0131n\u0131 i\u00e7eren kitab\u0131 ge\u00e7mi\u015f y\u0131llarda &#8220;Mek\u00e2n ve Tarih&#8221; ile &#8220;\u0130nsanlar ve Miras&#8221; ba\u015fl\u0131klar\u0131 alt\u0131nda iki ayr\u0131 cilt olarak yay\u0131mlam\u0131\u015ft\u0131k; bu \u00fc\u00e7\u00fcnc\u00fc bas\u0131mda ikisini tek ciltte toplad\u0131k. Akdeniz&#8217;i yeni ku\u015faklardan zevkle okuyacak okurlar\u0131m\u0131z oldu\u011funu biliyoruz. \ufffcTan\u0131t\u0131m Metni<\/p>\n","protected":false},"excerpt":{"rendered":"<p>Bir Metis klasi\u011fi olan Akdeniz, Fernand Braudel&#8217;in y\u00f6netiminde, okura Akdeniz tarih ve co\u011frafyas\u0131n\u0131 okuman\u0131n zevkini tatt\u0131rmak i\u00e7in haz\u0131rlanm\u0131\u015f \u00f6zel bir edisyondur. Braudel&#8217;in makaleleri d\u0131\u015f\u0131nda uzman tarih\u00e7iler<span class=\"excerpt-hellip\"> [\u2026]<\/span><\/p>\n","protected":false},"featured_media":0,"template":"","meta":{"_monsterinsights_skip_tracking":false,"_monsterinsights_sitenote_active":false,"_monsterinsights_sitenote_note":"","_monsterinsights_sitenote_category":0},"product_brand":[],"product_cat":[12312,12304],"product_tag":[],"class_list":{"0":"post-691254","1":"product","2":"type-product","3":"status-publish","5":"product_cat-diger","6":"product_cat-tarih","7":"pa_cilt-ciltsiz","8":"pa_tur-kitap","9":"pa_yayinevi-metis-yayinlari","10":"pa_yazar-fernand-braudel","12":"first","13":"instock","14":"sale","15":"shipping-taxable","16":"purchasable","17":"product-type-simple"},"_links":{"self":[{"href":"https:\/\/roveyayinevi.com.tr\/index.php\/wp-json\/wp\/v2\/product\/691254","targetHints":{"allow":["GET"]}}],"collection":[{"href":"https:\/\/roveyayinevi.com.tr\/index.php\/wp-json\/wp\/v2\/product"}],"about":[{"href":"https:\/\/roveyayinevi.com.tr\/index.php\/wp-json\/wp\/v2\/types\/product"}],"wp:attachment":[{"href":"https:\/\/roveyayinevi.com.tr\/index.php\/wp-json\/wp\/v2\/media?parent=691254"}],"wp:term":[{"taxonomy":"product_brand","embeddable":true,"href":"https:\/\/roveyayinevi.com.tr\/index.php\/wp-json\/wp\/v2\/product_brand?post=691254"},{"taxonomy":"product_cat","embeddable":true,"href":"https:\/\/roveyayinevi.com.tr\/index.php\/wp-json\/wp\/v2\/product_cat?post=691254"},{"taxonomy":"product_tag","embeddable":true,"href":"https:\/\/roveyayinevi.com.tr\/index.php\/wp-json\/wp\/v2\/product_tag?post=691254"}],"curies":[{"name":"wp","href":"https:\/\/api.w.org\/{rel}","templated":true}]}}