{"id":691253,"date":"2025-08-27T13:57:42","date_gmt":"2025-08-27T10:57:42","guid":{"rendered":"https:\/\/roveyayinevi.com.tr\/index.php\/urun\/inancin-biyolojisi\/"},"modified":"2026-04-08T02:01:37","modified_gmt":"2026-04-07T23:01:37","slug":"inancin-biyolojisi","status":"publish","type":"product","link":"https:\/\/roveyayinevi.com.tr\/index.php\/urun\/inancin-biyolojisi\/","title":{"rendered":"\u0130nanc\u0131n Biyolojisi"},"content":{"rendered":"<p>\u00c7ekim Yasas\u0131, D\u00fc\u015f\u00fcncenin ve Bilin\u00e7alt\u0131n\u0131n G\u00fcc\u00fc kavramlar\u0131na a\u015fina olan okurlar bu kitapta daha derin sorular\u0131n biyolojik ve genetik yan\u0131tlar\u0131n\u0131 bulmaktan m\u00fcthi\u015f keyif alacaklard\u0131r. \u00dcnl\u00fc h\u00fccre biyolo\u011fu ve genetik bilimci Prof. Dr. Bruce H. Lipton alan\u0131nda devrim yaratan \u00e7al\u0131\u015fmalar\u0131nda uluslararas\u0131 bir \u00fcne sahip. Yeni Biyoloji ile Kuantum Fizi\u011fi sentezledi\u011fi bu kitab\u0131nda basit bir dil kullanarak g\u00fcndelik ya\u015famdan \u00f6rneklerle bu s\u00fcreci anlat\u0131yor. H\u00fccreler bana bir b\u00fct\u00fcn\u00fcn par\u00e7as\u0131 oldu\u011fumuzu ve tehlike an\u0131nda bunu unuttu\u011fumuzu \u00f6\u011fretti. Ayr\u0131ca her birimizin kendine \u00f6zg\u00fc biyolojik bir kimli\u011fe sahip oldu\u011funu fark ettim. Peki, b\u00fct\u00fcn bunlar\u0131n sebebi neydi? Her bir insan\u0131n h\u00fccresel toplulu\u011funu kendine \u00f6zg\u00fc hale getiren \u015fey neydi? H\u00fccrelerimizin d\u0131\u015f k\u0131sm\u0131nda gruplar halinde kimlik al\u0131c\u0131lar\u0131 vard\u0131 ve bunlar bir bireyi di\u011ferinden ay\u0131r\u0131yorlard\u0131. <\/p>\n","protected":false},"excerpt":{"rendered":"<p>\u00c7ekim Yasas\u0131, D\u00fc\u015f\u00fcncenin ve Bilin\u00e7alt\u0131n\u0131n G\u00fcc\u00fc kavramlar\u0131na a\u015fina olan okurlar bu kitapta daha derin sorular\u0131n biyolojik ve genetik yan\u0131tlar\u0131n\u0131 bulmaktan m\u00fcthi\u015f keyif alacaklard\u0131r. \u00dcnl\u00fc h\u00fccre biyolo\u011fu<span class=\"excerpt-hellip\"> [\u2026]<\/span><\/p>\n","protected":false},"featured_media":0,"template":"","meta":{"_monsterinsights_skip_tracking":false,"_monsterinsights_sitenote_active":false,"_monsterinsights_sitenote_note":"","_monsterinsights_sitenote_category":0},"product_brand":[],"product_cat":[12364,12376],"product_tag":[],"class_list":{"0":"post-691253","1":"product","2":"type-product","3":"status-publish","5":"product_cat-genel-konular","6":"product_cat-kisisel-gelisim","7":"pa_cilt-ciltsiz","8":"pa_tur-kitap","9":"pa_yayinevi-kuraldisi-yayinevi","10":"pa_yazar-bruce-h-lipton","12":"first","13":"instock","14":"sale","15":"shipping-taxable","16":"purchasable","17":"product-type-simple"},"_links":{"self":[{"href":"https:\/\/roveyayinevi.com.tr\/index.php\/wp-json\/wp\/v2\/product\/691253","targetHints":{"allow":["GET"]}}],"collection":[{"href":"https:\/\/roveyayinevi.com.tr\/index.php\/wp-json\/wp\/v2\/product"}],"about":[{"href":"https:\/\/roveyayinevi.com.tr\/index.php\/wp-json\/wp\/v2\/types\/product"}],"wp:attachment":[{"href":"https:\/\/roveyayinevi.com.tr\/index.php\/wp-json\/wp\/v2\/media?parent=691253"}],"wp:term":[{"taxonomy":"product_brand","embeddable":true,"href":"https:\/\/roveyayinevi.com.tr\/index.php\/wp-json\/wp\/v2\/product_brand?post=691253"},{"taxonomy":"product_cat","embeddable":true,"href":"https:\/\/roveyayinevi.com.tr\/index.php\/wp-json\/wp\/v2\/product_cat?post=691253"},{"taxonomy":"product_tag","embeddable":true,"href":"https:\/\/roveyayinevi.com.tr\/index.php\/wp-json\/wp\/v2\/product_tag?post=691253"}],"curies":[{"name":"wp","href":"https:\/\/api.w.org\/{rel}","templated":true}]}}