{"id":691247,"date":"2025-08-27T13:57:41","date_gmt":"2025-08-27T10:57:41","guid":{"rendered":"https:\/\/roveyayinevi.com.tr\/index.php\/urun\/egitimde-bediuzzaman-modeli\/"},"modified":"2026-04-16T02:00:47","modified_gmt":"2026-04-15T23:00:47","slug":"egitimde-bediuzzaman-modeli","status":"publish","type":"product","link":"https:\/\/roveyayinevi.com.tr\/index.php\/urun\/egitimde-bediuzzaman-modeli\/","title":{"rendered":"E\u011fitimde Bedi\u00fczzaman Modeli"},"content":{"rendered":"<p>\u00d6zellikle son iki as\u0131rdan beri, \u0130slam D\u00fcnyas\u0131\u2019nda \u015fiddetli bir kimlik krizi ya\u015fanmaktad\u0131r. \u0130nan\u00e7 dokusunun tahribat\u0131n\u0131n neticesinde yeni nesillerin fikir d\u00fcnyas\u0131nda hileler ve \u015f\u00fcpheler ortaya \u00e7\u0131km\u0131\u015ft\u0131r. Bug\u00fcn toplumun t\u00fcm kademelerinde ya\u015fanan dram, asl\u0131nda bu \u015f\u00fcphelerin sonucudur. Bu tahribata kar\u015f\u0131 Bedi\u00fczzaman Said Nurs\u00ee, Kur\u2019an\u2019\u0131n \u00e7a\u011flar \u00fcst\u00fc f\u0131tr\u00ee mesaj\u0131n\u0131 toplumun her kesimine ula\u015ft\u0131rarak, milyonlar\u0131n iman\u0131n\u0131n kurtulmas\u0131na vesile olmu\u015ftur ve halen de olmaktad\u0131r. Bedi\u00fczzaman, her kesime iman eksenli bir e\u011fitim modelini tavsiye etmektedir. Peki, bu model nas\u0131l bir modeldir? \u0130\u015fte elinizdeki kitap, bu modeli incelemekte ve Bedi\u00fczzaman\u2019\u0131n \u00e7a\u011flar \u00fcst\u00fc mesaj\u0131n\u0131 g\u00fcn\u00fcm\u00fcz insan\u0131na sunmaya \u00e7al\u0131\u015fmaktad\u0131r. <\/p>\n","protected":false},"excerpt":{"rendered":"<p>\u00d6zellikle son iki as\u0131rdan beri, \u0130slam D\u00fcnyas\u0131\u2019nda \u015fiddetli bir kimlik krizi ya\u015fanmaktad\u0131r. \u0130nan\u00e7 dokusunun tahribat\u0131n\u0131n neticesinde yeni nesillerin fikir d\u00fcnyas\u0131nda hileler ve \u015f\u00fcpheler ortaya \u00e7\u0131km\u0131\u015ft\u0131r. Bug\u00fcn<span class=\"excerpt-hellip\"> [\u2026]<\/span><\/p>\n","protected":false},"featured_media":0,"template":"","meta":{"_monsterinsights_skip_tracking":false,"_monsterinsights_sitenote_active":false,"_monsterinsights_sitenote_note":"","_monsterinsights_sitenote_category":0},"product_brand":[],"product_cat":[16789,12718,12719],"product_tag":[],"class_list":{"0":"post-691247","1":"product","2":"type-product","3":"status-publish","5":"product_cat-diger-islam","6":"product_cat-din","7":"product_cat-islam","8":"pa_tur-kitap","9":"pa_yayinevi-nesil-yayinlari","10":"pa_yazar-halit-ertugrul","12":"first","13":"instock","14":"sale","15":"shipping-taxable","16":"purchasable","17":"product-type-simple"},"_links":{"self":[{"href":"https:\/\/roveyayinevi.com.tr\/index.php\/wp-json\/wp\/v2\/product\/691247","targetHints":{"allow":["GET"]}}],"collection":[{"href":"https:\/\/roveyayinevi.com.tr\/index.php\/wp-json\/wp\/v2\/product"}],"about":[{"href":"https:\/\/roveyayinevi.com.tr\/index.php\/wp-json\/wp\/v2\/types\/product"}],"wp:attachment":[{"href":"https:\/\/roveyayinevi.com.tr\/index.php\/wp-json\/wp\/v2\/media?parent=691247"}],"wp:term":[{"taxonomy":"product_brand","embeddable":true,"href":"https:\/\/roveyayinevi.com.tr\/index.php\/wp-json\/wp\/v2\/product_brand?post=691247"},{"taxonomy":"product_cat","embeddable":true,"href":"https:\/\/roveyayinevi.com.tr\/index.php\/wp-json\/wp\/v2\/product_cat?post=691247"},{"taxonomy":"product_tag","embeddable":true,"href":"https:\/\/roveyayinevi.com.tr\/index.php\/wp-json\/wp\/v2\/product_tag?post=691247"}],"curies":[{"name":"wp","href":"https:\/\/api.w.org\/{rel}","templated":true}]}}