{"id":691243,"date":"2025-08-27T13:57:41","date_gmt":"2025-08-27T10:57:41","guid":{"rendered":"https:\/\/roveyayinevi.com.tr\/index.php\/urun\/kotu-erkegin-uyari-sinyalleri\/"},"modified":"2026-04-16T02:00:47","modified_gmt":"2026-04-15T23:00:47","slug":"kotu-erkegin-uyari-sinyalleri","status":"publish","type":"product","link":"https:\/\/roveyayinevi.com.tr\/index.php\/urun\/kotu-erkegin-uyari-sinyalleri\/","title":{"rendered":"K\u00f6t\u00fc Erke\u011fin Uyar\u0131 Sinyalleri"},"content":{"rendered":"<p>Hayat\u0131n\u0131z\u0131 bir erkekle payla\u015fmaya ba\u015flarken kar\u015f\u0131n\u0131zdaki erke\u011fi nas\u0131l tan\u0131yabilirsiniz? Ya da k\u00f6t\u00fc bir erke\u011fe ba\u011fland\u0131ysan\u0131z, bu k\u00f6t\u00fc erkekten nas\u0131l kurtulabilirsiniz? \ufffcTan\u0131t\u0131m Metni<\/p>\n","protected":false},"excerpt":{"rendered":"<p>Hayat\u0131n\u0131z\u0131 bir erkekle payla\u015fmaya ba\u015flarken kar\u015f\u0131n\u0131zdaki erke\u011fi nas\u0131l tan\u0131yabilirsiniz? Ya da k\u00f6t\u00fc bir erke\u011fe ba\u011fland\u0131ysan\u0131z, bu k\u00f6t\u00fc erkekten nas\u0131l kurtulabilirsiniz? \ufffcTan\u0131t\u0131m Metni<\/p>\n","protected":false},"featured_media":0,"template":"","meta":{"_monsterinsights_skip_tracking":false,"_monsterinsights_sitenote_active":false,"_monsterinsights_sitenote_note":"","_monsterinsights_sitenote_category":0},"product_brand":[],"product_cat":[13633,12324],"product_tag":[],"class_list":{"0":"post-691243","1":"product","2":"type-product","3":"status-publish","5":"product_cat-kultur-ve-bilim","6":"product_cat-sosyoloji","7":"pa_tur-kitap","8":"pa_yayinevi-new-age-yayinlari","9":"pa_yazar-emel-ersan","11":"first","12":"instock","13":"sale","14":"shipping-taxable","15":"purchasable","16":"product-type-simple"},"_links":{"self":[{"href":"https:\/\/roveyayinevi.com.tr\/index.php\/wp-json\/wp\/v2\/product\/691243","targetHints":{"allow":["GET"]}}],"collection":[{"href":"https:\/\/roveyayinevi.com.tr\/index.php\/wp-json\/wp\/v2\/product"}],"about":[{"href":"https:\/\/roveyayinevi.com.tr\/index.php\/wp-json\/wp\/v2\/types\/product"}],"wp:attachment":[{"href":"https:\/\/roveyayinevi.com.tr\/index.php\/wp-json\/wp\/v2\/media?parent=691243"}],"wp:term":[{"taxonomy":"product_brand","embeddable":true,"href":"https:\/\/roveyayinevi.com.tr\/index.php\/wp-json\/wp\/v2\/product_brand?post=691243"},{"taxonomy":"product_cat","embeddable":true,"href":"https:\/\/roveyayinevi.com.tr\/index.php\/wp-json\/wp\/v2\/product_cat?post=691243"},{"taxonomy":"product_tag","embeddable":true,"href":"https:\/\/roveyayinevi.com.tr\/index.php\/wp-json\/wp\/v2\/product_tag?post=691243"}],"curies":[{"name":"wp","href":"https:\/\/api.w.org\/{rel}","templated":true}]}}