{"id":691241,"date":"2025-08-27T13:57:40","date_gmt":"2025-08-27T10:57:40","guid":{"rendered":"https:\/\/roveyayinevi.com.tr\/index.php\/urun\/insanla-basa-cikma-yontemleri\/"},"modified":"2026-04-08T02:01:36","modified_gmt":"2026-04-07T23:01:36","slug":"insanla-basa-cikma-yontemleri","status":"publish","type":"product","link":"https:\/\/roveyayinevi.com.tr\/index.php\/urun\/insanla-basa-cikma-yontemleri\/","title":{"rendered":"\u0130nsanla Ba\u015fa \u00c7\u0131kma Y\u00f6ntemleri"},"content":{"rendered":"<p>D\u00fcnyada hangi konu konu\u015fulursa konu\u015fulsun asl\u0131nda herkes insan\u0131 konu\u015fmaktad\u0131r. Sava\u015flar, bar\u0131\u015flar, teknoloji, bilimsel \u00e7al\u0131\u015fmalar, ekonomi, k\u00fcresel \u0131s\u0131nma, \u00e7evresel felaketler, sanat, spor, siyaset ve sayamad\u0131\u011f\u0131m\u0131z di\u011fer her \u015fey&#8230; \ufffcTan\u0131t\u0131m Metni<\/p>\n","protected":false},"excerpt":{"rendered":"<p>D\u00fcnyada hangi konu konu\u015fulursa konu\u015fulsun asl\u0131nda herkes insan\u0131 konu\u015fmaktad\u0131r. Sava\u015flar, bar\u0131\u015flar, teknoloji, bilimsel \u00e7al\u0131\u015fmalar, ekonomi, k\u00fcresel \u0131s\u0131nma, \u00e7evresel felaketler, sanat, spor, siyaset ve sayamad\u0131\u011f\u0131m\u0131z di\u011fer her<span class=\"excerpt-hellip\"> [\u2026]<\/span><\/p>\n","protected":false},"featured_media":0,"template":"","meta":{"_monsterinsights_skip_tracking":false,"_monsterinsights_sitenote_active":false,"_monsterinsights_sitenote_note":"","_monsterinsights_sitenote_category":0},"product_brand":[],"product_cat":[12364,12376],"product_tag":[],"class_list":{"0":"post-691241","1":"product","2":"type-product","3":"status-publish","5":"product_cat-genel-konular","6":"product_cat-kisisel-gelisim","7":"pa_tur-kitap","8":"pa_yayinevi-new-age-yayinlari","9":"pa_yazar-hidayet-sahin","11":"first","12":"instock","13":"sale","14":"shipping-taxable","15":"purchasable","16":"product-type-simple"},"_links":{"self":[{"href":"https:\/\/roveyayinevi.com.tr\/index.php\/wp-json\/wp\/v2\/product\/691241","targetHints":{"allow":["GET"]}}],"collection":[{"href":"https:\/\/roveyayinevi.com.tr\/index.php\/wp-json\/wp\/v2\/product"}],"about":[{"href":"https:\/\/roveyayinevi.com.tr\/index.php\/wp-json\/wp\/v2\/types\/product"}],"wp:attachment":[{"href":"https:\/\/roveyayinevi.com.tr\/index.php\/wp-json\/wp\/v2\/media?parent=691241"}],"wp:term":[{"taxonomy":"product_brand","embeddable":true,"href":"https:\/\/roveyayinevi.com.tr\/index.php\/wp-json\/wp\/v2\/product_brand?post=691241"},{"taxonomy":"product_cat","embeddable":true,"href":"https:\/\/roveyayinevi.com.tr\/index.php\/wp-json\/wp\/v2\/product_cat?post=691241"},{"taxonomy":"product_tag","embeddable":true,"href":"https:\/\/roveyayinevi.com.tr\/index.php\/wp-json\/wp\/v2\/product_tag?post=691241"}],"curies":[{"name":"wp","href":"https:\/\/api.w.org\/{rel}","templated":true}]}}