{"id":691240,"date":"2025-08-27T13:57:40","date_gmt":"2025-08-27T10:57:40","guid":{"rendered":"https:\/\/roveyayinevi.com.tr\/index.php\/urun\/buyusel-dans-teknikleri\/"},"modified":"2025-12-30T09:38:38","modified_gmt":"2025-12-30T06:38:38","slug":"buyusel-dans-teknikleri","status":"publish","type":"product","link":"https:\/\/roveyayinevi.com.tr\/index.php\/urun\/buyusel-dans-teknikleri\/","title":{"rendered":"B\u00fcy\u00fcsel Dans Teknikleri"},"content":{"rendered":"<p>T\u00fcm d\u00fcnyada New Age Ya\u015fam Felsefesi olarak tan\u0131nan Yeni \u00c7a\u011f\u2019\u0131n yeni anlay\u0131\u015flar\u0131; eskinin bilgeli\u011finden yararlanan ve o bilgeli\u011fi \u00e7a\u011f\u0131m\u0131za getiren bir anlay\u0131\u015f\u0131n \u00fcr\u00fcn\u00fcd\u00fcr. \u015eu anda sizlerle bulu\u015fturdu\u011fumuz bu kitap da \u00f6yle&#8230; Bir zamanlar Orta Asya\u2019da \u015eamanlar\u2019\u0131n, Amerika\u2019da K\u0131z\u0131lderililer\u2019in, Anadolu\u2019da Mevleviler\u2019in uygulad\u0131klar\u0131 Ayinsel Dans Teknikleri , modern d\u00fcnyan\u0131n anlay\u0131\u015f\u0131na sunuluyor. \ufffcTan\u0131t\u0131m Metni<\/p>\n","protected":false},"excerpt":{"rendered":"<p>T\u00fcm d\u00fcnyada New Age Ya\u015fam Felsefesi olarak tan\u0131nan Yeni \u00c7a\u011f\u2019\u0131n yeni anlay\u0131\u015flar\u0131; eskinin bilgeli\u011finden yararlanan ve o bilgeli\u011fi \u00e7a\u011f\u0131m\u0131za getiren bir anlay\u0131\u015f\u0131n \u00fcr\u00fcn\u00fcd\u00fcr. \u015eu anda sizlerle<span class=\"excerpt-hellip\"> [\u2026]<\/span><\/p>\n","protected":false},"featured_media":0,"template":"","meta":{"_monsterinsights_skip_tracking":false,"_monsterinsights_sitenote_active":false,"_monsterinsights_sitenote_note":"","_monsterinsights_sitenote_category":0},"product_brand":[],"product_cat":[12388,15309],"product_tag":[],"class_list":{"0":"post-691240","1":"product","2":"type-product","3":"status-publish","5":"product_cat-felsefe","6":"product_cat-felsefi-akimlar","7":"pa_tur-kitap","8":"pa_yayinevi-new-age-yayinlari","9":"pa_yazar-ted-andrews","11":"first","12":"instock","13":"sale","14":"shipping-taxable","15":"purchasable","16":"product-type-simple"},"_links":{"self":[{"href":"https:\/\/roveyayinevi.com.tr\/index.php\/wp-json\/wp\/v2\/product\/691240","targetHints":{"allow":["GET"]}}],"collection":[{"href":"https:\/\/roveyayinevi.com.tr\/index.php\/wp-json\/wp\/v2\/product"}],"about":[{"href":"https:\/\/roveyayinevi.com.tr\/index.php\/wp-json\/wp\/v2\/types\/product"}],"wp:attachment":[{"href":"https:\/\/roveyayinevi.com.tr\/index.php\/wp-json\/wp\/v2\/media?parent=691240"}],"wp:term":[{"taxonomy":"product_brand","embeddable":true,"href":"https:\/\/roveyayinevi.com.tr\/index.php\/wp-json\/wp\/v2\/product_brand?post=691240"},{"taxonomy":"product_cat","embeddable":true,"href":"https:\/\/roveyayinevi.com.tr\/index.php\/wp-json\/wp\/v2\/product_cat?post=691240"},{"taxonomy":"product_tag","embeddable":true,"href":"https:\/\/roveyayinevi.com.tr\/index.php\/wp-json\/wp\/v2\/product_tag?post=691240"}],"curies":[{"name":"wp","href":"https:\/\/api.w.org\/{rel}","templated":true}]}}