{"id":691238,"date":"2025-08-27T13:57:40","date_gmt":"2025-08-27T10:57:40","guid":{"rendered":"https:\/\/roveyayinevi.com.tr\/index.php\/urun\/ba\/"},"modified":"2026-04-16T02:00:47","modified_gmt":"2026-04-15T23:00:47","slug":"ba","status":"publish","type":"product","link":"https:\/\/roveyayinevi.com.tr\/index.php\/urun\/ba\/","title":{"rendered":"Ba"},"content":{"rendered":"<p>Birhan Keskin&#8217;in yeni kitab\u0131 Ba, 2003-2005 y\u0131llar\u0131 aras\u0131nda yazd\u0131\u011f\u0131 \u015fiirlerden olu\u015fuyor.\u015eairin 1991-2002 y\u0131llar\u0131 aras\u0131nda yay\u0131mlanan Delilirikler, Bakars\u0131n \u00dczg\u00fcn D\u00f6nerim, Cinayet K\u0131\u015f\u0131 + \u0130ki Mektup, Yirmi Lak Tablet + Yolcunun Siyah Bavulu ve Yery\u00fcz\u00fc Halleri adl\u0131 be\u015f kitab\u0131n\u0131 tek cilt i\u00e7inde bir araya getiren Kim Ba\u011f\u0131\u015flayacak Beni ile ayn\u0131 anda yay\u0131mland\u0131.<\/p>\n","protected":false},"excerpt":{"rendered":"<p>Birhan Keskin&#8217;in yeni kitab\u0131 Ba, 2003-2005 y\u0131llar\u0131 aras\u0131nda yazd\u0131\u011f\u0131 \u015fiirlerden olu\u015fuyor.\u015eairin 1991-2002 y\u0131llar\u0131 aras\u0131nda yay\u0131mlanan Delilirikler, Bakars\u0131n \u00dczg\u00fcn D\u00f6nerim, Cinayet K\u0131\u015f\u0131 + \u0130ki Mektup, Yirmi Lak<span class=\"excerpt-hellip\"> [\u2026]<\/span><\/p>\n","protected":false},"featured_media":0,"template":"","meta":{"_monsterinsights_skip_tracking":false,"_monsterinsights_sitenote_active":false,"_monsterinsights_sitenote_note":"","_monsterinsights_sitenote_category":0},"product_brand":[],"product_cat":[12291,12292],"product_tag":[],"class_list":{"0":"post-691238","1":"product","2":"type-product","3":"status-publish","5":"product_cat-edebiyat","6":"product_cat-turk-edebiyati","7":"pa_cilt-ciltsiz","8":"pa_tur-kitap","9":"pa_yayinevi-metis-yayinlari","10":"pa_yazar-birhan-keskin","12":"first","13":"instock","14":"sale","15":"shipping-taxable","16":"purchasable","17":"product-type-simple"},"_links":{"self":[{"href":"https:\/\/roveyayinevi.com.tr\/index.php\/wp-json\/wp\/v2\/product\/691238","targetHints":{"allow":["GET"]}}],"collection":[{"href":"https:\/\/roveyayinevi.com.tr\/index.php\/wp-json\/wp\/v2\/product"}],"about":[{"href":"https:\/\/roveyayinevi.com.tr\/index.php\/wp-json\/wp\/v2\/types\/product"}],"wp:attachment":[{"href":"https:\/\/roveyayinevi.com.tr\/index.php\/wp-json\/wp\/v2\/media?parent=691238"}],"wp:term":[{"taxonomy":"product_brand","embeddable":true,"href":"https:\/\/roveyayinevi.com.tr\/index.php\/wp-json\/wp\/v2\/product_brand?post=691238"},{"taxonomy":"product_cat","embeddable":true,"href":"https:\/\/roveyayinevi.com.tr\/index.php\/wp-json\/wp\/v2\/product_cat?post=691238"},{"taxonomy":"product_tag","embeddable":true,"href":"https:\/\/roveyayinevi.com.tr\/index.php\/wp-json\/wp\/v2\/product_tag?post=691238"}],"curies":[{"name":"wp","href":"https:\/\/api.w.org\/{rel}","templated":true}]}}