{"id":691236,"date":"2025-08-27T13:57:39","date_gmt":"2025-08-27T10:57:39","guid":{"rendered":"https:\/\/roveyayinevi.com.tr\/index.php\/urun\/alexis-ya-da-beyhude-mucadelenin-kitabi\/"},"modified":"2025-11-22T02:15:10","modified_gmt":"2025-11-21T23:15:10","slug":"alexis-ya-da-beyhude-mucadelenin-kitabi","status":"publish","type":"product","link":"https:\/\/roveyayinevi.com.tr\/index.php\/urun\/alexis-ya-da-beyhude-mucadelenin-kitabi\/","title":{"rendered":"Alexis ya da Beyhude M\u00fccadelenin Kitab\u0131"},"content":{"rendered":"<p>Bu mektup bir a\u00e7\u0131klama. Bir savunma halini almas\u0131n\u0131 istemem. Onaylanmay\u0131 dileyecek kadar \u00e7\u0131lg\u0131n de\u011filim; kabul g\u00f6rmeyi bile talep etmiyorum: bu \u00e7ok b\u00fcy\u00fck bir talep. Sadece anla\u015f\u0131lmay\u0131 arzu ediyorum. Hayat, Monique, olas\u0131 b\u00fct\u00fcn tan\u0131mlardan daha karma\u015f\u0131kt\u0131r; basite indirgenmi\u015f her imge, kaba olma riskini ta\u015f\u0131r her zaman. \u015eairlerin kesin terimlerden ka\u00e7\u0131nmas\u0131n\u0131 onaylad\u0131\u011f\u0131m\u0131 da sanmay\u0131n, onlar sadece d\u00fc\u015flerini bilirler; \u015fairlerin d\u00fc\u015flerinde hakikat pay\u0131 \u00e7oktur, fakat hayat bu d\u00fc\u015flerden ibaret de\u011fildir. Hayat \u015fiirden daha fazla bir \u015feydir; fizyolojiden daha fazla bir\u015feydir, o kadar uzun zaman inand\u0131\u011f\u0131m ahlaktan da. Hayat bunlar\u0131n hepsidir ve \u00e7ok daha fazlas\u0131d\u0131r: hayat, hayatt\u0131r. Tek servetimiz ve tek lanetimiz&#8230; Kelimeleri o kadar \u00e7ok ki\u015fi kullan\u0131yor ki Monique, art\u0131k kimseye uygun d\u00fc\u015fm\u00fcyorlar; bilimsel bir terim bir hayat\u0131 nas\u0131l a\u00e7\u0131klayabilir? Bir olay\u0131 bile a\u00e7\u0131klamaz; ona i\u015faret eder. Hep ayn\u0131 \u015fekilde i\u015faret eder, halbuki farkl\u0131 hayatlarda birbirine t\u0131pat\u0131p benzeyen iki olay yoktur, ayn\u0131 hayat\u0131n i\u00e7inde bile yoktur&#8230; <\/p>\n","protected":false},"excerpt":{"rendered":"<p>Bu mektup bir a\u00e7\u0131klama. Bir savunma halini almas\u0131n\u0131 istemem. Onaylanmay\u0131 dileyecek kadar \u00e7\u0131lg\u0131n de\u011filim; kabul g\u00f6rmeyi bile talep etmiyorum: bu \u00e7ok b\u00fcy\u00fck bir talep. Sadece anla\u015f\u0131lmay\u0131<span class=\"excerpt-hellip\"> [\u2026]<\/span><\/p>\n","protected":false},"featured_media":0,"template":"","meta":{"_monsterinsights_skip_tracking":false,"_monsterinsights_sitenote_active":false,"_monsterinsights_sitenote_note":"","_monsterinsights_sitenote_category":0},"product_brand":[],"product_cat":[12291,13376],"product_tag":[],"class_list":{"0":"post-691236","1":"product","2":"type-product","3":"status-publish","5":"product_cat-edebiyat","6":"product_cat-fransiz-edebiyati","7":"pa_cilt-ciltsiz","8":"pa_tur-kitap","9":"pa_yayinevi-metis-yayinlari","10":"pa_yazar-marguerite-yourcenar","12":"first","13":"instock","14":"sale","15":"shipping-taxable","16":"purchasable","17":"product-type-simple"},"_links":{"self":[{"href":"https:\/\/roveyayinevi.com.tr\/index.php\/wp-json\/wp\/v2\/product\/691236","targetHints":{"allow":["GET"]}}],"collection":[{"href":"https:\/\/roveyayinevi.com.tr\/index.php\/wp-json\/wp\/v2\/product"}],"about":[{"href":"https:\/\/roveyayinevi.com.tr\/index.php\/wp-json\/wp\/v2\/types\/product"}],"wp:attachment":[{"href":"https:\/\/roveyayinevi.com.tr\/index.php\/wp-json\/wp\/v2\/media?parent=691236"}],"wp:term":[{"taxonomy":"product_brand","embeddable":true,"href":"https:\/\/roveyayinevi.com.tr\/index.php\/wp-json\/wp\/v2\/product_brand?post=691236"},{"taxonomy":"product_cat","embeddable":true,"href":"https:\/\/roveyayinevi.com.tr\/index.php\/wp-json\/wp\/v2\/product_cat?post=691236"},{"taxonomy":"product_tag","embeddable":true,"href":"https:\/\/roveyayinevi.com.tr\/index.php\/wp-json\/wp\/v2\/product_tag?post=691236"}],"curies":[{"name":"wp","href":"https:\/\/api.w.org\/{rel}","templated":true}]}}