{"id":691227,"date":"2025-08-27T13:56:34","date_gmt":"2025-08-27T10:56:34","guid":{"rendered":"https:\/\/roveyayinevi.com.tr\/index.php\/urun\/asi-sehirler-sehir-hakkindan-kentsel-devrime-dogru-from-the-right-to-the-city-to-the-urban-revolution\/"},"modified":"2026-04-16T02:00:47","modified_gmt":"2026-04-15T23:00:47","slug":"asi-sehirler-sehir-hakkindan-kentsel-devrime-dogru-from-the-right-to-the-city-to-the-urban-revolution","status":"publish","type":"product","link":"https:\/\/roveyayinevi.com.tr\/index.php\/urun\/asi-sehirler-sehir-hakkindan-kentsel-devrime-dogru-from-the-right-to-the-city-to-the-urban-revolution\/","title":{"rendered":"Asi \u015eehirler &#8211; \u015eehir Hakk\u0131ndan Kentsel Devrime Do\u011fru (From the Right to the City to the Urban Revolution)"},"content":{"rendered":"<p>ABD\u2019de 2001\u2019den beri spek\u00fclatif bir bi\u00e7imde \u015fi\u015firilmekte olan gayrimenkul ve ona ba\u011fl\u0131 finans sekt\u00f6r\u00fcnde 2008\u2019de iktisadi bir kriz patlak verdi ve k\u0131sa s\u00fcrede t\u00fcm Avrupa\u2019y\u0131 girdab\u0131na ald\u0131. Asi \u015eehirler, neoliberal iktisat taraf\u0131ndan kurgulanan kriz anlat\u0131s\u0131 ile krizin kendi \u00fczerlerinden telafi edildi\u011fi kitlelerin konumu aras\u0131ndaki makas\u0131n giderek a\u00e7\u0131ld\u0131\u011f\u0131 bu zaman kesitini tahlil ediyor. Bir aya\u011f\u0131 sokakta olan kitap, do\u011frudan eylem lehine uzun vadeli bir kavramsal analiz de sunuyor. Harvey, 1980\u2019lerin ikinci yar\u0131s\u0131ndan bu yana olgunla\u015ft\u0131rmakta oldu\u011fu kentsel iktisat anlay\u0131\u015f\u0131n\u0131 burada \u00f6zl\u00fc bir bi\u00e7imde ortaya koyarken, bir yandan da kavramsal soru ve \u00e7\u00f6z\u00fcmlemelerin kentsel toplumsal hareketler a\u00e7\u0131s\u0131ndan ne gibi yeni do\u011frultulara i\u015faret edebilece\u011fini irdeliyor.<\/p>\n","protected":false},"excerpt":{"rendered":"<p>ABD\u2019de 2001\u2019den beri spek\u00fclatif bir bi\u00e7imde \u015fi\u015firilmekte olan gayrimenkul ve ona ba\u011fl\u0131 finans sekt\u00f6r\u00fcnde 2008\u2019de iktisadi bir kriz patlak verdi ve k\u0131sa s\u00fcrede t\u00fcm Avrupa\u2019y\u0131 girdab\u0131na<span class=\"excerpt-hellip\"> [\u2026]<\/span><\/p>\n","protected":false},"featured_media":0,"template":"","meta":{"_monsterinsights_skip_tracking":false,"_monsterinsights_sitenote_active":false,"_monsterinsights_sitenote_note":"","_monsterinsights_sitenote_category":0},"product_brand":[],"product_cat":[12767,12324],"product_tag":[],"class_list":{"0":"post-691227","1":"product","2":"type-product","3":"status-publish","5":"product_cat-kentlesme-modernlesme","6":"product_cat-sosyoloji","7":"pa_cilt-ciltsiz","8":"pa_tur-kitap","9":"pa_yayinevi-metis-yayinlari","10":"pa_yazar-david-harvey","12":"first","13":"instock","14":"sale","15":"shipping-taxable","16":"purchasable","17":"product-type-simple"},"_links":{"self":[{"href":"https:\/\/roveyayinevi.com.tr\/index.php\/wp-json\/wp\/v2\/product\/691227","targetHints":{"allow":["GET"]}}],"collection":[{"href":"https:\/\/roveyayinevi.com.tr\/index.php\/wp-json\/wp\/v2\/product"}],"about":[{"href":"https:\/\/roveyayinevi.com.tr\/index.php\/wp-json\/wp\/v2\/types\/product"}],"wp:attachment":[{"href":"https:\/\/roveyayinevi.com.tr\/index.php\/wp-json\/wp\/v2\/media?parent=691227"}],"wp:term":[{"taxonomy":"product_brand","embeddable":true,"href":"https:\/\/roveyayinevi.com.tr\/index.php\/wp-json\/wp\/v2\/product_brand?post=691227"},{"taxonomy":"product_cat","embeddable":true,"href":"https:\/\/roveyayinevi.com.tr\/index.php\/wp-json\/wp\/v2\/product_cat?post=691227"},{"taxonomy":"product_tag","embeddable":true,"href":"https:\/\/roveyayinevi.com.tr\/index.php\/wp-json\/wp\/v2\/product_tag?post=691227"}],"curies":[{"name":"wp","href":"https:\/\/api.w.org\/{rel}","templated":true}]}}