{"id":691221,"date":"2025-08-27T13:56:33","date_gmt":"2025-08-27T10:56:33","guid":{"rendered":"https:\/\/roveyayinevi.com.tr\/index.php\/urun\/kuraldisi-ve-otesi\/"},"modified":"2026-04-16T02:00:46","modified_gmt":"2026-04-15T23:00:46","slug":"kuraldisi-ve-otesi","status":"publish","type":"product","link":"https:\/\/roveyayinevi.com.tr\/index.php\/urun\/kuraldisi-ve-otesi\/","title":{"rendered":"Kurald\u0131\u015f\u0131 ve \u00d6tesi"},"content":{"rendered":"<p>\u015eeriata inanan kad\u0131nla, dekolte giyinerek cinselli\u011fini te\u015fhir eden kad\u0131n aras\u0131nda bir fark yoktur. \u00c7\u00fcnk\u00fc ikisi de kendisini cinsel obje olarak alg\u0131lar: biri iyice kapanarak, di\u011feri iyice a\u00e7\u0131larak. Biri ataerkil dinsel s\u00f6n\u00fcr\u00fcn\u00fc \u00fcr\u00fcn\u00fc, di\u011feri ise ataerkil kapitalist s\u00f6n\u00fcr\u00fcn\u00fcn \u00fcr\u00fcn\u00fcd\u00fcr. \u00c7arp\u0131k dogmalar\u0131n esiri de\u011fil, \u00f6zg\u00fcr d\u00fc\u015f\u00fcncenin efendisi olal\u0131m. Ara\u015ft\u0131ran beyin, \u00f6zg\u00fcr d\u00fc\u015f\u00fcnen beyindir. Seks bir g\u00fcd\u00fcd\u00fcr. Cinsellik ise sevginin fiziksel boyuttaki ifadesidir. Sevgi bir g\u00fcd\u00fc de\u011fil, bir bilinc d\u00fczeyidir. \u00d6\u011frenilen bir kavramd\u0131r ve emek ister. Sevmeyi bilmek, insan\u0131n kendisini sevmesiyle, kendisiyle bar\u0131\u015f\u0131k olmas\u0131yla ba\u015flar. Sevginin bedensel hissedi\u015fi olan cinselli\u011fi, k\u00f6t\u00fc, ay\u0131p, g\u00fcnah olarak nitelendiren bireyler ve toplumlar kendilerini geri kalmaya ve mutsuzlu\u011fa mahkum eder. \ufffcTan\u0131t\u0131m Metni<\/p>\n","protected":false},"excerpt":{"rendered":"<p>\u015eeriata inanan kad\u0131nla, dekolte giyinerek cinselli\u011fini te\u015fhir eden kad\u0131n aras\u0131nda bir fark yoktur. \u00c7\u00fcnk\u00fc ikisi de kendisini cinsel obje olarak alg\u0131lar: biri iyice kapanarak, di\u011feri iyice<span class=\"excerpt-hellip\"> [\u2026]<\/span><\/p>\n","protected":false},"featured_media":0,"template":"","meta":{"_monsterinsights_skip_tracking":false,"_monsterinsights_sitenote_active":false,"_monsterinsights_sitenote_note":"","_monsterinsights_sitenote_category":0},"product_brand":[],"product_cat":[12358,12357],"product_tag":[],"class_list":{"0":"post-691221","1":"product","2":"type-product","3":"status-publish","5":"product_cat-genel-psikoloji","6":"product_cat-psikoloji","7":"pa_cilt-ciltsiz","8":"pa_tur-kitap","9":"pa_yayinevi-kuraldisi-yayinevi","10":"pa_yazar-nil-gun","12":"first","13":"instock","14":"sale","15":"shipping-taxable","16":"purchasable","17":"product-type-simple"},"_links":{"self":[{"href":"https:\/\/roveyayinevi.com.tr\/index.php\/wp-json\/wp\/v2\/product\/691221","targetHints":{"allow":["GET"]}}],"collection":[{"href":"https:\/\/roveyayinevi.com.tr\/index.php\/wp-json\/wp\/v2\/product"}],"about":[{"href":"https:\/\/roveyayinevi.com.tr\/index.php\/wp-json\/wp\/v2\/types\/product"}],"wp:attachment":[{"href":"https:\/\/roveyayinevi.com.tr\/index.php\/wp-json\/wp\/v2\/media?parent=691221"}],"wp:term":[{"taxonomy":"product_brand","embeddable":true,"href":"https:\/\/roveyayinevi.com.tr\/index.php\/wp-json\/wp\/v2\/product_brand?post=691221"},{"taxonomy":"product_cat","embeddable":true,"href":"https:\/\/roveyayinevi.com.tr\/index.php\/wp-json\/wp\/v2\/product_cat?post=691221"},{"taxonomy":"product_tag","embeddable":true,"href":"https:\/\/roveyayinevi.com.tr\/index.php\/wp-json\/wp\/v2\/product_tag?post=691221"}],"curies":[{"name":"wp","href":"https:\/\/api.w.org\/{rel}","templated":true}]}}