{"id":691219,"date":"2025-08-27T13:56:33","date_gmt":"2025-08-27T10:56:33","guid":{"rendered":"https:\/\/roveyayinevi.com.tr\/index.php\/urun\/kadinlar-ve-erkekler-nasil-anlasirlar\/"},"modified":"2026-04-11T13:19:53","modified_gmt":"2026-04-11T10:19:53","slug":"kadinlar-ve-erkekler-nasil-anlasirlar","status":"publish","type":"product","link":"https:\/\/roveyayinevi.com.tr\/index.php\/urun\/kadinlar-ve-erkekler-nasil-anlasirlar\/","title":{"rendered":"Kad\u0131nlar ve Erkekler Nas\u0131l Anla\u015f\u0131rlar"},"content":{"rendered":"<p>Bir kitap\u00e7\u0131ya girdi\u011finizde ileti\u015fim ve ili\u015fkiler \u00fczerine yaz\u0131lm\u0131\u015f y\u00fczlerce kitap bulabilirsiniz. Ama bu kitap, kad\u0131n erkek ili\u015fkilerinin ard\u0131nda yatan karakter ve ki\u015filik yap\u0131s\u0131 \u00fczerinde yaz\u0131lan ilk kitap olma \u00f6zelli\u011fini ta\u015f\u0131yor. Kad\u0131n erkek ili\u015fkilerinin \u0130yi gitmemesi sadece kad\u0131nlar\u0131n Ven\u00fcs\u2019ten, erkeklerin Mars\u2019tan gelmesinden kaynaklanm\u0131yor. Hatta aralar\u0131nda eile tutulan belirgin bir sorun olmamas\u0131na ra\u011fmen baz\u0131 \u00e7iftler neden uzakla\u015ft\u0131klar\u0131na kendileri bile anlam veremiyor. Bu kitapta sadece kad\u0131n erkek ili\u015fkilerinde de\u011fil, i\u015f ve sosyal ya\u015fam ili\u015fkilerinde de insanlar\u0131n do\u011fas\u0131ndaki temel dinamiklerin i\u015fleyi\u015fini kavrayacak, kendinizi ve insanlar\u0131 tan\u0131ma a\u00e7\u0131s\u0131ndan \u00f6nemli yol kat edeceksiniz. \ufffcTan\u0131t\u0131m Metni<\/p>\n","protected":false},"excerpt":{"rendered":"<p>Bir kitap\u00e7\u0131ya girdi\u011finizde ileti\u015fim ve ili\u015fkiler \u00fczerine yaz\u0131lm\u0131\u015f y\u00fczlerce kitap bulabilirsiniz. Ama bu kitap, kad\u0131n erkek ili\u015fkilerinin ard\u0131nda yatan karakter ve ki\u015filik yap\u0131s\u0131 \u00fczerinde yaz\u0131lan ilk<span class=\"excerpt-hellip\"> [\u2026]<\/span><\/p>\n","protected":false},"featured_media":0,"template":"","meta":{"_monsterinsights_skip_tracking":false,"_monsterinsights_sitenote_active":false,"_monsterinsights_sitenote_note":"","_monsterinsights_sitenote_category":0},"product_brand":[],"product_cat":[12364,12376],"product_tag":[],"class_list":{"0":"post-691219","1":"product","2":"type-product","3":"status-publish","5":"product_cat-genel-konular","6":"product_cat-kisisel-gelisim","7":"pa_cilt-ciltsiz","8":"pa_tur-kitap","9":"pa_yayinevi-kuraldisi-yayinevi","10":"pa_yazar-nil-gun","12":"first","13":"instock","14":"sale","15":"shipping-taxable","16":"purchasable","17":"product-type-simple"},"_links":{"self":[{"href":"https:\/\/roveyayinevi.com.tr\/index.php\/wp-json\/wp\/v2\/product\/691219","targetHints":{"allow":["GET"]}}],"collection":[{"href":"https:\/\/roveyayinevi.com.tr\/index.php\/wp-json\/wp\/v2\/product"}],"about":[{"href":"https:\/\/roveyayinevi.com.tr\/index.php\/wp-json\/wp\/v2\/types\/product"}],"wp:attachment":[{"href":"https:\/\/roveyayinevi.com.tr\/index.php\/wp-json\/wp\/v2\/media?parent=691219"}],"wp:term":[{"taxonomy":"product_brand","embeddable":true,"href":"https:\/\/roveyayinevi.com.tr\/index.php\/wp-json\/wp\/v2\/product_brand?post=691219"},{"taxonomy":"product_cat","embeddable":true,"href":"https:\/\/roveyayinevi.com.tr\/index.php\/wp-json\/wp\/v2\/product_cat?post=691219"},{"taxonomy":"product_tag","embeddable":true,"href":"https:\/\/roveyayinevi.com.tr\/index.php\/wp-json\/wp\/v2\/product_tag?post=691219"}],"curies":[{"name":"wp","href":"https:\/\/api.w.org\/{rel}","templated":true}]}}