{"id":691215,"date":"2025-08-27T13:56:32","date_gmt":"2025-08-27T10:56:32","guid":{"rendered":"https:\/\/roveyayinevi.com.tr\/index.php\/urun\/kendin-olmak-ipler-kimin-elinde\/"},"modified":"2026-04-16T02:00:46","modified_gmt":"2026-04-15T23:00:46","slug":"kendin-olmak-ipler-kimin-elinde","status":"publish","type":"product","link":"https:\/\/roveyayinevi.com.tr\/index.php\/urun\/kendin-olmak-ipler-kimin-elinde\/","title":{"rendered":"Kendin Olmak \u0130pler Kimin Elinde"},"content":{"rendered":"<p>Bu kitap ya\u015fam\u0131 g\u00f6nl\u00fcnce s\u00fcrd\u00fcrmekle ilgilidir. Ba\u015fkalar\u0131n\u0131n kontrol\u00fcnden b\u0131km\u0131\u015f ve bundan kurtulmay\u0131 hayatta her \u015feyden \u00e7ok isteyenler i\u00e7indir. Ruhunda kanatlar\u0131n varsa ve bu gezegende k\u0131s\u0131tlanmadan ya\u015famak istiyorsan \u00f6zellikle senin i\u00e7indir. Ba\u015far\u0131 i\u00e7in gerekli riskleri g\u00f6ze almaya haz\u0131rsan, senin i\u00e7in de \u00f6zel bir \u00f6zg\u00fcrl\u00fck var: t\u00fcm se\u00e7imlerini kendine g\u00f6re yapma \u00f6zg\u00fcrl\u00fc\u011f\u00fc. Ya\u015fam\u0131n\u0131 istedi\u011fin \u015fekilde s\u00fcrd\u00fcrmek i\u00e7in biraz dik ba\u015fl\u0131 ve kendin i\u00e7in bir \u015feyler yapmaya istekli olmal\u0131s\u0131n. Davran\u0131\u015flar\u0131n\u0131 kontrol etmeyi en do\u011fal hak olarak g\u00f6renleri rahats\u0131z edebilirsin ama ger\u00e7ekten istiyorsan, ba\u015fkalar\u0131n\u0131n senin yerine d\u00fc\u015f\u00fcnmelerine izin vermemek, kendin olmak; e\u011flenceli, de\u011ferli ve kesinlikle eksiksiz bir ya\u015fam bi\u00e7imidir. \ufffcTan\u0131t\u0131m Metni<\/p>\n","protected":false},"excerpt":{"rendered":"<p>Bu kitap ya\u015fam\u0131 g\u00f6nl\u00fcnce s\u00fcrd\u00fcrmekle ilgilidir. Ba\u015fkalar\u0131n\u0131n kontrol\u00fcnden b\u0131km\u0131\u015f ve bundan kurtulmay\u0131 hayatta her \u015feyden \u00e7ok isteyenler i\u00e7indir. Ruhunda kanatlar\u0131n varsa ve bu gezegende k\u0131s\u0131tlanmadan ya\u015famak<span class=\"excerpt-hellip\"> [\u2026]<\/span><\/p>\n","protected":false},"featured_media":0,"template":"","meta":{"_monsterinsights_skip_tracking":false,"_monsterinsights_sitenote_active":false,"_monsterinsights_sitenote_note":"","_monsterinsights_sitenote_category":0},"product_brand":[],"product_cat":[12358,12357],"product_tag":[],"class_list":{"0":"post-691215","1":"product","2":"type-product","3":"status-publish","5":"product_cat-genel-psikoloji","6":"product_cat-psikoloji","7":"pa_tur-kitap","8":"pa_yayinevi-kuraldisi-yayinevi","9":"pa_yazar-wayne-w-dyer","11":"first","12":"instock","13":"sale","14":"shipping-taxable","15":"purchasable","16":"product-type-simple"},"_links":{"self":[{"href":"https:\/\/roveyayinevi.com.tr\/index.php\/wp-json\/wp\/v2\/product\/691215","targetHints":{"allow":["GET"]}}],"collection":[{"href":"https:\/\/roveyayinevi.com.tr\/index.php\/wp-json\/wp\/v2\/product"}],"about":[{"href":"https:\/\/roveyayinevi.com.tr\/index.php\/wp-json\/wp\/v2\/types\/product"}],"wp:attachment":[{"href":"https:\/\/roveyayinevi.com.tr\/index.php\/wp-json\/wp\/v2\/media?parent=691215"}],"wp:term":[{"taxonomy":"product_brand","embeddable":true,"href":"https:\/\/roveyayinevi.com.tr\/index.php\/wp-json\/wp\/v2\/product_brand?post=691215"},{"taxonomy":"product_cat","embeddable":true,"href":"https:\/\/roveyayinevi.com.tr\/index.php\/wp-json\/wp\/v2\/product_cat?post=691215"},{"taxonomy":"product_tag","embeddable":true,"href":"https:\/\/roveyayinevi.com.tr\/index.php\/wp-json\/wp\/v2\/product_tag?post=691215"}],"curies":[{"name":"wp","href":"https:\/\/api.w.org\/{rel}","templated":true}]}}