{"id":691213,"date":"2025-08-27T13:56:32","date_gmt":"2025-08-27T10:56:32","guid":{"rendered":"https:\/\/roveyayinevi.com.tr\/index.php\/urun\/icimizdeki-saman-duygularin-simyasi\/"},"modified":"2026-04-16T02:00:46","modified_gmt":"2026-04-15T23:00:46","slug":"icimizdeki-saman-duygularin-simyasi","status":"publish","type":"product","link":"https:\/\/roveyayinevi.com.tr\/index.php\/urun\/icimizdeki-saman-duygularin-simyasi\/","title":{"rendered":"\u0130\u00e7imizdeki \u015eaman Duygular\u0131n Simyas\u0131"},"content":{"rendered":"<p>Nil G\u00fcn\u2019\u00fcn, derinlik psikolojisi anlay\u0131\u015f\u0131yla kaleme ald\u0131\u011f\u0131 \u0130\u00e7imizdeki \u015eaman Duygular\u0131n Simyas\u0131\u2019na ayn\u0131 zamanda bir felsefe kitab\u0131 da diyebiliriz. Nil G\u00fcn, Duygular\u0131n Simyas\u0131\u2019nda insan\u0131 (bireyi) a\u00e7\u0131klayan psikolojiyle evreni (b\u00fct\u00fcn\u00fc) a\u00e7\u0131klayan felsefeyi \u00f6ylesine i\u00e7 i\u00e7e ge\u00e7irmi\u015f ki; siz bireyin i\u00e7 d\u00fcnyas\u0131nda dola\u015ft\u0131\u011f\u0131n\u0131z\u0131 zannederken evrenin derinliklerinde dola\u015ft\u0131\u011f\u0131n\u0131z hissine kap\u0131l\u0131yorsunuz. \u0130\u00e7imizdeki \u015eaman Duygular\u0131n Simyas\u0131 bize, kendimizi ve ba\u015fkalar\u0131n\u0131 alg\u0131lay\u0131\u015f\u0131m\u0131z\u0131 derinden sorgulat\u0131yor; neredeyse her sat\u0131r\u0131nda evrenin bir par\u00e7as\u0131 oldu\u011fumuzu hat\u0131rlat\u0131yor.Bir roman tad\u0131nda yaz\u0131lm\u0131\u015f Duygular\u0131n Simyas\u0131\u2019n\u0131 okurken, yazarla kar\u015f\u0131l\u0131kl\u0131 sohbet ediyor duygusuna kap\u0131l\u0131yor insan.Bu sohbete doyamayacak; tekrar tekrar okuma iste\u011fi duyacaks\u0131n\u0131z.<\/p>\n","protected":false},"excerpt":{"rendered":"<p>Nil G\u00fcn\u2019\u00fcn, derinlik psikolojisi anlay\u0131\u015f\u0131yla kaleme ald\u0131\u011f\u0131 \u0130\u00e7imizdeki \u015eaman Duygular\u0131n Simyas\u0131\u2019na ayn\u0131 zamanda bir felsefe kitab\u0131 da diyebiliriz. Nil G\u00fcn, Duygular\u0131n Simyas\u0131\u2019nda insan\u0131 (bireyi) a\u00e7\u0131klayan psikolojiyle<span class=\"excerpt-hellip\"> [\u2026]<\/span><\/p>\n","protected":false},"featured_media":0,"template":"","meta":{"_monsterinsights_skip_tracking":false,"_monsterinsights_sitenote_active":false,"_monsterinsights_sitenote_note":"","_monsterinsights_sitenote_category":0},"product_brand":[],"product_cat":[12358,12357],"product_tag":[],"class_list":{"0":"post-691213","1":"product","2":"type-product","3":"status-publish","5":"product_cat-genel-psikoloji","6":"product_cat-psikoloji","7":"pa_cilt-ciltsiz","8":"pa_tur-kitap","9":"pa_yayinevi-kuraldisi-yayinevi","10":"pa_yazar-nil-gun","12":"first","13":"instock","14":"sale","15":"shipping-taxable","16":"purchasable","17":"product-type-simple"},"_links":{"self":[{"href":"https:\/\/roveyayinevi.com.tr\/index.php\/wp-json\/wp\/v2\/product\/691213","targetHints":{"allow":["GET"]}}],"collection":[{"href":"https:\/\/roveyayinevi.com.tr\/index.php\/wp-json\/wp\/v2\/product"}],"about":[{"href":"https:\/\/roveyayinevi.com.tr\/index.php\/wp-json\/wp\/v2\/types\/product"}],"wp:attachment":[{"href":"https:\/\/roveyayinevi.com.tr\/index.php\/wp-json\/wp\/v2\/media?parent=691213"}],"wp:term":[{"taxonomy":"product_brand","embeddable":true,"href":"https:\/\/roveyayinevi.com.tr\/index.php\/wp-json\/wp\/v2\/product_brand?post=691213"},{"taxonomy":"product_cat","embeddable":true,"href":"https:\/\/roveyayinevi.com.tr\/index.php\/wp-json\/wp\/v2\/product_cat?post=691213"},{"taxonomy":"product_tag","embeddable":true,"href":"https:\/\/roveyayinevi.com.tr\/index.php\/wp-json\/wp\/v2\/product_tag?post=691213"}],"curies":[{"name":"wp","href":"https:\/\/api.w.org\/{rel}","templated":true}]}}