{"id":691211,"date":"2025-08-27T13:56:31","date_gmt":"2025-08-27T10:56:31","guid":{"rendered":"https:\/\/roveyayinevi.com.tr\/index.php\/urun\/saglik-olsun-piki\/"},"modified":"2026-04-16T02:00:46","modified_gmt":"2026-04-15T23:00:46","slug":"saglik-olsun-piki","status":"publish","type":"product","link":"https:\/\/roveyayinevi.com.tr\/index.php\/urun\/saglik-olsun-piki\/","title":{"rendered":"Sa\u011fl\u0131k Olsun (Piki)"},"content":{"rendered":"<p>\u0130yile\u015fmek ile tedavi olmak aras\u0131nda fark vard\u0131r. \u0130yile\u015fmek ki\u015finin fiziksel, duygusal, zihinsel ve ruhsal boyutta dengeye ve sa\u011fl\u0131\u011fa kavu\u015fmas\u0131d\u0131r. Tedavi, ila\u00e7larla ve\/veya ameliyatla hastal\u0131\u011f\u0131n bedendeki fiziksel varl\u0131\u011f\u0131n\u0131n ortadan kald\u0131r\u0131lmas\u0131d\u0131r. Ama hastal\u0131\u011f\u0131 yaratan esas nedenler h\u00e2l\u00e2 yerinde durmaktad\u0131r; bir ba\u015fka hastal\u0131k olarak, bir ba\u015fka organda ya da yeniden ayn\u0131 hastal\u0131\u011f\u0131 tekrar ederek ortaya \u00e7\u0131kmak \u00fczere. Sa\u011fl\u0131k Olsun kitab\u0131, t\u00fcm hastal\u0131klar\u0131n ve sorunlar\u0131n psikolojik nedenlerini anlaman\u0131za ve PiKi tekniklerini kullanarak bu nedenleri ortadan kald\u0131rman\u0131za yard\u0131mc\u0131 olacak sa\u011fl\u0131k rehberinizdir. \u015eu anda hastal\u0131klar\u0131n\u0131z \u0130\u00e7in ila\u00e7, ameliyat gibi tedavi y\u00f6ntemlerini kullan\u0131yor olsan\u0131z bile bedeninizin bilgeli\u011finden yararlanabilir, hastal\u0131klar\u0131 yaratan nedenleri ortadan kald\u0131rarak iyile\u015fme s\u00fcrecinizi h\u0131zland\u0131rabilirsiniz.<\/p>\n","protected":false},"excerpt":{"rendered":"<p>\u0130yile\u015fmek ile tedavi olmak aras\u0131nda fark vard\u0131r. \u0130yile\u015fmek ki\u015finin fiziksel, duygusal, zihinsel ve ruhsal boyutta dengeye ve sa\u011fl\u0131\u011fa kavu\u015fmas\u0131d\u0131r. Tedavi, ila\u00e7larla ve\/veya ameliyatla hastal\u0131\u011f\u0131n bedendeki fiziksel<span class=\"excerpt-hellip\"> [\u2026]<\/span><\/p>\n","protected":false},"featured_media":0,"template":"","meta":{"_monsterinsights_skip_tracking":false,"_monsterinsights_sitenote_active":false,"_monsterinsights_sitenote_note":"","_monsterinsights_sitenote_category":0},"product_brand":[],"product_cat":[13397,13365],"product_tag":[],"class_list":{"0":"post-691211","1":"product","2":"type-product","3":"status-publish","5":"product_cat-alternatif-tip-sifali-bitkiler","6":"product_cat-saglik","7":"pa_cilt-ciltsiz","8":"pa_tur-kitap","9":"pa_yayinevi-kuraldisi-yayinevi","10":"pa_yazar-nil-gun","12":"first","13":"instock","14":"sale","15":"shipping-taxable","16":"purchasable","17":"product-type-simple"},"_links":{"self":[{"href":"https:\/\/roveyayinevi.com.tr\/index.php\/wp-json\/wp\/v2\/product\/691211","targetHints":{"allow":["GET"]}}],"collection":[{"href":"https:\/\/roveyayinevi.com.tr\/index.php\/wp-json\/wp\/v2\/product"}],"about":[{"href":"https:\/\/roveyayinevi.com.tr\/index.php\/wp-json\/wp\/v2\/types\/product"}],"wp:attachment":[{"href":"https:\/\/roveyayinevi.com.tr\/index.php\/wp-json\/wp\/v2\/media?parent=691211"}],"wp:term":[{"taxonomy":"product_brand","embeddable":true,"href":"https:\/\/roveyayinevi.com.tr\/index.php\/wp-json\/wp\/v2\/product_brand?post=691211"},{"taxonomy":"product_cat","embeddable":true,"href":"https:\/\/roveyayinevi.com.tr\/index.php\/wp-json\/wp\/v2\/product_cat?post=691211"},{"taxonomy":"product_tag","embeddable":true,"href":"https:\/\/roveyayinevi.com.tr\/index.php\/wp-json\/wp\/v2\/product_tag?post=691211"}],"curies":[{"name":"wp","href":"https:\/\/api.w.org\/{rel}","templated":true}]}}