{"id":691206,"date":"2025-08-27T13:56:30","date_gmt":"2025-08-27T10:56:30","guid":{"rendered":"https:\/\/roveyayinevi.com.tr\/index.php\/urun\/ailede-ve-okulda-cocuk-egitimi\/"},"modified":"2026-04-16T02:00:46","modified_gmt":"2026-04-15T23:00:46","slug":"ailede-ve-okulda-cocuk-egitimi","status":"publish","type":"product","link":"https:\/\/roveyayinevi.com.tr\/index.php\/urun\/ailede-ve-okulda-cocuk-egitimi\/","title":{"rendered":"Ailede ve Okulda \u00c7ocuk E\u011fitimi"},"content":{"rendered":"<p>Bu eser, hem bir baba, hem de bir e\u011fitimci olarak, yirmi y\u0131ll\u0131k bir tecr\u00fcbenin \u00fcr\u00fcn\u00fc&#8230; D\u00fcnyan\u0131n k\u00fc\u00e7\u00fcld\u00fc\u011f\u00fc, bilimin, teknolojinin, h\u0131zla artt\u0131\u011f\u0131, cocuklar\u0131 etkileyen olumsuz unsurlar\u0131n \u00e7o\u011fald\u0131\u011f\u0131 g\u00fcn\u00fcm\u00fczde; \u00e7ocuk yeti\u015ftirmek ve e\u011fitmek, hem zor, hem de daha \u00f6nemli hale geldi \u0130\u015fte bu kitab\u0131n temel hedefi; son derece yetersiz ve eksik bilgilerle yap\u0131lan \u00e7ocuk e\u011fitiminde yeni bir sistem sunmak. Bu kitap, ilk okul \u00f6\u011fretmenli\u011finden \u00fcniversite \u00f6\u011fretim \u00fcyeli\u011fine kadar, e\u011fitim ve \u00f6\u011fretim hizmetlerinin i\u00e7inde bulunmu\u015f bir e\u011fitimcinin tecr\u00fcbeleri&#8230; Kitaptaki kurallar, gerek anne ve babalara, gerekse \u00f6\u011fretmenlere bir rehber vazifesi g\u00f6recek. <\/p>\n","protected":false},"excerpt":{"rendered":"<p>Bu eser, hem bir baba, hem de bir e\u011fitimci olarak, yirmi y\u0131ll\u0131k bir tecr\u00fcbenin \u00fcr\u00fcn\u00fc&#8230; D\u00fcnyan\u0131n k\u00fc\u00e7\u00fcld\u00fc\u011f\u00fc, bilimin, teknolojinin, h\u0131zla artt\u0131\u011f\u0131, cocuklar\u0131 etkileyen olumsuz unsurlar\u0131n \u00e7o\u011fald\u0131\u011f\u0131<span class=\"excerpt-hellip\"> [\u2026]<\/span><\/p>\n","protected":false},"featured_media":0,"template":"","meta":{"_monsterinsights_skip_tracking":false,"_monsterinsights_sitenote_active":false,"_monsterinsights_sitenote_note":"","_monsterinsights_sitenote_category":0},"product_brand":[],"product_cat":[12567,12566],"product_tag":[],"class_list":{"0":"post-691206","1":"product","2":"type-product","3":"status-publish","5":"product_cat-diger-egitim","6":"product_cat-egitim","7":"pa_tur-kitap","8":"pa_yayinevi-nesil-yayinlari","9":"pa_yazar-halit-ertugrul","11":"first","12":"instock","13":"sale","14":"shipping-taxable","15":"purchasable","16":"product-type-simple"},"_links":{"self":[{"href":"https:\/\/roveyayinevi.com.tr\/index.php\/wp-json\/wp\/v2\/product\/691206","targetHints":{"allow":["GET"]}}],"collection":[{"href":"https:\/\/roveyayinevi.com.tr\/index.php\/wp-json\/wp\/v2\/product"}],"about":[{"href":"https:\/\/roveyayinevi.com.tr\/index.php\/wp-json\/wp\/v2\/types\/product"}],"wp:attachment":[{"href":"https:\/\/roveyayinevi.com.tr\/index.php\/wp-json\/wp\/v2\/media?parent=691206"}],"wp:term":[{"taxonomy":"product_brand","embeddable":true,"href":"https:\/\/roveyayinevi.com.tr\/index.php\/wp-json\/wp\/v2\/product_brand?post=691206"},{"taxonomy":"product_cat","embeddable":true,"href":"https:\/\/roveyayinevi.com.tr\/index.php\/wp-json\/wp\/v2\/product_cat?post=691206"},{"taxonomy":"product_tag","embeddable":true,"href":"https:\/\/roveyayinevi.com.tr\/index.php\/wp-json\/wp\/v2\/product_tag?post=691206"}],"curies":[{"name":"wp","href":"https:\/\/api.w.org\/{rel}","templated":true}]}}