{"id":691200,"date":"2025-08-27T13:56:29","date_gmt":"2025-08-27T10:56:29","guid":{"rendered":"https:\/\/roveyayinevi.com.tr\/index.php\/urun\/ateste-acan-cicekler\/"},"modified":"2026-04-16T02:00:45","modified_gmt":"2026-04-15T23:00:45","slug":"ateste-acan-cicekler","status":"publish","type":"product","link":"https:\/\/roveyayinevi.com.tr\/index.php\/urun\/ateste-acan-cicekler\/","title":{"rendered":"Ate\u015fte A\u00e7an \u00c7i\u00e7ekler"},"content":{"rendered":"<p>Ate\u015fte A\u00e7an \u00c7i\u00e7ekler adl\u0131 bu \u00e7al\u0131\u015fma, Ate\u015fte Ye\u015ferdim isimli kitab\u0131m\u0131z\u0131n devam\u0131d\u0131r. Ate\u015fte A\u00e7an \u00c7i\u00e7ekler, kendisine bir \u00e7\u0131k\u0131\u015f yolu arayan insanlar\u0131n; ibretli ve esrarl\u0131 hadiselerle y\u00fczle\u015fmesini konu etmektedir. Ele al\u0131nan hususlar; o kadar \u00e7arp\u0131c\u0131 ve o kadar merak uyand\u0131r\u0131c\u0131 ki, okuyup da \u015fa\u015fk\u0131nl\u0131k i\u00e7inde kaybolmak m\u00fcmk\u00fcn de\u011fildir. Ate\u015fte A\u00e7an \u00c7i\u00e7ekler isimli bu kitap sizleri \u00e7ok etkileyecek, kendinizi yeniden sorgulaman\u0131za sebep olacakt\u0131r. \u00c7ok daha \u00f6nemlisi de; siz de Ate\u015fte A\u00e7an \u00c7i\u00e7ekler\u2019den birisi olmak i\u00e7in kollar\u0131 s\u0131vama ihtiyac\u0131 hissedeceksiniz. Kitab\u0131 bitirdi\u011finizde de b\u00fct\u00fcn dostlar\u0131n\u0131za tavsiye edip, bu doyumsuz mutlulu\u011fu payla\u015fmak isteyeceksiniz. Yeni bir ufuk ve yeni bir bak\u0131\u015f a\u00e7\u0131s\u0131 dile\u011fiyle&#8230; \ufffcTan\u0131t\u0131m Metni<\/p>\n","protected":false},"excerpt":{"rendered":"<p>Ate\u015fte A\u00e7an \u00c7i\u00e7ekler adl\u0131 bu \u00e7al\u0131\u015fma, Ate\u015fte Ye\u015ferdim isimli kitab\u0131m\u0131z\u0131n devam\u0131d\u0131r. Ate\u015fte A\u00e7an \u00c7i\u00e7ekler, kendisine bir \u00e7\u0131k\u0131\u015f yolu arayan insanlar\u0131n; ibretli ve esrarl\u0131 hadiselerle y\u00fczle\u015fmesini konu<span class=\"excerpt-hellip\"> [\u2026]<\/span><\/p>\n","protected":false},"featured_media":0,"template":"","meta":{"_monsterinsights_skip_tracking":false,"_monsterinsights_sitenote_active":false,"_monsterinsights_sitenote_note":"","_monsterinsights_sitenote_category":0},"product_brand":[],"product_cat":[12291,12292],"product_tag":[],"class_list":{"0":"post-691200","1":"product","2":"type-product","3":"status-publish","5":"product_cat-edebiyat","6":"product_cat-turk-edebiyati","7":"pa_cilt-ciltsiz","8":"pa_tur-kitap","9":"pa_yayinevi-nesil-yayinlari","10":"pa_yazar-halit-ertugrul","12":"first","13":"instock","14":"sale","15":"shipping-taxable","16":"purchasable","17":"product-type-simple"},"_links":{"self":[{"href":"https:\/\/roveyayinevi.com.tr\/index.php\/wp-json\/wp\/v2\/product\/691200","targetHints":{"allow":["GET"]}}],"collection":[{"href":"https:\/\/roveyayinevi.com.tr\/index.php\/wp-json\/wp\/v2\/product"}],"about":[{"href":"https:\/\/roveyayinevi.com.tr\/index.php\/wp-json\/wp\/v2\/types\/product"}],"wp:attachment":[{"href":"https:\/\/roveyayinevi.com.tr\/index.php\/wp-json\/wp\/v2\/media?parent=691200"}],"wp:term":[{"taxonomy":"product_brand","embeddable":true,"href":"https:\/\/roveyayinevi.com.tr\/index.php\/wp-json\/wp\/v2\/product_brand?post=691200"},{"taxonomy":"product_cat","embeddable":true,"href":"https:\/\/roveyayinevi.com.tr\/index.php\/wp-json\/wp\/v2\/product_cat?post=691200"},{"taxonomy":"product_tag","embeddable":true,"href":"https:\/\/roveyayinevi.com.tr\/index.php\/wp-json\/wp\/v2\/product_tag?post=691200"}],"curies":[{"name":"wp","href":"https:\/\/api.w.org\/{rel}","templated":true}]}}