{"id":691199,"date":"2025-08-27T13:56:29","date_gmt":"2025-08-27T10:56:29","guid":{"rendered":"https:\/\/roveyayinevi.com.tr\/index.php\/urun\/kuzguncuk\/"},"modified":"2026-04-16T02:00:45","modified_gmt":"2026-04-15T23:00:45","slug":"kuzguncuk","status":"publish","type":"product","link":"https:\/\/roveyayinevi.com.tr\/index.php\/urun\/kuzguncuk\/","title":{"rendered":"Kuzguncuk"},"content":{"rendered":"<p>Ger\u00e7ek Kuzguncuk Ne yap\u0131lar, ne duvarlar, ne pencereler, ne kap\u0131lar&#8230; Ger\u00e7ek Kuzguncuk, ba\u015fka bir Kuzguncuk&#8230; Kuzguncuk, \u0130stanbul\u2018un orta yerinde, \u00e7a\u011f\u0131m\u0131za en \u00f6nemli bildirileri sunan bir Bo\u011faz k\u00f6y\u00fcd\u00fcr. Hem\u015ferilik duygusunun yok olmaya y\u00fcz tuttu\u011fu, \u00e7evre ve ili\u015fkilerin g\u00f6\u00e7ebelerinkine benzemeye ba\u015flad\u0131\u011f\u0131 g\u00fcn\u00fcm\u00fcz \u0130stanbul\u2018unda &#8220;toplum ya\u015fam\u0131&#8221; yla ilgin\u00e7 bir yerle\u015fmedir. Y\u00fczy\u0131llard\u0131r, d\u00f6rt ayr\u0131 inan\u0131\u015ftaki ki\u015filer (M\u00fcsl\u00fcmanlar, Yahudiler, Ermeniler, Rumlar, T\u00fcrkler) bir arada ya\u015fam\u0131\u015flar burada&#8230; Ho\u015fg\u00f6r\u00fc ortam\u0131nda bir arada ya\u015fanabilece\u011fini kan\u0131tlayabilmi\u015fler&#8230; Ta ki d\u0131\u015ftan gelenler, bir \u015feyleri k\u0131r\u0131p d\u00f6k\u00fcnceye dek&#8230; <\/p>\n","protected":false},"excerpt":{"rendered":"<p>Ger\u00e7ek Kuzguncuk Ne yap\u0131lar, ne duvarlar, ne pencereler, ne kap\u0131lar&#8230; Ger\u00e7ek Kuzguncuk, ba\u015fka bir Kuzguncuk&#8230; Kuzguncuk, \u0130stanbul\u2018un orta yerinde, \u00e7a\u011f\u0131m\u0131za en \u00f6nemli bildirileri sunan bir Bo\u011faz<span class=\"excerpt-hellip\"> [\u2026]<\/span><\/p>\n","protected":false},"featured_media":0,"template":"","meta":{"_monsterinsights_skip_tracking":false,"_monsterinsights_sitenote_active":false,"_monsterinsights_sitenote_note":"","_monsterinsights_sitenote_category":0},"product_brand":[],"product_cat":[12312,12304],"product_tag":[],"class_list":{"0":"post-691199","1":"product","2":"type-product","3":"status-publish","5":"product_cat-diger","6":"product_cat-tarih","7":"pa_cilt-ciltsiz","8":"pa_tur-kitap","9":"pa_yayinevi-literatur-yayinevi","10":"pa_yazar-cengiz-bektas","12":"first","13":"instock","14":"sale","15":"shipping-taxable","16":"purchasable","17":"product-type-simple"},"_links":{"self":[{"href":"https:\/\/roveyayinevi.com.tr\/index.php\/wp-json\/wp\/v2\/product\/691199","targetHints":{"allow":["GET"]}}],"collection":[{"href":"https:\/\/roveyayinevi.com.tr\/index.php\/wp-json\/wp\/v2\/product"}],"about":[{"href":"https:\/\/roveyayinevi.com.tr\/index.php\/wp-json\/wp\/v2\/types\/product"}],"wp:attachment":[{"href":"https:\/\/roveyayinevi.com.tr\/index.php\/wp-json\/wp\/v2\/media?parent=691199"}],"wp:term":[{"taxonomy":"product_brand","embeddable":true,"href":"https:\/\/roveyayinevi.com.tr\/index.php\/wp-json\/wp\/v2\/product_brand?post=691199"},{"taxonomy":"product_cat","embeddable":true,"href":"https:\/\/roveyayinevi.com.tr\/index.php\/wp-json\/wp\/v2\/product_cat?post=691199"},{"taxonomy":"product_tag","embeddable":true,"href":"https:\/\/roveyayinevi.com.tr\/index.php\/wp-json\/wp\/v2\/product_tag?post=691199"}],"curies":[{"name":"wp","href":"https:\/\/api.w.org\/{rel}","templated":true}]}}