{"id":691198,"date":"2025-08-27T13:56:29","date_gmt":"2025-08-27T10:56:29","guid":{"rendered":"https:\/\/roveyayinevi.com.tr\/index.php\/urun\/ask-i-subhan\/"},"modified":"2026-04-16T02:00:45","modified_gmt":"2026-04-15T23:00:45","slug":"ask-i-subhan","status":"publish","type":"product","link":"https:\/\/roveyayinevi.com.tr\/index.php\/urun\/ask-i-subhan\/","title":{"rendered":"A\u015fk-\u0131 S\u00fcbhan"},"content":{"rendered":"<p>Ballar bal\u0131n\u0131 bulana, d\u00fcnyal\u0131k gerekmez. Canlar can\u0131n\u0131 bulana, can gerekmez. Ger\u00e7ek sultan\u0131 bulana, sultanl\u0131k ve saray gerekmez. Ak\u0131l ba\u011f\u0131ndan kurtulup a\u015fk\u0131n at\u0131na binenler, sem\u00e2 sofralar\u0131ndan nimetlenir ve a\u015fk-\u0131 S\u00fcbh\u00e2n ile \u00f6l\u00fcms\u00fczle\u015firler. <\/p>\n","protected":false},"excerpt":{"rendered":"<p>Ballar bal\u0131n\u0131 bulana, d\u00fcnyal\u0131k gerekmez. Canlar can\u0131n\u0131 bulana, can gerekmez. Ger\u00e7ek sultan\u0131 bulana, sultanl\u0131k ve saray gerekmez. Ak\u0131l ba\u011f\u0131ndan kurtulup a\u015fk\u0131n at\u0131na binenler, sem\u00e2 sofralar\u0131ndan nimetlenir<span class=\"excerpt-hellip\"> [\u2026]<\/span><\/p>\n","protected":false},"featured_media":0,"template":"","meta":{"_monsterinsights_skip_tracking":false,"_monsterinsights_sitenote_active":false,"_monsterinsights_sitenote_note":"","_monsterinsights_sitenote_category":0},"product_brand":[],"product_cat":[12718,12719,12720],"product_tag":[],"class_list":{"0":"post-691198","1":"product","2":"type-product","3":"status-publish","5":"product_cat-din","6":"product_cat-islam","7":"product_cat-tasavvuf-mezhepler-tarikatlar","8":"pa_tur-kitap","9":"pa_yayinevi-nesil-yayinlari","10":"pa_yazar-ali-bektas","12":"first","13":"instock","14":"sale","15":"shipping-taxable","16":"purchasable","17":"product-type-simple"},"_links":{"self":[{"href":"https:\/\/roveyayinevi.com.tr\/index.php\/wp-json\/wp\/v2\/product\/691198","targetHints":{"allow":["GET"]}}],"collection":[{"href":"https:\/\/roveyayinevi.com.tr\/index.php\/wp-json\/wp\/v2\/product"}],"about":[{"href":"https:\/\/roveyayinevi.com.tr\/index.php\/wp-json\/wp\/v2\/types\/product"}],"wp:attachment":[{"href":"https:\/\/roveyayinevi.com.tr\/index.php\/wp-json\/wp\/v2\/media?parent=691198"}],"wp:term":[{"taxonomy":"product_brand","embeddable":true,"href":"https:\/\/roveyayinevi.com.tr\/index.php\/wp-json\/wp\/v2\/product_brand?post=691198"},{"taxonomy":"product_cat","embeddable":true,"href":"https:\/\/roveyayinevi.com.tr\/index.php\/wp-json\/wp\/v2\/product_cat?post=691198"},{"taxonomy":"product_tag","embeddable":true,"href":"https:\/\/roveyayinevi.com.tr\/index.php\/wp-json\/wp\/v2\/product_tag?post=691198"}],"curies":[{"name":"wp","href":"https:\/\/api.w.org\/{rel}","templated":true}]}}