{"id":691195,"date":"2025-08-27T13:56:28","date_gmt":"2025-08-27T10:56:28","guid":{"rendered":"https:\/\/roveyayinevi.com.tr\/index.php\/urun\/adan-xe\/"},"modified":"2025-12-30T09:38:37","modified_gmt":"2025-12-30T06:38:37","slug":"adan-xe","status":"publish","type":"product","link":"https:\/\/roveyayinevi.com.tr\/index.php\/urun\/adan-xe\/","title":{"rendered":"A&#8217;dan X&#8217;e"},"content":{"rendered":"<p>John Berger ince ince i\u015flenmi\u015f bir eser sunuyor bize. \u015eefkatle ve sonuna dek sorgulayan, ele\u015ftiren bir siyasi bak\u0131\u015fla yontulmu\u015f bir kitap bu, kontroll\u00fc \u00f6fkenin kitab\u0131. Yazd\u0131\u011f\u0131 her \u015fey derin, itinal\u0131 ve detayl\u0131: \u00f6zg\u00fcrl\u00fck ve tutsakl\u0131k, umut ve umutsuzluk, g\u00fc\u00e7 ve g\u00fc\u00e7s\u00fczl\u00fck, a\u015fk ve \u00e2\u015f\u0131k oldu\u011fumuz ki\u015fi elimizden al\u0131nd\u0131\u011f\u0131nda duydu\u011fumuz o korkun\u00e7 \u00f6zlem. \ufffcTan\u0131t\u0131m Metni<\/p>\n","protected":false},"excerpt":{"rendered":"<p>John Berger ince ince i\u015flenmi\u015f bir eser sunuyor bize. \u015eefkatle ve sonuna dek sorgulayan, ele\u015ftiren bir siyasi bak\u0131\u015fla yontulmu\u015f bir kitap bu, kontroll\u00fc \u00f6fkenin kitab\u0131. Yazd\u0131\u011f\u0131<span class=\"excerpt-hellip\"> [\u2026]<\/span><\/p>\n","protected":false},"featured_media":0,"template":"","meta":{"_monsterinsights_skip_tracking":false,"_monsterinsights_sitenote_active":false,"_monsterinsights_sitenote_note":"","_monsterinsights_sitenote_category":0},"product_brand":[],"product_cat":[13701,12291],"product_tag":[],"class_list":{"0":"post-691195","1":"product","2":"type-product","3":"status-publish","5":"product_cat-ani-mektup-gunluk","6":"product_cat-edebiyat","7":"pa_cilt-ciltsiz","8":"pa_tur-kitap","9":"pa_yayinevi-metis-yayinlari","10":"pa_yazar-john-berger","12":"first","13":"instock","14":"sale","15":"shipping-taxable","16":"purchasable","17":"product-type-simple"},"_links":{"self":[{"href":"https:\/\/roveyayinevi.com.tr\/index.php\/wp-json\/wp\/v2\/product\/691195","targetHints":{"allow":["GET"]}}],"collection":[{"href":"https:\/\/roveyayinevi.com.tr\/index.php\/wp-json\/wp\/v2\/product"}],"about":[{"href":"https:\/\/roveyayinevi.com.tr\/index.php\/wp-json\/wp\/v2\/types\/product"}],"wp:attachment":[{"href":"https:\/\/roveyayinevi.com.tr\/index.php\/wp-json\/wp\/v2\/media?parent=691195"}],"wp:term":[{"taxonomy":"product_brand","embeddable":true,"href":"https:\/\/roveyayinevi.com.tr\/index.php\/wp-json\/wp\/v2\/product_brand?post=691195"},{"taxonomy":"product_cat","embeddable":true,"href":"https:\/\/roveyayinevi.com.tr\/index.php\/wp-json\/wp\/v2\/product_cat?post=691195"},{"taxonomy":"product_tag","embeddable":true,"href":"https:\/\/roveyayinevi.com.tr\/index.php\/wp-json\/wp\/v2\/product_tag?post=691195"}],"curies":[{"name":"wp","href":"https:\/\/api.w.org\/{rel}","templated":true}]}}