{"id":691194,"date":"2025-08-27T13:56:28","date_gmt":"2025-08-27T10:56:28","guid":{"rendered":"https:\/\/roveyayinevi.com.tr\/index.php\/urun\/tanrinin-unutulan-cocuklari\/"},"modified":"2026-04-16T02:00:45","modified_gmt":"2026-04-15T23:00:45","slug":"tanrinin-unutulan-cocuklari","status":"publish","type":"product","link":"https:\/\/roveyayinevi.com.tr\/index.php\/urun\/tanrinin-unutulan-cocuklari\/","title":{"rendered":"Tanr\u0131n\u0131n Unutulan \u00c7ocuklar\u0131"},"content":{"rendered":"<p>Hayat bir piyangodur: \u015eansl\u0131 olan kazan\u0131r, \u015fanss\u0131zlar ise Tanr\u0131\u2019n\u0131n Unutulan \u00c7ocuklar\u0131\u2019d\u0131r&#8230;   \u201cPencereme gelmi\u015fti. Nedenini bilmiyorum ama gelmi\u015fti i\u015fte. Belki ba\u015f\u0131 dertteydi. Belki de gidecek ba\u015fka yeri yoktu\u2026\u201d   S\u0131cak bir yaz gecesi beklenmeyen bir misafirin penceresini t\u0131klatmas\u0131yla Charlie\u2019nin s\u0131radan hayat\u0131 tamamen de\u011fi\u015fir \u00e7\u00fcnk\u00fc toplum d\u0131\u015f\u0131na itilmi\u015f tuhaf misafirin kimseye s\u00f6ylemedi\u011fi bir s\u0131rr\u0131 vard\u0131r.   Ya\u015famlar\u0131, hayata bak\u0131\u015flar\u0131 ve imk\u00e2nlar\u0131yla birbirinin z\u0131tt\u0131 gibi g\u00f6r\u00fcnen bu iki \u00e7ocuk toplumun duyars\u0131zl\u0131klar\u0131na, \u00f6nyarg\u0131lar\u0131na, ba\u011fnazl\u0131klar\u0131na kar\u015f\u0131 duran b\u00fcy\u00fck bir dostlu\u011fun da ba\u015fkahramanlar\u0131d\u0131r. Bu k\u00fc\u00e7\u00fck bedenler i\u00e7in hayat bir daha eskisi gibi olmayacakt\u0131r.   Okuruna \u00f6nemli sorular soran, gen\u00e7-yeti\u015fkin herkesin tan\u0131\u015fmas\u0131 gereken, g\u00fc\u00e7l\u00fc bir roman. \u00c7ocuklu\u011fun saf masumiyetine s\u0131ms\u0131k\u0131 sar\u0131lan bu kahramanlar kimseyi hayal k\u0131r\u0131kl\u0131\u011f\u0131na u\u011fratmayacak!<\/p>\n","protected":false},"excerpt":{"rendered":"<p>Hayat bir piyangodur: \u015eansl\u0131 olan kazan\u0131r, \u015fanss\u0131zlar ise Tanr\u0131\u2019n\u0131n Unutulan \u00c7ocuklar\u0131\u2019d\u0131r&#8230; \u201cPencereme gelmi\u015fti. Nedenini bilmiyorum ama gelmi\u015fti i\u015fte. Belki ba\u015f\u0131 dertteydi. Belki de gidecek ba\u015fka yeri<span class=\"excerpt-hellip\"> [\u2026]<\/span><\/p>\n","protected":false},"featured_media":0,"template":"","meta":{"_monsterinsights_skip_tracking":false,"_monsterinsights_sitenote_active":false,"_monsterinsights_sitenote_note":"","_monsterinsights_sitenote_category":0},"product_brand":[],"product_cat":[13661,12291],"product_tag":[],"class_list":{"0":"post-691194","1":"product","2":"type-product","3":"status-publish","5":"product_cat-diger-ulke-edebiyatlari","6":"product_cat-edebiyat","7":"pa_cilt-ciltsiz","8":"pa_tur-kitap","9":"pa_yayinevi-marti-yayinlari","10":"pa_yazar-craig-silvey","12":"first","13":"instock","14":"sale","15":"shipping-taxable","16":"purchasable","17":"product-type-simple"},"_links":{"self":[{"href":"https:\/\/roveyayinevi.com.tr\/index.php\/wp-json\/wp\/v2\/product\/691194","targetHints":{"allow":["GET"]}}],"collection":[{"href":"https:\/\/roveyayinevi.com.tr\/index.php\/wp-json\/wp\/v2\/product"}],"about":[{"href":"https:\/\/roveyayinevi.com.tr\/index.php\/wp-json\/wp\/v2\/types\/product"}],"wp:attachment":[{"href":"https:\/\/roveyayinevi.com.tr\/index.php\/wp-json\/wp\/v2\/media?parent=691194"}],"wp:term":[{"taxonomy":"product_brand","embeddable":true,"href":"https:\/\/roveyayinevi.com.tr\/index.php\/wp-json\/wp\/v2\/product_brand?post=691194"},{"taxonomy":"product_cat","embeddable":true,"href":"https:\/\/roveyayinevi.com.tr\/index.php\/wp-json\/wp\/v2\/product_cat?post=691194"},{"taxonomy":"product_tag","embeddable":true,"href":"https:\/\/roveyayinevi.com.tr\/index.php\/wp-json\/wp\/v2\/product_tag?post=691194"}],"curies":[{"name":"wp","href":"https:\/\/api.w.org\/{rel}","templated":true}]}}