{"id":691193,"date":"2025-08-27T13:56:28","date_gmt":"2025-08-27T10:56:28","guid":{"rendered":"https:\/\/roveyayinevi.com.tr\/index.php\/urun\/suc-detayda-saklidir-sherlock-holmes\/"},"modified":"2026-04-16T02:00:45","modified_gmt":"2026-04-15T23:00:45","slug":"suc-detayda-saklidir-sherlock-holmes","status":"publish","type":"product","link":"https:\/\/roveyayinevi.com.tr\/index.php\/urun\/suc-detayda-saklidir-sherlock-holmes\/","title":{"rendered":"Su\u00e7 Detayda Sakl\u0131d\u0131r &#8211; Sherlock Holmes"},"content":{"rendered":"<p>Bir kad\u0131n\u0131n sezgileri bazen en mant\u0131kl\u0131 \u00e7\u0131kar\u0131mlardan bile daha de\u011ferli olabilir. Karma\u015f\u0131k beyinleriyle art arda s\u0131ralad\u0131klar\u0131 senaryolar\u0131 mutlaka dikkate al\u0131n. Bunlar sizi hi\u00e7 tahmin etmedi\u011finiz sonu\u00e7lara ula\u015ft\u0131rd\u0131\u011f\u0131nda hakl\u0131 oldu\u011fumu anlayacaks\u0131n\u0131z. -Sherlock Holmes- D\u00fcnyaca \u00fcnl\u00fc dedektif Sherlock Holmes, kendine \u00f6zg\u00fc karakteri ve ya\u015fad\u0131\u011f\u0131 birbirinden farkl\u0131 maceralar\u0131yla y\u0131llard\u0131r okurlar\u0131 etkisi alt\u0131nda tutmaya devam ediyor. Toplam 56 \u00e7arp\u0131c\u0131 hik\u00e2yeden olu\u015fan serinin ilgiyle kar\u015f\u0131lanan ilk kitab\u0131 Ak\u0131l Oyunlar\u0131n\u0131n G\u00f6lgesi\u2019nden sonra, serinin ikinci kitab\u0131 Su\u00e7 Detayda Sakl\u0131d\u0131r\u2019\u0131n bitmesini istemeyeceksiniz. \u0130yi bir g\u00f6zlemci tek bir ipucuna ula\u015ft\u0131\u011f\u0131nda sadece olanlar\u0131 de\u011fil, ileride olabilecekleri de g\u00f6rmelidir. -Sherlock Holmes- \ufffcTan\u0131t\u0131m Metni<\/p>\n","protected":false},"excerpt":{"rendered":"<p>Bir kad\u0131n\u0131n sezgileri bazen en mant\u0131kl\u0131 \u00e7\u0131kar\u0131mlardan bile daha de\u011ferli olabilir. Karma\u015f\u0131k beyinleriyle art arda s\u0131ralad\u0131klar\u0131 senaryolar\u0131 mutlaka dikkate al\u0131n. Bunlar sizi hi\u00e7 tahmin etmedi\u011finiz sonu\u00e7lara<span class=\"excerpt-hellip\"> [\u2026]<\/span><\/p>\n","protected":false},"featured_media":0,"template":"","meta":{"_monsterinsights_skip_tracking":false,"_monsterinsights_sitenote_active":false,"_monsterinsights_sitenote_note":"","_monsterinsights_sitenote_category":0},"product_brand":[],"product_cat":[12291,12866],"product_tag":[],"class_list":{"0":"post-691193","1":"product","2":"type-product","3":"status-publish","5":"product_cat-edebiyat","6":"product_cat-ingiliz-edebiyati","7":"pa_tur-kitap","8":"pa_yayinevi-marti-yayinlari","9":"pa_yazar-sir-arthur-conan-doyle","11":"first","12":"instock","13":"sale","14":"shipping-taxable","15":"purchasable","16":"product-type-simple"},"_links":{"self":[{"href":"https:\/\/roveyayinevi.com.tr\/index.php\/wp-json\/wp\/v2\/product\/691193","targetHints":{"allow":["GET"]}}],"collection":[{"href":"https:\/\/roveyayinevi.com.tr\/index.php\/wp-json\/wp\/v2\/product"}],"about":[{"href":"https:\/\/roveyayinevi.com.tr\/index.php\/wp-json\/wp\/v2\/types\/product"}],"wp:attachment":[{"href":"https:\/\/roveyayinevi.com.tr\/index.php\/wp-json\/wp\/v2\/media?parent=691193"}],"wp:term":[{"taxonomy":"product_brand","embeddable":true,"href":"https:\/\/roveyayinevi.com.tr\/index.php\/wp-json\/wp\/v2\/product_brand?post=691193"},{"taxonomy":"product_cat","embeddable":true,"href":"https:\/\/roveyayinevi.com.tr\/index.php\/wp-json\/wp\/v2\/product_cat?post=691193"},{"taxonomy":"product_tag","embeddable":true,"href":"https:\/\/roveyayinevi.com.tr\/index.php\/wp-json\/wp\/v2\/product_tag?post=691193"}],"curies":[{"name":"wp","href":"https:\/\/api.w.org\/{rel}","templated":true}]}}