{"id":691183,"date":"2025-08-27T13:56:26","date_gmt":"2025-08-27T10:56:26","guid":{"rendered":"https:\/\/roveyayinevi.com.tr\/index.php\/urun\/kalpten-kalbe-terapi-mektuplari\/"},"modified":"2026-04-16T02:00:45","modified_gmt":"2026-04-15T23:00:45","slug":"kalpten-kalbe-terapi-mektuplari","status":"publish","type":"product","link":"https:\/\/roveyayinevi.com.tr\/index.php\/urun\/kalpten-kalbe-terapi-mektuplari\/","title":{"rendered":"Kalpten Kalbe Terapi Mektuplar\u0131"},"content":{"rendered":"<p>Vehbi Vakkaso\u011flu, Sevgi merkezli e\u011fitim projesine g\u00f6n\u00fcl verdi. Gen\u00e7lerle hemhal oldu, kayna\u015ft\u0131, g\u00f6n\u00fcllere girdi. Kalbe giremeyenin kafaya da giremeyece\u011fine inand\u0131. Yolu gurbete d\u00fc\u015ft\u00fc\u011f\u00fcnde de, gen\u00e7lerden kopmad\u0131. Y\u00fcre\u011fini mektuplara y\u00fckledi. Sat\u0131rlarda payla\u015ft\u0131 derdi, h\u00fczn\u00fc, sevinci&#8230; Beraber a\u011flad\u0131, birlikte g\u00fcld\u00fc. \u015eimdi, yeti\u015ftirdikleri yeti\u015ftiriyor. Mektep olmu\u015f mektuplar meyvesini veriyor&#8230; <\/p>\n","protected":false},"excerpt":{"rendered":"<p>Vehbi Vakkaso\u011flu, Sevgi merkezli e\u011fitim projesine g\u00f6n\u00fcl verdi. Gen\u00e7lerle hemhal oldu, kayna\u015ft\u0131, g\u00f6n\u00fcllere girdi. Kalbe giremeyenin kafaya da giremeyece\u011fine inand\u0131. Yolu gurbete d\u00fc\u015ft\u00fc\u011f\u00fcnde de, gen\u00e7lerden kopmad\u0131.<span class=\"excerpt-hellip\"> [\u2026]<\/span><\/p>\n","protected":false},"featured_media":0,"template":"","meta":{"_monsterinsights_skip_tracking":false,"_monsterinsights_sitenote_active":false,"_monsterinsights_sitenote_note":"","_monsterinsights_sitenote_category":0},"product_brand":[],"product_cat":[12718,18102,12719],"product_tag":[],"class_list":{"0":"post-691183","1":"product","2":"type-product","3":"status-publish","5":"product_cat-din","6":"product_cat-edebiyat-roman","7":"product_cat-islam","8":"pa_tur-kitap","9":"pa_yayinevi-nesil-yayinlari","10":"pa_yazar-vehbi-vakkasoglu","12":"first","13":"instock","14":"sale","15":"shipping-taxable","16":"purchasable","17":"product-type-simple"},"_links":{"self":[{"href":"https:\/\/roveyayinevi.com.tr\/index.php\/wp-json\/wp\/v2\/product\/691183","targetHints":{"allow":["GET"]}}],"collection":[{"href":"https:\/\/roveyayinevi.com.tr\/index.php\/wp-json\/wp\/v2\/product"}],"about":[{"href":"https:\/\/roveyayinevi.com.tr\/index.php\/wp-json\/wp\/v2\/types\/product"}],"wp:attachment":[{"href":"https:\/\/roveyayinevi.com.tr\/index.php\/wp-json\/wp\/v2\/media?parent=691183"}],"wp:term":[{"taxonomy":"product_brand","embeddable":true,"href":"https:\/\/roveyayinevi.com.tr\/index.php\/wp-json\/wp\/v2\/product_brand?post=691183"},{"taxonomy":"product_cat","embeddable":true,"href":"https:\/\/roveyayinevi.com.tr\/index.php\/wp-json\/wp\/v2\/product_cat?post=691183"},{"taxonomy":"product_tag","embeddable":true,"href":"https:\/\/roveyayinevi.com.tr\/index.php\/wp-json\/wp\/v2\/product_tag?post=691183"}],"curies":[{"name":"wp","href":"https:\/\/api.w.org\/{rel}","templated":true}]}}